{"id":3842,"date":"2020-03-25T15:26:26","date_gmt":"2020-03-25T15:26:26","guid":{"rendered":"https:\/\/van-beek.nl\/schluesselfertige-projekte\/"},"modified":"2021-06-14T14:18:49","modified_gmt":"2021-06-14T14:18:49","slug":"schluesselfertige-projekte","status":"publish","type":"page","link":"https:\/\/www.van-beek.nl\/de\/schneckenfoerderer\/schluesselfertige-projekte\/","title":{"rendered":"Schl\u00fcsselfertige Projekte"},"content":{"rendered":"<p><strong>Wir k\u00f6nnen die Projekte mit Schneckenf\u00f6rderern zum Handling und zur Verarbeitung von Masseng\u00fctern komplett ausf\u00fchren, vom Testen der Flie\u00dfeigenschaften eines Stoffs \u00fcber die Montage und Wartung Ihrer Schneckenf\u00f6rderanlagen, wobei dies von der entsprechenden Dokumentation begleitet wird.<\/strong><\/p>\n<h2>Schl\u00fcsselfertige Projekte f\u00fcr den Transport per Schneckenf\u00f6rderer<\/h2>\n<p>Die Chemie-, Pharma-, Lebensmittel- und Recyclingindustrie k\u00f6nnen sich auf \u00fcber 50 Jahre Know-how und Erfahrung mit Schneckenf\u00f6rderern zum Transport von Pulvern, K\u00f6rnern, Flocken und Granulat verlassen. Wir kennen das Verhalten von Feststoffen und wissen, welche Anforderungen f\u00fcr Produktionsverfahren gelten. Unsere Produkte sind auf sie abgestimmt und werden immer individuell gefertigt.<\/p>\n<h3>L\u00f6sungen von A bis Z<\/h3>\n<p>Wir konzipieren und gestalten die L\u00f6sung f\u00fcr Ihre Fragen, Probleme oder \u00c4nderung der Prozesse bez\u00fcglich des innerbetrieblichen Massenguttransports oder der Verarbeitung ihrer Produkte. Auf Wunsch installieren wir unsere Anlagen einschlie\u00dflich der Steuerung sodass Sie auf Knopfdruck loslegen k\u00f6nnen. M\u00f6chten Sie mehr \u00fcber unsere schl\u00fcsselfertigen L\u00f6sungen erfahren? Schauen Sie dann unsere <a href=\"\/de\/nachrichten\/\">Fallstudien und die Erfahrungen anderer Benutzer<\/a> durch.<\/p>\n<h2>Das Testen des Flie\u00dfverhaltens von trockenem Sch\u00fcttgut<\/h2>\n<p>Die Sicherheit \u00fcber das Verhalten Ihrer Produkte w\u00e4hrend des Transports und die ben\u00f6tigten Maschinen in Ihrer Produktionslinie erhalten Sie mittels Tests. Unser Testzentrum <a href=\"\/kennis\/testcentrum-the-blue-zone\/\">The Blue Zone<\/a> bietet diese M\u00f6glichkeit. Wir f\u00fchren Tests mit dem zu verarbeitenden Material durch, um die Konstruktion optimal darauf abstimmen zu k\u00f6nnen. Sie k\u00f6nnen auch selbst Tests durchf\u00fchren. Wir bieten dazu mobile Testanlagen, die auch bei Ihnen vor Ort eingesetzt werden k\u00f6nnen. Gegebenenfalls unterst\u00fctzt Sie unser F&amp;E-Ingenieur gerne dabei.<\/p>\n<h2>Optimierung von Produktionslinien mit Schneckenf\u00f6rderern<\/h2>\n<p>F\u00f6rderschnecken, die Ihr Produkt wiegen, sieben, komprimieren, puffern, heizen oder k\u00fchlen, k\u00f6nnen Ihr Produktionsverfahren automatisieren und beschleunigen. Die erforderlichen Schneckenf\u00f6rderer k\u00f6nnen problemlos aufeinander und auf Ihre Verfahren abgestimmt werden.<\/p>\n<h2>Schl\u00fcsselfertige Projekte f\u00fcr die optimale Fertigung<\/h2>\n<p>Schneckenf\u00f6rderer erm\u00f6glichen die \u00dcberbr\u00fcckung von Abst\u00e4nden bei geringem Raumbedarf, die Verarbeitung Ihrer Produkte bei hohen Temperaturen und die Einhaltung strenger Hygieneanforderungen. Gerade deshalb beteiligen wir uns bereits in einem fr\u00fchen Stadium an der Planung Ihrer (neuen) Produktionsanlagen oder der Optimierung oder Erneuerung Ihrer Fertigungslinie.<\/p>\n<h2>Schnelle Baumusterpr\u00fcfbescheinigung ATEX Kategorie 1<\/h2>\n<p>Erzielen Sie eine schnelle Zulassung einer ATEX Kategorie 1 Anlage, indem Sie mit uns zusammenarbeiten. F\u00fcr einen Gro\u00dfteil der von uns hergestellten Maschinen f\u00fcr die Kategorie 1 wurde uns von der notifizierten Stelle <a href=\"https:\/\/www.tuv.com\/world\/en\/explosion-protection.html\">T\u00dcV-Rheinland<\/a> eine <a href=\"\/de\/ueber-uns\/atex-baumusterpruefbescheinigung-van-beek\/\">ATEX Baumusterpr\u00fcfbescheinigung<\/a> ausgestellt. Sie sparen so Zeit und Kosten.<\/p>\n<h2>Komplette technische Dokumentation jederzeit verf\u00fcgbar<\/h2>\n<p>Die aktuellen, deutlichen und kompletten Betriebsanleitungen, Vorschriften, Zeichnungen, Ersatzteillisten Ihrer Maschine sind auch Jahre nach der Lieferung von Schneckenf\u00f6rderanlagen durch uns rund um die Uhr verf\u00fcgbar. Dies gilt auch f\u00fcr eventuelle FDA- und EHEDG-Richtlinien, Werkstoffzertifikate und ATEX-Konformit\u00e4tserkl\u00e4rungen.<\/p>\n<h3>M\u00f6chten Sie mehr \u00fcber unsere schl\u00fcsselfertigen Projekte erfahren? Bitte <a href=\"\/de\/schneckenfoerderer\/kontakt-van-beek\/\">wenden Sie sich dann an uns<\/a>.<\/h3>\n","protected":false},"excerpt":{"rendered":"<p>Wir k\u00f6nnen die Projekte mit Schneckenf\u00f6rderern zum Handling und zur Verarbeitung von Masseng\u00fctern komplett ausf\u00fchren, vom Testen der Flie\u00dfeigenschaften eines Stoffs \u00fcber die Montage und Wartung Ihrer Schneckenf\u00f6rderanlagen, wobei dies von der entsprechenden Dokumentation begleitet wird. Schl\u00fcsselfertige Projekte f\u00fcr den Transport per Schneckenf\u00f6rderer Die Chemie-, Pharma-, Lebensmittel- und Recyclingindustrie k\u00f6nnen sich auf \u00fcber 50 Jahre [&hellip;]<\/p>\n","protected":false},"author":1,"featured_media":0,"parent":3864,"menu_order":0,"comment_status":"closed","ping_status":"closed","template":"","meta":{"_acf_changed":false,"content-type":"","inline_featured_image":false,"footnotes":""},"class_list":["post-3842","page","type-page","status-publish","hentry"],"acf":[],"yoast_head":"<!-- This site is optimized with the Yoast SEO plugin v27.5 - https:\/\/yoast.com\/product\/yoast-seo-wordpress\/ -->\n<title>Schl\u00fcsselfertige Projekte f\u00fcr den Transport per Schneckenf\u00f6rderer | Van Beek<\/title>\n<meta name=\"description\" content=\"Wir k\u00f6nnen die Projekte mit Schneckenf\u00f6rderern zum Handling und zur Verarbeitung von Masseng\u00fctern komplett ausf\u00fchren, von A bis Z.\" \/>\n<meta name=\"robots\" content=\"index, follow, max-snippet:-1, max-image-preview:large, max-video-preview:-1\" \/>\n<link rel=\"canonical\" href=\"https:\/\/www.van-beek.nl\/de\/schneckenfoerderer\/schluesselfertige-projekte\/\" \/>\n<meta property=\"og:locale\" content=\"de_DE\" \/>\n<meta property=\"og:type\" content=\"article\" \/>\n<meta property=\"og:title\" content=\"Schl\u00fcsselfertige Projekte f\u00fcr den Transport per Schneckenf\u00f6rderer | Van Beek\" \/>\n<meta property=\"og:description\" content=\"Wir k\u00f6nnen die Projekte mit Schneckenf\u00f6rderern zum Handling und zur Verarbeitung von Masseng\u00fctern komplett ausf\u00fchren, von A bis Z.\" \/>\n<meta property=\"og:url\" content=\"https:\/\/www.van-beek.nl\/de\/schneckenfoerderer\/schluesselfertige-projekte\/\" \/>\n<meta property=\"og:site_name\" content=\"Van Beek Schroeftransport\" \/>\n<meta property=\"article:modified_time\" content=\"2021-06-14T14:18:49+00:00\" \/>\n<meta name=\"twitter:card\" content=\"summary_large_image\" \/>\n<meta name=\"twitter:label1\" content=\"Gesch\u00e4tzte Lesezeit\" \/>\n\t<meta name=\"twitter:data1\" content=\"2\u00a0Minuten\" \/>\n<script type=\"application\/ld+json\" class=\"yoast-schema-graph\">{\"@context\":\"https:\\\/\\\/schema.org\",\"@graph\":[{\"@type\":\"WebPage\",\"@id\":\"https:\\\/\\\/www.van-beek.nl\\\/de\\\/schneckenfoerderer\\\/schluesselfertige-projekte\\\/\",\"url\":\"https:\\\/\\\/www.van-beek.nl\\\/de\\\/schneckenfoerderer\\\/schluesselfertige-projekte\\\/\",\"name\":\"Schl\u00fcsselfertige Projekte f\u00fcr den Transport per Schneckenf\u00f6rderer | Van Beek\",\"isPartOf\":{\"@id\":\"https:\\\/\\\/www.van-beek.nl\\\/de\\\/#website\"},\"datePublished\":\"2020-03-25T15:26:26+00:00\",\"dateModified\":\"2021-06-14T14:18:49+00:00\",\"description\":\"Wir k\u00f6nnen die Projekte mit Schneckenf\u00f6rderern zum Handling und zur Verarbeitung von Masseng\u00fctern komplett ausf\u00fchren, von A bis Z.\",\"breadcrumb\":{\"@id\":\"https:\\\/\\\/www.van-beek.nl\\\/de\\\/schneckenfoerderer\\\/schluesselfertige-projekte\\\/#breadcrumb\"},\"inLanguage\":\"de\",\"potentialAction\":[{\"@type\":\"ReadAction\",\"target\":[\"https:\\\/\\\/www.van-beek.nl\\\/de\\\/schneckenfoerderer\\\/schluesselfertige-projekte\\\/\"]}]},{\"@type\":\"BreadcrumbList\",\"@id\":\"https:\\\/\\\/www.van-beek.nl\\\/de\\\/schneckenfoerderer\\\/schluesselfertige-projekte\\\/#breadcrumb\",\"itemListElement\":[{\"@type\":\"ListItem\",\"position\":1,\"name\":\"Home\",\"item\":\"https:\\\/\\\/www.van-beek.nl\\\/de\\\/\"},{\"@type\":\"ListItem\",\"position\":2,\"name\":\"Schneckenf\u00f6rderer\",\"item\":\"https:\\\/\\\/www.van-beek.nl\\\/de\\\/schneckenfoerderer\\\/\"},{\"@type\":\"ListItem\",\"position\":3,\"name\":\"Schl\u00fcsselfertige Projekte\"}]},{\"@type\":\"WebSite\",\"@id\":\"https:\\\/\\\/www.van-beek.nl\\\/de\\\/#website\",\"url\":\"https:\\\/\\\/www.van-beek.nl\\\/de\\\/\",\"name\":\"Van Beek Schroeftransport\",\"description\":\"\",\"publisher\":{\"@id\":\"https:\\\/\\\/www.van-beek.nl\\\/de\\\/#organization\"},\"potentialAction\":[{\"@type\":\"SearchAction\",\"target\":{\"@type\":\"EntryPoint\",\"urlTemplate\":\"https:\\\/\\\/www.van-beek.nl\\\/de\\\/?s={search_term_string}\"},\"query-input\":{\"@type\":\"PropertyValueSpecification\",\"valueRequired\":true,\"valueName\":\"search_term_string\"}}],\"inLanguage\":\"de\"},{\"@type\":\"Organization\",\"@id\":\"https:\\\/\\\/www.van-beek.nl\\\/de\\\/#organization\",\"name\":\"Transportschroeven- en machinefabriek Van Beek B.V.\",\"url\":\"https:\\\/\\\/www.van-beek.nl\\\/de\\\/\",\"logo\":{\"@type\":\"ImageObject\",\"inLanguage\":\"de\",\"@id\":\"https:\\\/\\\/www.van-beek.nl\\\/de\\\/#\\\/schema\\\/logo\\\/image\\\/\",\"url\":\"https:\\\/\\\/van-beek.nl\\\/wp-content\\\/uploads\\\/2020\\\/04\\\/VanBeek-logo.png\",\"contentUrl\":\"https:\\\/\\\/van-beek.nl\\\/wp-content\\\/uploads\\\/2020\\\/04\\\/VanBeek-logo.png\",\"width\":116,\"height\":22,\"caption\":\"Transportschroeven- en machinefabriek Van Beek B.V.\"},\"image\":{\"@id\":\"https:\\\/\\\/www.van-beek.nl\\\/de\\\/#\\\/schema\\\/logo\\\/image\\\/\"}}]}<\/script>\n<!-- \/ Yoast SEO plugin. -->","yoast_head_json":{"title":"Schl\u00fcsselfertige Projekte f\u00fcr den Transport per Schneckenf\u00f6rderer | Van Beek","description":"Wir k\u00f6nnen die Projekte mit Schneckenf\u00f6rderern zum Handling und zur Verarbeitung von Masseng\u00fctern komplett ausf\u00fchren, von A bis Z.","robots":{"index":"index","follow":"follow","max-snippet":"max-snippet:-1","max-image-preview":"max-image-preview:large","max-video-preview":"max-video-preview:-1"},"canonical":"https:\/\/www.van-beek.nl\/de\/schneckenfoerderer\/schluesselfertige-projekte\/","og_locale":"de_DE","og_type":"article","og_title":"Schl\u00fcsselfertige Projekte f\u00fcr den Transport per Schneckenf\u00f6rderer | Van Beek","og_description":"Wir k\u00f6nnen die Projekte mit Schneckenf\u00f6rderern zum Handling und zur Verarbeitung von Masseng\u00fctern komplett ausf\u00fchren, von A bis Z.","og_url":"https:\/\/www.van-beek.nl\/de\/schneckenfoerderer\/schluesselfertige-projekte\/","og_site_name":"Van Beek Schroeftransport","article_modified_time":"2021-06-14T14:18:49+00:00","twitter_card":"summary_large_image","twitter_misc":{"Gesch\u00e4tzte Lesezeit":"2\u00a0Minuten"},"schema":{"@context":"https:\/\/schema.org","@graph":[{"@type":"WebPage","@id":"https:\/\/www.van-beek.nl\/de\/schneckenfoerderer\/schluesselfertige-projekte\/","url":"https:\/\/www.van-beek.nl\/de\/schneckenfoerderer\/schluesselfertige-projekte\/","name":"Schl\u00fcsselfertige Projekte f\u00fcr den Transport per Schneckenf\u00f6rderer | Van Beek","isPartOf":{"@id":"https:\/\/www.van-beek.nl\/de\/#website"},"datePublished":"2020-03-25T15:26:26+00:00","dateModified":"2021-06-14T14:18:49+00:00","description":"Wir k\u00f6nnen die Projekte mit Schneckenf\u00f6rderern zum Handling und zur Verarbeitung von Masseng\u00fctern komplett ausf\u00fchren, von A bis Z.","breadcrumb":{"@id":"https:\/\/www.van-beek.nl\/de\/schneckenfoerderer\/schluesselfertige-projekte\/#breadcrumb"},"inLanguage":"de","potentialAction":[{"@type":"ReadAction","target":["https:\/\/www.van-beek.nl\/de\/schneckenfoerderer\/schluesselfertige-projekte\/"]}]},{"@type":"BreadcrumbList","@id":"https:\/\/www.van-beek.nl\/de\/schneckenfoerderer\/schluesselfertige-projekte\/#breadcrumb","itemListElement":[{"@type":"ListItem","position":1,"name":"Home","item":"https:\/\/www.van-beek.nl\/de\/"},{"@type":"ListItem","position":2,"name":"Schneckenf\u00f6rderer","item":"https:\/\/www.van-beek.nl\/de\/schneckenfoerderer\/"},{"@type":"ListItem","position":3,"name":"Schl\u00fcsselfertige Projekte"}]},{"@type":"WebSite","@id":"https:\/\/www.van-beek.nl\/de\/#website","url":"https:\/\/www.van-beek.nl\/de\/","name":"Van Beek Schroeftransport","description":"","publisher":{"@id":"https:\/\/www.van-beek.nl\/de\/#organization"},"potentialAction":[{"@type":"SearchAction","target":{"@type":"EntryPoint","urlTemplate":"https:\/\/www.van-beek.nl\/de\/?s={search_term_string}"},"query-input":{"@type":"PropertyValueSpecification","valueRequired":true,"valueName":"search_term_string"}}],"inLanguage":"de"},{"@type":"Organization","@id":"https:\/\/www.van-beek.nl\/de\/#organization","name":"Transportschroeven- en machinefabriek Van Beek B.V.","url":"https:\/\/www.van-beek.nl\/de\/","logo":{"@type":"ImageObject","inLanguage":"de","@id":"https:\/\/www.van-beek.nl\/de\/#\/schema\/logo\/image\/","url":"https:\/\/van-beek.nl\/wp-content\/uploads\/2020\/04\/VanBeek-logo.png","contentUrl":"https:\/\/van-beek.nl\/wp-content\/uploads\/2020\/04\/VanBeek-logo.png","width":116,"height":22,"caption":"Transportschroeven- en machinefabriek Van Beek B.V."},"image":{"@id":"https:\/\/www.van-beek.nl\/de\/#\/schema\/logo\/image\/"}}]}},"_links":{"self":[{"href":"https:\/\/www.van-beek.nl\/de\/wp-json\/wp\/v2\/pages\/3842","targetHints":{"allow":["GET"]}}],"collection":[{"href":"https:\/\/www.van-beek.nl\/de\/wp-json\/wp\/v2\/pages"}],"about":[{"href":"https:\/\/www.van-beek.nl\/de\/wp-json\/wp\/v2\/types\/page"}],"author":[{"embeddable":true,"href":"https:\/\/www.van-beek.nl\/de\/wp-json\/wp\/v2\/users\/1"}],"replies":[{"embeddable":true,"href":"https:\/\/www.van-beek.nl\/de\/wp-json\/wp\/v2\/comments?post=3842"}],"version-history":[{"count":4,"href":"https:\/\/www.van-beek.nl\/de\/wp-json\/wp\/v2\/pages\/3842\/revisions"}],"predecessor-version":[{"id":8060,"href":"https:\/\/www.van-beek.nl\/de\/wp-json\/wp\/v2\/pages\/3842\/revisions\/8060"}],"up":[{"embeddable":true,"href":"https:\/\/www.van-beek.nl\/de\/wp-json\/wp\/v2\/pages\/3864"}],"wp:attachment":[{"href":"https:\/\/www.van-beek.nl\/de\/wp-json\/wp\/v2\/media?parent=3842"}],"curies":[{"name":"wp","href":"https:\/\/api.w.org\/{rel}","templated":true}]}}