{"id":3847,"date":"2020-03-25T15:33:29","date_gmt":"2020-03-25T15:33:29","guid":{"rendered":"https:\/\/van-beek.nl\/celsius-schneckenwaermetauscher\/kuehlen\/"},"modified":"2021-06-08T13:35:51","modified_gmt":"2021-06-08T13:35:51","slug":"kuehlen","status":"publish","type":"page","link":"https:\/\/www.van-beek.nl\/de\/celsius-schneckenwaermetauscher\/kuehlen\/","title":{"rendered":"K\u00fchlen"},"content":{"rendered":"<p><strong>Van Beek bietet diverse M\u00f6glichkeiten zur K\u00fchlung warmer oder hei\u00dfer Stoffe zur weiteren Verarbeitung.<\/strong><\/p>\n<h2>Indirekte K\u00fchlung<\/h2>\n<p>Der Celsius Schneckenw\u00e4rmetauscher kann zur allm\u00e4hlichen und kontinuierlichen K\u00fchlung eingesetzt werden. Die K\u00fchlung des Feststoffs erfolgt dann indirekt mittels Wasser oder einer Wasser-\/Glykolmischung (Frostschutzmittel). So l\u00e4sst sich eine Temperatur von bis zu -50 Grad Celsius erreichen.<\/p>\n<h2>Direkte K\u00fchlung<\/h2>\n<p>Zur schnellen K\u00fchlung von Feststoffen ist die direkte K\u00fchlung mittels fl\u00fcssigem Stickstoff eine gute L\u00f6sung. Auf diese Weise lassen sich niedrigere Temperaturen erreichen als mit indirekter K\u00fchlung, bis hin zu -175 Grad Celsius. M\u00f6chten Sie mehr \u00fcber die direkte K\u00fchlung mit fl\u00fcssigem Stickstoff erfahren? Gehen Sie dann zur Seite \u00fcber unseren <a href=\"\/de\/celsius-schneckenwaermetauscher\/kuehlen\/stickstoffkuehler\/\">Stickstoffk\u00fchler<\/a>.<\/p>\n<h2>Welches Verfahren ist geeignet?<\/h2>\n<p>Dosieranlagen mit indirekter oder direkter K\u00fchlung? Das h\u00e4ngt in erster Linie ab von:<\/p>\n<ul>\n<li>der gew\u00fcnschten Endtemperatur<\/li>\n<li>der erforderlichen R\u00fcckk\u00fchlgeschwindigkeit<\/li>\n<li>der Verf\u00fcgbarkeit der Wasserzufuhr oder anderer M\u00f6glichkeiten.<\/li>\n<\/ul>\n<p>Wir schaffen gemeinsam mit Ihnen eine \u00dcbersicht \u00fcber Ihre Betriebssituation und die Anforderungen, um die optimale L\u00f6sung zu finden.<\/p>\n<h3>M\u00f6chten Sie mehr \u00fcber die K\u00fchlung von Stoffen mit einem Celsius Schneckenw\u00e4rmetauscher erfahren? <a href=\"\/de\/celsius-schneckenwaermetauscher\/kontakt-celsius\/\">Wenden Sie sich dann an uns<\/a>.<\/h3>\n","protected":false},"excerpt":{"rendered":"<p>Van Beek bietet diverse M\u00f6glichkeiten zur K\u00fchlung warmer oder hei\u00dfer Stoffe zur weiteren Verarbeitung. Indirekte K\u00fchlung Der Celsius Schneckenw\u00e4rmetauscher kann zur allm\u00e4hlichen und kontinuierlichen K\u00fchlung eingesetzt werden. Die K\u00fchlung des Feststoffs erfolgt dann indirekt mittels Wasser oder einer Wasser-\/Glykolmischung (Frostschutzmittel). So l\u00e4sst sich eine Temperatur von bis zu -50 Grad Celsius erreichen. Direkte K\u00fchlung Zur [&hellip;]<\/p>\n","protected":false},"author":1,"featured_media":4389,"parent":3804,"menu_order":1,"comment_status":"closed","ping_status":"closed","template":"","meta":{"_acf_changed":false,"content-type":"","inline_featured_image":false,"footnotes":""},"class_list":["post-3847","page","type-page","status-publish","has-post-thumbnail","hentry"],"acf":[],"yoast_head":"<!-- This site is optimized with the Yoast SEO plugin v27.5 - https:\/\/yoast.com\/product\/yoast-seo-wordpress\/ -->\n<title>K\u00fchlung hei\u00dfer Produkte | Van Beek<\/title>\n<meta name=\"description\" content=\"Mit unseren Celsius Schneckenw\u00e4rmetauschern k\u00f6nnen Sie warme oder hei\u00dfe Stoffe zur weiteren Verarbeitung k\u00fchlen.\" \/>\n<meta name=\"robots\" content=\"index, follow, max-snippet:-1, max-image-preview:large, max-video-preview:-1\" \/>\n<link rel=\"canonical\" href=\"https:\/\/www.van-beek.nl\/de\/celsius-schneckenwaermetauscher\/kuehlen\/\" \/>\n<meta property=\"og:locale\" content=\"de_DE\" \/>\n<meta property=\"og:type\" content=\"article\" \/>\n<meta property=\"og:title\" content=\"K\u00fchlung hei\u00dfer Produkte | Van Beek\" \/>\n<meta property=\"og:description\" content=\"Mit unseren Celsius Schneckenw\u00e4rmetauschern k\u00f6nnen Sie warme oder hei\u00dfe Stoffe zur weiteren Verarbeitung k\u00fchlen.\" \/>\n<meta property=\"og:url\" content=\"https:\/\/www.van-beek.nl\/de\/celsius-schneckenwaermetauscher\/kuehlen\/\" \/>\n<meta property=\"og:site_name\" content=\"Van Beek Schroeftransport\" \/>\n<meta property=\"article:modified_time\" content=\"2021-06-08T13:35:51+00:00\" \/>\n<meta property=\"og:image\" content=\"https:\/\/www.van-beek.nl\/wp-content\/uploads\/2021\/04\/koelschroef_1.png\" \/>\n\t<meta property=\"og:image:width\" content=\"3999\" \/>\n\t<meta property=\"og:image:height\" content=\"1980\" \/>\n\t<meta property=\"og:image:type\" content=\"image\/png\" \/>\n<meta name=\"twitter:card\" content=\"summary_large_image\" \/>\n<meta name=\"twitter:label1\" content=\"Gesch\u00e4tzte Lesezeit\" \/>\n\t<meta name=\"twitter:data1\" content=\"1\u00a0Minute\" \/>\n<script type=\"application\/ld+json\" class=\"yoast-schema-graph\">{\"@context\":\"https:\\\/\\\/schema.org\",\"@graph\":[{\"@type\":\"WebPage\",\"@id\":\"https:\\\/\\\/www.van-beek.nl\\\/de\\\/celsius-schneckenwaermetauscher\\\/kuehlen\\\/\",\"url\":\"https:\\\/\\\/www.van-beek.nl\\\/de\\\/celsius-schneckenwaermetauscher\\\/kuehlen\\\/\",\"name\":\"K\u00fchlung hei\u00dfer Produkte | Van Beek\",\"isPartOf\":{\"@id\":\"https:\\\/\\\/www.van-beek.nl\\\/de\\\/#website\"},\"primaryImageOfPage\":{\"@id\":\"https:\\\/\\\/www.van-beek.nl\\\/de\\\/celsius-schneckenwaermetauscher\\\/kuehlen\\\/#primaryimage\"},\"image\":{\"@id\":\"https:\\\/\\\/www.van-beek.nl\\\/de\\\/celsius-schneckenwaermetauscher\\\/kuehlen\\\/#primaryimage\"},\"thumbnailUrl\":\"https:\\\/\\\/www.van-beek.nl\\\/wp-content\\\/uploads\\\/2021\\\/04\\\/koelschroef_1.png\",\"datePublished\":\"2020-03-25T15:33:29+00:00\",\"dateModified\":\"2021-06-08T13:35:51+00:00\",\"description\":\"Mit unseren Celsius Schneckenw\u00e4rmetauschern k\u00f6nnen Sie warme oder hei\u00dfe Stoffe zur weiteren Verarbeitung k\u00fchlen.\",\"breadcrumb\":{\"@id\":\"https:\\\/\\\/www.van-beek.nl\\\/de\\\/celsius-schneckenwaermetauscher\\\/kuehlen\\\/#breadcrumb\"},\"inLanguage\":\"de\",\"potentialAction\":[{\"@type\":\"ReadAction\",\"target\":[\"https:\\\/\\\/www.van-beek.nl\\\/de\\\/celsius-schneckenwaermetauscher\\\/kuehlen\\\/\"]}]},{\"@type\":\"ImageObject\",\"inLanguage\":\"de\",\"@id\":\"https:\\\/\\\/www.van-beek.nl\\\/de\\\/celsius-schneckenwaermetauscher\\\/kuehlen\\\/#primaryimage\",\"url\":\"https:\\\/\\\/www.van-beek.nl\\\/wp-content\\\/uploads\\\/2021\\\/04\\\/koelschroef_1.png\",\"contentUrl\":\"https:\\\/\\\/www.van-beek.nl\\\/wp-content\\\/uploads\\\/2021\\\/04\\\/koelschroef_1.png\",\"width\":3999,\"height\":1980,\"caption\":\"Koelschroef voor het koelen van hete en warme producten\"},{\"@type\":\"BreadcrumbList\",\"@id\":\"https:\\\/\\\/www.van-beek.nl\\\/de\\\/celsius-schneckenwaermetauscher\\\/kuehlen\\\/#breadcrumb\",\"itemListElement\":[{\"@type\":\"ListItem\",\"position\":1,\"name\":\"Home\",\"item\":\"https:\\\/\\\/www.van-beek.nl\\\/de\\\/\"},{\"@type\":\"ListItem\",\"position\":2,\"name\":\"Celsius Schneckenw\u00e4rmetauscher\",\"item\":\"https:\\\/\\\/www.van-beek.nl\\\/de\\\/celsius-schneckenwaermetauscher\\\/\"},{\"@type\":\"ListItem\",\"position\":3,\"name\":\"K\u00fchlen\"}]},{\"@type\":\"WebSite\",\"@id\":\"https:\\\/\\\/www.van-beek.nl\\\/de\\\/#website\",\"url\":\"https:\\\/\\\/www.van-beek.nl\\\/de\\\/\",\"name\":\"Van Beek Schroeftransport\",\"description\":\"\",\"publisher\":{\"@id\":\"https:\\\/\\\/www.van-beek.nl\\\/de\\\/#organization\"},\"potentialAction\":[{\"@type\":\"SearchAction\",\"target\":{\"@type\":\"EntryPoint\",\"urlTemplate\":\"https:\\\/\\\/www.van-beek.nl\\\/de\\\/?s={search_term_string}\"},\"query-input\":{\"@type\":\"PropertyValueSpecification\",\"valueRequired\":true,\"valueName\":\"search_term_string\"}}],\"inLanguage\":\"de\"},{\"@type\":\"Organization\",\"@id\":\"https:\\\/\\\/www.van-beek.nl\\\/de\\\/#organization\",\"name\":\"Transportschroeven- en machinefabriek Van Beek B.V.\",\"url\":\"https:\\\/\\\/www.van-beek.nl\\\/de\\\/\",\"logo\":{\"@type\":\"ImageObject\",\"inLanguage\":\"de\",\"@id\":\"https:\\\/\\\/www.van-beek.nl\\\/de\\\/#\\\/schema\\\/logo\\\/image\\\/\",\"url\":\"https:\\\/\\\/van-beek.nl\\\/wp-content\\\/uploads\\\/2020\\\/04\\\/VanBeek-logo.png\",\"contentUrl\":\"https:\\\/\\\/van-beek.nl\\\/wp-content\\\/uploads\\\/2020\\\/04\\\/VanBeek-logo.png\",\"width\":116,\"height\":22,\"caption\":\"Transportschroeven- en machinefabriek Van Beek B.V.\"},\"image\":{\"@id\":\"https:\\\/\\\/www.van-beek.nl\\\/de\\\/#\\\/schema\\\/logo\\\/image\\\/\"}}]}<\/script>\n<!-- \/ Yoast SEO plugin. -->","yoast_head_json":{"title":"K\u00fchlung hei\u00dfer Produkte | Van Beek","description":"Mit unseren Celsius Schneckenw\u00e4rmetauschern k\u00f6nnen Sie warme oder hei\u00dfe Stoffe zur weiteren Verarbeitung k\u00fchlen.","robots":{"index":"index","follow":"follow","max-snippet":"max-snippet:-1","max-image-preview":"max-image-preview:large","max-video-preview":"max-video-preview:-1"},"canonical":"https:\/\/www.van-beek.nl\/de\/celsius-schneckenwaermetauscher\/kuehlen\/","og_locale":"de_DE","og_type":"article","og_title":"K\u00fchlung hei\u00dfer Produkte | Van Beek","og_description":"Mit unseren Celsius Schneckenw\u00e4rmetauschern k\u00f6nnen Sie warme oder hei\u00dfe Stoffe zur weiteren Verarbeitung k\u00fchlen.","og_url":"https:\/\/www.van-beek.nl\/de\/celsius-schneckenwaermetauscher\/kuehlen\/","og_site_name":"Van Beek Schroeftransport","article_modified_time":"2021-06-08T13:35:51+00:00","og_image":[{"width":3999,"height":1980,"url":"https:\/\/www.van-beek.nl\/wp-content\/uploads\/2021\/04\/koelschroef_1.png","type":"image\/png"}],"twitter_card":"summary_large_image","twitter_misc":{"Gesch\u00e4tzte Lesezeit":"1\u00a0Minute"},"schema":{"@context":"https:\/\/schema.org","@graph":[{"@type":"WebPage","@id":"https:\/\/www.van-beek.nl\/de\/celsius-schneckenwaermetauscher\/kuehlen\/","url":"https:\/\/www.van-beek.nl\/de\/celsius-schneckenwaermetauscher\/kuehlen\/","name":"K\u00fchlung hei\u00dfer Produkte | Van Beek","isPartOf":{"@id":"https:\/\/www.van-beek.nl\/de\/#website"},"primaryImageOfPage":{"@id":"https:\/\/www.van-beek.nl\/de\/celsius-schneckenwaermetauscher\/kuehlen\/#primaryimage"},"image":{"@id":"https:\/\/www.van-beek.nl\/de\/celsius-schneckenwaermetauscher\/kuehlen\/#primaryimage"},"thumbnailUrl":"https:\/\/www.van-beek.nl\/wp-content\/uploads\/2021\/04\/koelschroef_1.png","datePublished":"2020-03-25T15:33:29+00:00","dateModified":"2021-06-08T13:35:51+00:00","description":"Mit unseren Celsius Schneckenw\u00e4rmetauschern k\u00f6nnen Sie warme oder hei\u00dfe Stoffe zur weiteren Verarbeitung k\u00fchlen.","breadcrumb":{"@id":"https:\/\/www.van-beek.nl\/de\/celsius-schneckenwaermetauscher\/kuehlen\/#breadcrumb"},"inLanguage":"de","potentialAction":[{"@type":"ReadAction","target":["https:\/\/www.van-beek.nl\/de\/celsius-schneckenwaermetauscher\/kuehlen\/"]}]},{"@type":"ImageObject","inLanguage":"de","@id":"https:\/\/www.van-beek.nl\/de\/celsius-schneckenwaermetauscher\/kuehlen\/#primaryimage","url":"https:\/\/www.van-beek.nl\/wp-content\/uploads\/2021\/04\/koelschroef_1.png","contentUrl":"https:\/\/www.van-beek.nl\/wp-content\/uploads\/2021\/04\/koelschroef_1.png","width":3999,"height":1980,"caption":"Koelschroef voor het koelen van hete en warme producten"},{"@type":"BreadcrumbList","@id":"https:\/\/www.van-beek.nl\/de\/celsius-schneckenwaermetauscher\/kuehlen\/#breadcrumb","itemListElement":[{"@type":"ListItem","position":1,"name":"Home","item":"https:\/\/www.van-beek.nl\/de\/"},{"@type":"ListItem","position":2,"name":"Celsius Schneckenw\u00e4rmetauscher","item":"https:\/\/www.van-beek.nl\/de\/celsius-schneckenwaermetauscher\/"},{"@type":"ListItem","position":3,"name":"K\u00fchlen"}]},{"@type":"WebSite","@id":"https:\/\/www.van-beek.nl\/de\/#website","url":"https:\/\/www.van-beek.nl\/de\/","name":"Van Beek Schroeftransport","description":"","publisher":{"@id":"https:\/\/www.van-beek.nl\/de\/#organization"},"potentialAction":[{"@type":"SearchAction","target":{"@type":"EntryPoint","urlTemplate":"https:\/\/www.van-beek.nl\/de\/?s={search_term_string}"},"query-input":{"@type":"PropertyValueSpecification","valueRequired":true,"valueName":"search_term_string"}}],"inLanguage":"de"},{"@type":"Organization","@id":"https:\/\/www.van-beek.nl\/de\/#organization","name":"Transportschroeven- en machinefabriek Van Beek B.V.","url":"https:\/\/www.van-beek.nl\/de\/","logo":{"@type":"ImageObject","inLanguage":"de","@id":"https:\/\/www.van-beek.nl\/de\/#\/schema\/logo\/image\/","url":"https:\/\/van-beek.nl\/wp-content\/uploads\/2020\/04\/VanBeek-logo.png","contentUrl":"https:\/\/van-beek.nl\/wp-content\/uploads\/2020\/04\/VanBeek-logo.png","width":116,"height":22,"caption":"Transportschroeven- en machinefabriek Van Beek B.V."},"image":{"@id":"https:\/\/www.van-beek.nl\/de\/#\/schema\/logo\/image\/"}}]}},"_links":{"self":[{"href":"https:\/\/www.van-beek.nl\/de\/wp-json\/wp\/v2\/pages\/3847","targetHints":{"allow":["GET"]}}],"collection":[{"href":"https:\/\/www.van-beek.nl\/de\/wp-json\/wp\/v2\/pages"}],"about":[{"href":"https:\/\/www.van-beek.nl\/de\/wp-json\/wp\/v2\/types\/page"}],"author":[{"embeddable":true,"href":"https:\/\/www.van-beek.nl\/de\/wp-json\/wp\/v2\/users\/1"}],"replies":[{"embeddable":true,"href":"https:\/\/www.van-beek.nl\/de\/wp-json\/wp\/v2\/comments?post=3847"}],"version-history":[{"count":4,"href":"https:\/\/www.van-beek.nl\/de\/wp-json\/wp\/v2\/pages\/3847\/revisions"}],"predecessor-version":[{"id":8006,"href":"https:\/\/www.van-beek.nl\/de\/wp-json\/wp\/v2\/pages\/3847\/revisions\/8006"}],"up":[{"embeddable":true,"href":"https:\/\/www.van-beek.nl\/de\/wp-json\/wp\/v2\/pages\/3804"}],"wp:featuredmedia":[{"embeddable":true,"href":"https:\/\/www.van-beek.nl\/de\/wp-json\/wp\/v2\/media\/4389"}],"wp:attachment":[{"href":"https:\/\/www.van-beek.nl\/de\/wp-json\/wp\/v2\/media?parent=3847"}],"curies":[{"name":"wp","href":"https:\/\/api.w.org\/{rel}","templated":true}]}}