{"id":3848,"date":"2020-03-25T15:33:45","date_gmt":"2020-03-25T15:33:45","guid":{"rendered":"https:\/\/van-beek.nl\/celsius-schneckenwaermetauscher\/heizen\/"},"modified":"2021-06-08T12:34:28","modified_gmt":"2021-06-08T12:34:28","slug":"heizen","status":"publish","type":"page","link":"https:\/\/www.van-beek.nl\/de\/celsius-schneckenwaermetauscher\/heizen\/","title":{"rendered":"Heizen"},"content":{"rendered":"<p><strong>Celsius Schneckenw\u00e4rmetauscher sind f\u00fcr die indirekte Heizung von Feststoffen zur weiteren Verarbeitung einsetzbar.<\/strong><\/p>\n<h2>Indirekte oder direkte Heizung?<\/h2>\n<p>Ist bereits Warmwasser verf\u00fcgbar, das einfach entnommen und wieder zur\u00fcckgeleitet werden kann? Ist eine schnelle oder eher allm\u00e4hliche Aufw\u00e4rmung erw\u00fcnscht? Ist eine gleichm\u00e4\u00dfige oder oberfl\u00e4chliche Aufw\u00e4rmung erw\u00fcnscht? Ist eine eventuelle Staubentwicklung akzeptierbar? Muss ein H\u00f6hentransport erfolgen? Unter anderem diese Aspekte sind entscheidend bei der Wahl zwischen direkter und indirekter Heizung. Schneckenw\u00e4rmetauscher eignen sich nur f\u00fcr die indirekte Heizung.<\/p>\n<h2>Indirekt auf hohe Temperaturen aufheizen<\/h2>\n<p>Mittels indirekter Heizung mit Wasser k\u00f6nnen Temperaturen bis zu 100 Grad Celsius, mit thermischem \u00d6l bis zu 290 Grad Celsius erzielt werden.<\/p>\n<h2>Sicherheit wird gro\u00dfgeschrieben<\/h2>\n<p>Die Sicherheit von Rohrleitungen ist sehr wichtig, wenn hei\u00dfe Fl\u00fcssigkeiten durch sie str\u00f6men. Nat\u00fcrlich ber\u00fccksichtigen wir dies und k\u00f6nnen die Sicherheit unserer Anlagen gew\u00e4hrleisten.<\/p>\n<h2>Kapazit\u00e4t<\/h2>\n<p>Je nach Prozessparametern k\u00f6nnen Celsius Schneckenw\u00e4rmetauscher 0,1 bis 10 Tonnen Material pro Stunde transportieren und erw\u00e4rmen.<\/p>\n<h3>M\u00f6chten Sie mehr \u00fcber die Heizung von Stoffen mit einem Celsius Schneckenw\u00e4rmetauscher erfahren? <a href=\"\/de\/celsius-schneckenwaermetauscher\/kontakt-celsius\/\">Wenden Sie sich dann an uns<\/a>.<\/h3>\n","protected":false},"excerpt":{"rendered":"<p>Celsius Schneckenw\u00e4rmetauscher sind f\u00fcr die indirekte Heizung von Feststoffen zur weiteren Verarbeitung einsetzbar. Indirekte oder direkte Heizung? Ist bereits Warmwasser verf\u00fcgbar, das einfach entnommen und wieder zur\u00fcckgeleitet werden kann? Ist eine schnelle oder eher allm\u00e4hliche Aufw\u00e4rmung erw\u00fcnscht? Ist eine gleichm\u00e4\u00dfige oder oberfl\u00e4chliche Aufw\u00e4rmung erw\u00fcnscht? Ist eine eventuelle Staubentwicklung akzeptierbar? Muss ein H\u00f6hentransport erfolgen? Unter anderem [&hellip;]<\/p>\n","protected":false},"author":1,"featured_media":0,"parent":3804,"menu_order":4,"comment_status":"closed","ping_status":"closed","template":"","meta":{"_acf_changed":false,"content-type":"","inline_featured_image":false,"footnotes":""},"class_list":["post-3848","page","type-page","status-publish","hentry"],"acf":[],"yoast_head":"<!-- This site is optimized with the Yoast SEO plugin v27.5 - https:\/\/yoast.com\/product\/yoast-seo-wordpress\/ -->\n<title>Stoffe mit einem Schneckenw\u00e4rmetauscher erhitzen | Van Beek<\/title>\n<meta name=\"description\" content=\"Der Celsius Schneckenw\u00e4rmetauscher ist f\u00fcr die indirekte Heizung von Feststoffen zur weiteren Verarbeitung einsetzbar.\" \/>\n<meta name=\"robots\" content=\"index, follow, max-snippet:-1, max-image-preview:large, max-video-preview:-1\" \/>\n<link rel=\"canonical\" href=\"https:\/\/www.van-beek.nl\/de\/celsius-schneckenwaermetauscher\/heizen\/\" \/>\n<meta property=\"og:locale\" content=\"de_DE\" \/>\n<meta property=\"og:type\" content=\"article\" \/>\n<meta property=\"og:title\" content=\"Stoffe mit einem Schneckenw\u00e4rmetauscher erhitzen | Van Beek\" \/>\n<meta property=\"og:description\" content=\"Der Celsius Schneckenw\u00e4rmetauscher ist f\u00fcr die indirekte Heizung von Feststoffen zur weiteren Verarbeitung einsetzbar.\" \/>\n<meta property=\"og:url\" content=\"https:\/\/www.van-beek.nl\/de\/celsius-schneckenwaermetauscher\/heizen\/\" \/>\n<meta property=\"og:site_name\" content=\"Van Beek Schroeftransport\" \/>\n<meta property=\"article:modified_time\" content=\"2021-06-08T12:34:28+00:00\" \/>\n<meta name=\"twitter:card\" content=\"summary_large_image\" \/>\n<meta name=\"twitter:label1\" content=\"Gesch\u00e4tzte Lesezeit\" \/>\n\t<meta name=\"twitter:data1\" content=\"1\u00a0Minute\" \/>\n<script type=\"application\/ld+json\" class=\"yoast-schema-graph\">{\"@context\":\"https:\\\/\\\/schema.org\",\"@graph\":[{\"@type\":\"WebPage\",\"@id\":\"https:\\\/\\\/www.van-beek.nl\\\/de\\\/celsius-schneckenwaermetauscher\\\/heizen\\\/\",\"url\":\"https:\\\/\\\/www.van-beek.nl\\\/de\\\/celsius-schneckenwaermetauscher\\\/heizen\\\/\",\"name\":\"Stoffe mit einem Schneckenw\u00e4rmetauscher erhitzen | Van Beek\",\"isPartOf\":{\"@id\":\"https:\\\/\\\/www.van-beek.nl\\\/de\\\/#website\"},\"datePublished\":\"2020-03-25T15:33:45+00:00\",\"dateModified\":\"2021-06-08T12:34:28+00:00\",\"description\":\"Der Celsius Schneckenw\u00e4rmetauscher ist f\u00fcr die indirekte Heizung von Feststoffen zur weiteren Verarbeitung einsetzbar.\",\"breadcrumb\":{\"@id\":\"https:\\\/\\\/www.van-beek.nl\\\/de\\\/celsius-schneckenwaermetauscher\\\/heizen\\\/#breadcrumb\"},\"inLanguage\":\"de\",\"potentialAction\":[{\"@type\":\"ReadAction\",\"target\":[\"https:\\\/\\\/www.van-beek.nl\\\/de\\\/celsius-schneckenwaermetauscher\\\/heizen\\\/\"]}]},{\"@type\":\"BreadcrumbList\",\"@id\":\"https:\\\/\\\/www.van-beek.nl\\\/de\\\/celsius-schneckenwaermetauscher\\\/heizen\\\/#breadcrumb\",\"itemListElement\":[{\"@type\":\"ListItem\",\"position\":1,\"name\":\"Home\",\"item\":\"https:\\\/\\\/www.van-beek.nl\\\/de\\\/\"},{\"@type\":\"ListItem\",\"position\":2,\"name\":\"Celsius Schneckenw\u00e4rmetauscher\",\"item\":\"https:\\\/\\\/www.van-beek.nl\\\/de\\\/celsius-schneckenwaermetauscher\\\/\"},{\"@type\":\"ListItem\",\"position\":3,\"name\":\"Heizen\"}]},{\"@type\":\"WebSite\",\"@id\":\"https:\\\/\\\/www.van-beek.nl\\\/de\\\/#website\",\"url\":\"https:\\\/\\\/www.van-beek.nl\\\/de\\\/\",\"name\":\"Van Beek Schroeftransport\",\"description\":\"\",\"publisher\":{\"@id\":\"https:\\\/\\\/www.van-beek.nl\\\/de\\\/#organization\"},\"potentialAction\":[{\"@type\":\"SearchAction\",\"target\":{\"@type\":\"EntryPoint\",\"urlTemplate\":\"https:\\\/\\\/www.van-beek.nl\\\/de\\\/?s={search_term_string}\"},\"query-input\":{\"@type\":\"PropertyValueSpecification\",\"valueRequired\":true,\"valueName\":\"search_term_string\"}}],\"inLanguage\":\"de\"},{\"@type\":\"Organization\",\"@id\":\"https:\\\/\\\/www.van-beek.nl\\\/de\\\/#organization\",\"name\":\"Transportschroeven- en machinefabriek Van Beek B.V.\",\"url\":\"https:\\\/\\\/www.van-beek.nl\\\/de\\\/\",\"logo\":{\"@type\":\"ImageObject\",\"inLanguage\":\"de\",\"@id\":\"https:\\\/\\\/www.van-beek.nl\\\/de\\\/#\\\/schema\\\/logo\\\/image\\\/\",\"url\":\"https:\\\/\\\/van-beek.nl\\\/wp-content\\\/uploads\\\/2020\\\/04\\\/VanBeek-logo.png\",\"contentUrl\":\"https:\\\/\\\/van-beek.nl\\\/wp-content\\\/uploads\\\/2020\\\/04\\\/VanBeek-logo.png\",\"width\":116,\"height\":22,\"caption\":\"Transportschroeven- en machinefabriek Van Beek B.V.\"},\"image\":{\"@id\":\"https:\\\/\\\/www.van-beek.nl\\\/de\\\/#\\\/schema\\\/logo\\\/image\\\/\"}}]}<\/script>\n<!-- \/ Yoast SEO plugin. -->","yoast_head_json":{"title":"Stoffe mit einem Schneckenw\u00e4rmetauscher erhitzen | Van Beek","description":"Der Celsius Schneckenw\u00e4rmetauscher ist f\u00fcr die indirekte Heizung von Feststoffen zur weiteren Verarbeitung einsetzbar.","robots":{"index":"index","follow":"follow","max-snippet":"max-snippet:-1","max-image-preview":"max-image-preview:large","max-video-preview":"max-video-preview:-1"},"canonical":"https:\/\/www.van-beek.nl\/de\/celsius-schneckenwaermetauscher\/heizen\/","og_locale":"de_DE","og_type":"article","og_title":"Stoffe mit einem Schneckenw\u00e4rmetauscher erhitzen | Van Beek","og_description":"Der Celsius Schneckenw\u00e4rmetauscher ist f\u00fcr die indirekte Heizung von Feststoffen zur weiteren Verarbeitung einsetzbar.","og_url":"https:\/\/www.van-beek.nl\/de\/celsius-schneckenwaermetauscher\/heizen\/","og_site_name":"Van Beek Schroeftransport","article_modified_time":"2021-06-08T12:34:28+00:00","twitter_card":"summary_large_image","twitter_misc":{"Gesch\u00e4tzte Lesezeit":"1\u00a0Minute"},"schema":{"@context":"https:\/\/schema.org","@graph":[{"@type":"WebPage","@id":"https:\/\/www.van-beek.nl\/de\/celsius-schneckenwaermetauscher\/heizen\/","url":"https:\/\/www.van-beek.nl\/de\/celsius-schneckenwaermetauscher\/heizen\/","name":"Stoffe mit einem Schneckenw\u00e4rmetauscher erhitzen | Van Beek","isPartOf":{"@id":"https:\/\/www.van-beek.nl\/de\/#website"},"datePublished":"2020-03-25T15:33:45+00:00","dateModified":"2021-06-08T12:34:28+00:00","description":"Der Celsius Schneckenw\u00e4rmetauscher ist f\u00fcr die indirekte Heizung von Feststoffen zur weiteren Verarbeitung einsetzbar.","breadcrumb":{"@id":"https:\/\/www.van-beek.nl\/de\/celsius-schneckenwaermetauscher\/heizen\/#breadcrumb"},"inLanguage":"de","potentialAction":[{"@type":"ReadAction","target":["https:\/\/www.van-beek.nl\/de\/celsius-schneckenwaermetauscher\/heizen\/"]}]},{"@type":"BreadcrumbList","@id":"https:\/\/www.van-beek.nl\/de\/celsius-schneckenwaermetauscher\/heizen\/#breadcrumb","itemListElement":[{"@type":"ListItem","position":1,"name":"Home","item":"https:\/\/www.van-beek.nl\/de\/"},{"@type":"ListItem","position":2,"name":"Celsius Schneckenw\u00e4rmetauscher","item":"https:\/\/www.van-beek.nl\/de\/celsius-schneckenwaermetauscher\/"},{"@type":"ListItem","position":3,"name":"Heizen"}]},{"@type":"WebSite","@id":"https:\/\/www.van-beek.nl\/de\/#website","url":"https:\/\/www.van-beek.nl\/de\/","name":"Van Beek Schroeftransport","description":"","publisher":{"@id":"https:\/\/www.van-beek.nl\/de\/#organization"},"potentialAction":[{"@type":"SearchAction","target":{"@type":"EntryPoint","urlTemplate":"https:\/\/www.van-beek.nl\/de\/?s={search_term_string}"},"query-input":{"@type":"PropertyValueSpecification","valueRequired":true,"valueName":"search_term_string"}}],"inLanguage":"de"},{"@type":"Organization","@id":"https:\/\/www.van-beek.nl\/de\/#organization","name":"Transportschroeven- en machinefabriek Van Beek B.V.","url":"https:\/\/www.van-beek.nl\/de\/","logo":{"@type":"ImageObject","inLanguage":"de","@id":"https:\/\/www.van-beek.nl\/de\/#\/schema\/logo\/image\/","url":"https:\/\/van-beek.nl\/wp-content\/uploads\/2020\/04\/VanBeek-logo.png","contentUrl":"https:\/\/van-beek.nl\/wp-content\/uploads\/2020\/04\/VanBeek-logo.png","width":116,"height":22,"caption":"Transportschroeven- en machinefabriek Van Beek B.V."},"image":{"@id":"https:\/\/www.van-beek.nl\/de\/#\/schema\/logo\/image\/"}}]}},"_links":{"self":[{"href":"https:\/\/www.van-beek.nl\/de\/wp-json\/wp\/v2\/pages\/3848","targetHints":{"allow":["GET"]}}],"collection":[{"href":"https:\/\/www.van-beek.nl\/de\/wp-json\/wp\/v2\/pages"}],"about":[{"href":"https:\/\/www.van-beek.nl\/de\/wp-json\/wp\/v2\/types\/page"}],"author":[{"embeddable":true,"href":"https:\/\/www.van-beek.nl\/de\/wp-json\/wp\/v2\/users\/1"}],"replies":[{"embeddable":true,"href":"https:\/\/www.van-beek.nl\/de\/wp-json\/wp\/v2\/comments?post=3848"}],"version-history":[{"count":3,"href":"https:\/\/www.van-beek.nl\/de\/wp-json\/wp\/v2\/pages\/3848\/revisions"}],"predecessor-version":[{"id":8002,"href":"https:\/\/www.van-beek.nl\/de\/wp-json\/wp\/v2\/pages\/3848\/revisions\/8002"}],"up":[{"embeddable":true,"href":"https:\/\/www.van-beek.nl\/de\/wp-json\/wp\/v2\/pages\/3804"}],"wp:attachment":[{"href":"https:\/\/www.van-beek.nl\/de\/wp-json\/wp\/v2\/media?parent=3848"}],"curies":[{"name":"wp","href":"https:\/\/api.w.org\/{rel}","templated":true}]}}