{"id":3851,"date":"2021-03-25T09:05:59","date_gmt":"2021-03-25T09:05:59","guid":{"rendered":"https:\/\/van-beek.nl\/gesamtloesungen-hochwertige-qualitaet-und-erstklassiger-service\/"},"modified":"2023-06-16T12:08:14","modified_gmt":"2023-06-16T10:08:14","slug":"gesamtloesungen-hochwertige-qualitaet-und-erstklassiger-service","status":"publish","type":"page","link":"https:\/\/www.van-beek.nl\/de\/","title":{"rendered":"Gesamtl\u00f6sungen, hochwertige Qualit\u00e4t und erstklassiger Service"},"content":{"rendered":"\r\n<p>Van Beek ist seit 1950 auf die Verkauf, Konstruktion, Herstellung, Installation und <br \/>Wartung von <strong>Schneckenf\u00f6rderanlagen<\/strong>, <strong>Silowagenf\u00fcllanlagen <\/strong>und <strong>Schneckenw\u00e4rmetauschern<\/strong> f\u00fcr den innerbetrieblichen Transport von festen, past\u00f6sen bzw. klebrigen Stoffen spezialisiert.<\/p>\r\n\r\n\r\n","protected":false},"excerpt":{"rendered":"<p>Van Beek ist seit 1950 auf die Verkauf, Konstruktion, Herstellung, Installation und Wartung von Schneckenf\u00f6rderanlagen, Silowagenf\u00fcllanlagen und Schneckenw\u00e4rmetauschern f\u00fcr den innerbetrieblichen Transport von festen, past\u00f6sen bzw. klebrigen Stoffen spezialisiert.<\/p>\n","protected":false},"author":1,"featured_media":0,"parent":0,"menu_order":0,"comment_status":"closed","ping_status":"closed","template":"homepagina.php","meta":{"_acf_changed":false,"content-type":"","inline_featured_image":false,"footnotes":""},"class_list":["post-3851","page","type-page","status-publish","hentry"],"acf":[],"yoast_head":"<!-- This site is optimized with the Yoast SEO plugin v27.5 - https:\/\/yoast.com\/product\/yoast-seo-wordpress\/ -->\n<title>Van Beek, der Standard f\u00fcr Schneckenf\u00f6rderer<\/title>\n<meta name=\"description\" content=\"Van Beek ist weltweiter Anbieter von Schneckenf\u00f6rderanlagen. Gesamtl\u00f6sungen, hochwertige Qualit\u00e4t und erstklassiger Service.\" \/>\n<meta name=\"robots\" content=\"index, follow, max-snippet:-1, max-image-preview:large, max-video-preview:-1\" \/>\n<link rel=\"canonical\" href=\"https:\/\/www.van-beek.nl\/de\/\" \/>\n<meta property=\"og:locale\" content=\"de_DE\" \/>\n<meta property=\"og:type\" content=\"article\" \/>\n<meta property=\"og:title\" content=\"Van Beek, der Standard f\u00fcr Schneckenf\u00f6rderer\" \/>\n<meta property=\"og:description\" content=\"Van Beek ist weltweiter Anbieter von Schneckenf\u00f6rderanlagen. Gesamtl\u00f6sungen, hochwertige Qualit\u00e4t und erstklassiger Service.\" \/>\n<meta property=\"og:url\" content=\"https:\/\/www.van-beek.nl\/de\/\" \/>\n<meta property=\"og:site_name\" content=\"Van Beek Schroeftransport\" \/>\n<meta property=\"article:modified_time\" content=\"2023-06-16T10:08:14+00:00\" \/>\n<meta name=\"twitter:card\" content=\"summary_large_image\" \/>\n<meta name=\"twitter:label1\" content=\"Gesch\u00e4tzte Lesezeit\" \/>\n\t<meta name=\"twitter:data1\" content=\"1\u00a0Minute\" \/>\n<script type=\"application\/ld+json\" class=\"yoast-schema-graph\">{\"@context\":\"https:\\\/\\\/schema.org\",\"@graph\":[{\"@type\":\"WebPage\",\"@id\":\"https:\\\/\\\/www.van-beek.nl\\\/de\\\/\",\"url\":\"https:\\\/\\\/www.van-beek.nl\\\/de\\\/\",\"name\":\"Van Beek, der Standard f\u00fcr Schneckenf\u00f6rderer\",\"isPartOf\":{\"@id\":\"https:\\\/\\\/www.van-beek.nl\\\/de\\\/#website\"},\"datePublished\":\"2021-03-25T09:05:59+00:00\",\"dateModified\":\"2023-06-16T10:08:14+00:00\",\"description\":\"Van Beek ist weltweiter Anbieter von Schneckenf\u00f6rderanlagen. Gesamtl\u00f6sungen, hochwertige Qualit\u00e4t und erstklassiger Service.\",\"breadcrumb\":{\"@id\":\"https:\\\/\\\/www.van-beek.nl\\\/de\\\/#breadcrumb\"},\"inLanguage\":\"de\",\"potentialAction\":[{\"@type\":\"ReadAction\",\"target\":[\"https:\\\/\\\/www.van-beek.nl\\\/de\\\/\"]}]},{\"@type\":\"BreadcrumbList\",\"@id\":\"https:\\\/\\\/www.van-beek.nl\\\/de\\\/#breadcrumb\",\"itemListElement\":[{\"@type\":\"ListItem\",\"position\":1,\"name\":\"Home\",\"item\":\"https:\\\/\\\/www.van-beek.nl\\\/de\\\/\"},{\"@type\":\"ListItem\",\"position\":2,\"name\":\"Gesamtl\u00f6sungen, hochwertige Qualit\u00e4t und erstklassiger Service\"}]},{\"@type\":\"WebSite\",\"@id\":\"https:\\\/\\\/www.van-beek.nl\\\/de\\\/#website\",\"url\":\"https:\\\/\\\/www.van-beek.nl\\\/de\\\/\",\"name\":\"Van Beek Schroeftransport\",\"description\":\"\",\"publisher\":{\"@id\":\"https:\\\/\\\/www.van-beek.nl\\\/de\\\/#organization\"},\"potentialAction\":[{\"@type\":\"SearchAction\",\"target\":{\"@type\":\"EntryPoint\",\"urlTemplate\":\"https:\\\/\\\/www.van-beek.nl\\\/de\\\/?s={search_term_string}\"},\"query-input\":{\"@type\":\"PropertyValueSpecification\",\"valueRequired\":true,\"valueName\":\"search_term_string\"}}],\"inLanguage\":\"de\"},{\"@type\":\"Organization\",\"@id\":\"https:\\\/\\\/www.van-beek.nl\\\/de\\\/#organization\",\"name\":\"Transportschroeven- en machinefabriek Van Beek B.V.\",\"url\":\"https:\\\/\\\/www.van-beek.nl\\\/de\\\/\",\"logo\":{\"@type\":\"ImageObject\",\"inLanguage\":\"de\",\"@id\":\"https:\\\/\\\/www.van-beek.nl\\\/de\\\/#\\\/schema\\\/logo\\\/image\\\/\",\"url\":\"https:\\\/\\\/van-beek.nl\\\/wp-content\\\/uploads\\\/2020\\\/04\\\/VanBeek-logo.png\",\"contentUrl\":\"https:\\\/\\\/van-beek.nl\\\/wp-content\\\/uploads\\\/2020\\\/04\\\/VanBeek-logo.png\",\"width\":116,\"height\":22,\"caption\":\"Transportschroeven- en machinefabriek Van Beek B.V.\"},\"image\":{\"@id\":\"https:\\\/\\\/www.van-beek.nl\\\/de\\\/#\\\/schema\\\/logo\\\/image\\\/\"}}]}<\/script>\n<!-- \/ Yoast SEO plugin. -->","yoast_head_json":{"title":"Van Beek, der Standard f\u00fcr Schneckenf\u00f6rderer","description":"Van Beek ist weltweiter Anbieter von Schneckenf\u00f6rderanlagen. Gesamtl\u00f6sungen, hochwertige Qualit\u00e4t und erstklassiger Service.","robots":{"index":"index","follow":"follow","max-snippet":"max-snippet:-1","max-image-preview":"max-image-preview:large","max-video-preview":"max-video-preview:-1"},"canonical":"https:\/\/www.van-beek.nl\/de\/","og_locale":"de_DE","og_type":"article","og_title":"Van Beek, der Standard f\u00fcr Schneckenf\u00f6rderer","og_description":"Van Beek ist weltweiter Anbieter von Schneckenf\u00f6rderanlagen. Gesamtl\u00f6sungen, hochwertige Qualit\u00e4t und erstklassiger Service.","og_url":"https:\/\/www.van-beek.nl\/de\/","og_site_name":"Van Beek Schroeftransport","article_modified_time":"2023-06-16T10:08:14+00:00","twitter_card":"summary_large_image","twitter_misc":{"Gesch\u00e4tzte Lesezeit":"1\u00a0Minute"},"schema":{"@context":"https:\/\/schema.org","@graph":[{"@type":"WebPage","@id":"https:\/\/www.van-beek.nl\/de\/","url":"https:\/\/www.van-beek.nl\/de\/","name":"Van Beek, der Standard f\u00fcr Schneckenf\u00f6rderer","isPartOf":{"@id":"https:\/\/www.van-beek.nl\/de\/#website"},"datePublished":"2021-03-25T09:05:59+00:00","dateModified":"2023-06-16T10:08:14+00:00","description":"Van Beek ist weltweiter Anbieter von Schneckenf\u00f6rderanlagen. Gesamtl\u00f6sungen, hochwertige Qualit\u00e4t und erstklassiger Service.","breadcrumb":{"@id":"https:\/\/www.van-beek.nl\/de\/#breadcrumb"},"inLanguage":"de","potentialAction":[{"@type":"ReadAction","target":["https:\/\/www.van-beek.nl\/de\/"]}]},{"@type":"BreadcrumbList","@id":"https:\/\/www.van-beek.nl\/de\/#breadcrumb","itemListElement":[{"@type":"ListItem","position":1,"name":"Home","item":"https:\/\/www.van-beek.nl\/de\/"},{"@type":"ListItem","position":2,"name":"Gesamtl\u00f6sungen, hochwertige Qualit\u00e4t und erstklassiger Service"}]},{"@type":"WebSite","@id":"https:\/\/www.van-beek.nl\/de\/#website","url":"https:\/\/www.van-beek.nl\/de\/","name":"Van Beek Schroeftransport","description":"","publisher":{"@id":"https:\/\/www.van-beek.nl\/de\/#organization"},"potentialAction":[{"@type":"SearchAction","target":{"@type":"EntryPoint","urlTemplate":"https:\/\/www.van-beek.nl\/de\/?s={search_term_string}"},"query-input":{"@type":"PropertyValueSpecification","valueRequired":true,"valueName":"search_term_string"}}],"inLanguage":"de"},{"@type":"Organization","@id":"https:\/\/www.van-beek.nl\/de\/#organization","name":"Transportschroeven- en machinefabriek Van Beek B.V.","url":"https:\/\/www.van-beek.nl\/de\/","logo":{"@type":"ImageObject","inLanguage":"de","@id":"https:\/\/www.van-beek.nl\/de\/#\/schema\/logo\/image\/","url":"https:\/\/van-beek.nl\/wp-content\/uploads\/2020\/04\/VanBeek-logo.png","contentUrl":"https:\/\/van-beek.nl\/wp-content\/uploads\/2020\/04\/VanBeek-logo.png","width":116,"height":22,"caption":"Transportschroeven- en machinefabriek Van Beek B.V."},"image":{"@id":"https:\/\/www.van-beek.nl\/de\/#\/schema\/logo\/image\/"}}]}},"_links":{"self":[{"href":"https:\/\/www.van-beek.nl\/de\/wp-json\/wp\/v2\/pages\/3851","targetHints":{"allow":["GET"]}}],"collection":[{"href":"https:\/\/www.van-beek.nl\/de\/wp-json\/wp\/v2\/pages"}],"about":[{"href":"https:\/\/www.van-beek.nl\/de\/wp-json\/wp\/v2\/types\/page"}],"author":[{"embeddable":true,"href":"https:\/\/www.van-beek.nl\/de\/wp-json\/wp\/v2\/users\/1"}],"replies":[{"embeddable":true,"href":"https:\/\/www.van-beek.nl\/de\/wp-json\/wp\/v2\/comments?post=3851"}],"version-history":[{"count":11,"href":"https:\/\/www.van-beek.nl\/de\/wp-json\/wp\/v2\/pages\/3851\/revisions"}],"predecessor-version":[{"id":11256,"href":"https:\/\/www.van-beek.nl\/de\/wp-json\/wp\/v2\/pages\/3851\/revisions\/11256"}],"wp:attachment":[{"href":"https:\/\/www.van-beek.nl\/de\/wp-json\/wp\/v2\/media?parent=3851"}],"curies":[{"name":"wp","href":"https:\/\/api.w.org\/{rel}","templated":true}]}}