{"id":3853,"date":"2020-03-25T15:34:37","date_gmt":"2020-03-25T15:34:37","guid":{"rendered":"https:\/\/van-beek.nl\/celsius-schneckenwaermetauscher\/heizen\/celsimix\/"},"modified":"2022-03-23T09:58:07","modified_gmt":"2022-03-23T08:58:07","slug":"celsimix","status":"publish","type":"page","link":"https:\/\/www.van-beek.nl\/de\/celsius-schneckenwaermetauscher\/heizen\/celsimix\/","title":{"rendered":"Celsimix"},"content":{"rendered":"<p><strong>F\u00fcr einige unserer Kunden reichte es nicht aus, die Temperatur ihres Materials aufrechtzuerhalten oder zu erh\u00f6hen. Dieser Bedarf hat zur Entwicklung von Celsimix gef\u00fchrt: einer Variante des Celsius Schneckenw\u00e4rmetauschers, die mit einem Mischer versehen ist, dessen Parameter von der gew\u00e4hlten Mischwendel abh\u00e4ngen. Der Celsimix f\u00fcgt unter konditionierten Bedingungen diverse feste bzw. fl\u00fcssige Stoffe in einem kontinuierlichen Prozess zusammen. Das Mischverfahren kann w\u00e4hrend der Konstruktion auf die Umst\u00e4nde und das erforderliche Mischverh\u00e4ltnis ausgelegt werden. W\u00e4hrend des Mischens wird das Mischgut erhitzt, sodass ideale Umst\u00e4nde herrschen.<\/strong><\/p>\n<h2>F\u00fcr vielf\u00e4ltige und schwierige Mischungen<\/h2>\n<p>Wenn Sie in der Nahrungsmittel- oder Chemieindustrie arbeiten, wissen Sie nat\u00fcrlich, dass bestimmte Stoffe schwierig miteinander zu vermischen sind. Einige Beispiele w\u00e4ren M\u00fcsli, Schokolade, Toffee, N\u00fcsse, Kalk oder Polyolefine. Sie m\u00f6chten eine homogene\u00a0 Mischung erzielen, was nicht mit allen Mischern m\u00f6glich ist.<\/p>\n<h2>Wie funktioniert der Celsimix?<\/h2>\n<p>Der Celsimix ist die ideale L\u00f6sung, wenn die \u00fcblichen Batch-Mischer versagen. Dieser spezielle Schneckenw\u00e4rmetauscher ist mit zwei Schnecken und einer Heizanlage ausgestattet. Er mischt Stoffe bei einer vorgew\u00e4hlten Temperatur.<\/p>\n<h2>Der Celsimix findet immer breitere Anwendung<\/h2>\n<p>Der Celsimix eignet sich zum homogenen Mischen vieler diverser fester und fl\u00fcssiger Stoffe, die schwierig mischbar sind. Ein Beispiel w\u00e4re das Mischen von Karamell mit Mandeln zu einer sch\u00f6nen homogenen Masse, aus der Mandelkrokant hergestellt wird, eine knusprige, aber sehr br\u00fcchige S\u00fc\u00dfigkeit. Der Celsimix kocht aus dem bereits erhitzten Glukosesirup in einem vollkontinuierlichen Prozess Karamell, f\u00fcgt die Mandeln hinzu und mischt beides zu einer homogenen Masse. Ein weiteres Beispiel w\u00e4re das Mischen von Kalksteinmehl als Grundstoff f\u00fcr die Tr\u00e4gerschicht von Teppichfliesen mit Polyolefinen. Dank dieser L\u00f6sung konnte Teppichfliesenhersteller Desso aus Waalwijk (Niederlande) einen gro\u00dfen Schritt in ihrer Cradle-to-Cradle-Philosophie nach vorne machen.<\/p>\n<h2>Eignet sich der Celsimix auch f\u00fcr Ihr Verfahren?<\/h2>\n<p>Nat\u00fcrlich k\u00f6nnen auch wir keine Wunder vollbringen. Wenn Sie uns jedoch Ihre Probleme schildern, gehen wir gerne auf sie ein.<\/p>\n<h3>M\u00f6chten Sie mehr \u00fcber den Celsimix erfahren? Bitte <a href=\"\/de\/celsius-schneckenwaermetauscher\/kontakt-celsius\/\">wenden Sie sich dann an uns<\/a>.<\/h3>\n","protected":false},"excerpt":{"rendered":"<p>F\u00fcr einige unserer Kunden reichte es nicht aus, die Temperatur ihres Materials aufrechtzuerhalten oder zu erh\u00f6hen. Dieser Bedarf hat zur Entwicklung von Celsimix gef\u00fchrt: einer Variante des Celsius Schneckenw\u00e4rmetauschers, die mit einem Mischer versehen ist, dessen Parameter von der gew\u00e4hlten Mischwendel abh\u00e4ngen. Der Celsimix f\u00fcgt unter konditionierten Bedingungen diverse feste bzw. fl\u00fcssige Stoffe in einem [&hellip;]<\/p>\n","protected":false},"author":1,"featured_media":0,"parent":3848,"menu_order":0,"comment_status":"closed","ping_status":"closed","template":"product.php","meta":{"_acf_changed":false,"content-type":"","inline_featured_image":false,"footnotes":""},"class_list":["post-3853","page","type-page","status-publish","hentry"],"acf":[],"yoast_head":"<!-- This site is optimized with the Yoast SEO plugin v27.5 - https:\/\/yoast.com\/product\/yoast-seo-wordpress\/ -->\n<title>Celsimix zum Vermischen von Stoffen | Van Beek<\/title>\n<meta name=\"description\" content=\"Mit Celsimix k\u00f6nnen Sie in einem kontinuierlichen Prozess Feststoffe mit Fl\u00fcssigkeiten mischen und erhitzen. Entdecken Sie die M\u00f6glichkeiten von Celsimix.\" \/>\n<meta name=\"robots\" content=\"index, follow, max-snippet:-1, max-image-preview:large, max-video-preview:-1\" \/>\n<link rel=\"canonical\" href=\"https:\/\/www.van-beek.nl\/de\/celsius-schneckenwaermetauscher\/heizen\/celsimix\/\" \/>\n<meta property=\"og:locale\" content=\"de_DE\" \/>\n<meta property=\"og:type\" content=\"article\" \/>\n<meta property=\"og:title\" content=\"Celsimix zum Vermischen von Stoffen | Van Beek\" \/>\n<meta property=\"og:description\" content=\"Mit Celsimix k\u00f6nnen Sie in einem kontinuierlichen Prozess Feststoffe mit Fl\u00fcssigkeiten mischen und erhitzen. Entdecken Sie die M\u00f6glichkeiten von Celsimix.\" \/>\n<meta property=\"og:url\" content=\"https:\/\/www.van-beek.nl\/de\/celsius-schneckenwaermetauscher\/heizen\/celsimix\/\" \/>\n<meta property=\"og:site_name\" content=\"Van Beek Schroeftransport\" \/>\n<meta property=\"article:modified_time\" content=\"2022-03-23T08:58:07+00:00\" \/>\n<meta name=\"twitter:card\" content=\"summary_large_image\" \/>\n<meta name=\"twitter:label1\" content=\"Gesch\u00e4tzte Lesezeit\" \/>\n\t<meta name=\"twitter:data1\" content=\"2\u00a0Minuten\" \/>\n<script type=\"application\/ld+json\" class=\"yoast-schema-graph\">{\"@context\":\"https:\\\/\\\/schema.org\",\"@graph\":[{\"@type\":\"WebPage\",\"@id\":\"https:\\\/\\\/www.van-beek.nl\\\/de\\\/celsius-schneckenwaermetauscher\\\/heizen\\\/celsimix\\\/\",\"url\":\"https:\\\/\\\/www.van-beek.nl\\\/de\\\/celsius-schneckenwaermetauscher\\\/heizen\\\/celsimix\\\/\",\"name\":\"Celsimix zum Vermischen von Stoffen | Van Beek\",\"isPartOf\":{\"@id\":\"https:\\\/\\\/www.van-beek.nl\\\/de\\\/#website\"},\"datePublished\":\"2020-03-25T15:34:37+00:00\",\"dateModified\":\"2022-03-23T08:58:07+00:00\",\"description\":\"Mit Celsimix k\u00f6nnen Sie in einem kontinuierlichen Prozess Feststoffe mit Fl\u00fcssigkeiten mischen und erhitzen. Entdecken Sie die M\u00f6glichkeiten von Celsimix.\",\"breadcrumb\":{\"@id\":\"https:\\\/\\\/www.van-beek.nl\\\/de\\\/celsius-schneckenwaermetauscher\\\/heizen\\\/celsimix\\\/#breadcrumb\"},\"inLanguage\":\"de\",\"potentialAction\":[{\"@type\":\"ReadAction\",\"target\":[\"https:\\\/\\\/www.van-beek.nl\\\/de\\\/celsius-schneckenwaermetauscher\\\/heizen\\\/celsimix\\\/\"]}]},{\"@type\":\"BreadcrumbList\",\"@id\":\"https:\\\/\\\/www.van-beek.nl\\\/de\\\/celsius-schneckenwaermetauscher\\\/heizen\\\/celsimix\\\/#breadcrumb\",\"itemListElement\":[{\"@type\":\"ListItem\",\"position\":1,\"name\":\"Home\",\"item\":\"https:\\\/\\\/www.van-beek.nl\\\/de\\\/\"},{\"@type\":\"ListItem\",\"position\":2,\"name\":\"Celsius Schneckenw\u00e4rmetauscher\",\"item\":\"https:\\\/\\\/www.van-beek.nl\\\/de\\\/celsius-schneckenwaermetauscher\\\/\"},{\"@type\":\"ListItem\",\"position\":3,\"name\":\"Heizen\",\"item\":\"https:\\\/\\\/www.van-beek.nl\\\/de\\\/schroefwarmtewisselaars\\\/verwarmen\\\/\"},{\"@type\":\"ListItem\",\"position\":4,\"name\":\"Celsimix\"}]},{\"@type\":\"WebSite\",\"@id\":\"https:\\\/\\\/www.van-beek.nl\\\/de\\\/#website\",\"url\":\"https:\\\/\\\/www.van-beek.nl\\\/de\\\/\",\"name\":\"Van Beek Schroeftransport\",\"description\":\"\",\"publisher\":{\"@id\":\"https:\\\/\\\/www.van-beek.nl\\\/de\\\/#organization\"},\"potentialAction\":[{\"@type\":\"SearchAction\",\"target\":{\"@type\":\"EntryPoint\",\"urlTemplate\":\"https:\\\/\\\/www.van-beek.nl\\\/de\\\/?s={search_term_string}\"},\"query-input\":{\"@type\":\"PropertyValueSpecification\",\"valueRequired\":true,\"valueName\":\"search_term_string\"}}],\"inLanguage\":\"de\"},{\"@type\":\"Organization\",\"@id\":\"https:\\\/\\\/www.van-beek.nl\\\/de\\\/#organization\",\"name\":\"Transportschroeven- en machinefabriek Van Beek B.V.\",\"url\":\"https:\\\/\\\/www.van-beek.nl\\\/de\\\/\",\"logo\":{\"@type\":\"ImageObject\",\"inLanguage\":\"de\",\"@id\":\"https:\\\/\\\/www.van-beek.nl\\\/de\\\/#\\\/schema\\\/logo\\\/image\\\/\",\"url\":\"https:\\\/\\\/van-beek.nl\\\/wp-content\\\/uploads\\\/2020\\\/04\\\/VanBeek-logo.png\",\"contentUrl\":\"https:\\\/\\\/van-beek.nl\\\/wp-content\\\/uploads\\\/2020\\\/04\\\/VanBeek-logo.png\",\"width\":116,\"height\":22,\"caption\":\"Transportschroeven- en machinefabriek Van Beek B.V.\"},\"image\":{\"@id\":\"https:\\\/\\\/www.van-beek.nl\\\/de\\\/#\\\/schema\\\/logo\\\/image\\\/\"}}]}<\/script>\n<!-- \/ Yoast SEO plugin. -->","yoast_head_json":{"title":"Celsimix zum Vermischen von Stoffen | Van Beek","description":"Mit Celsimix k\u00f6nnen Sie in einem kontinuierlichen Prozess Feststoffe mit Fl\u00fcssigkeiten mischen und erhitzen. Entdecken Sie die M\u00f6glichkeiten von Celsimix.","robots":{"index":"index","follow":"follow","max-snippet":"max-snippet:-1","max-image-preview":"max-image-preview:large","max-video-preview":"max-video-preview:-1"},"canonical":"https:\/\/www.van-beek.nl\/de\/celsius-schneckenwaermetauscher\/heizen\/celsimix\/","og_locale":"de_DE","og_type":"article","og_title":"Celsimix zum Vermischen von Stoffen | Van Beek","og_description":"Mit Celsimix k\u00f6nnen Sie in einem kontinuierlichen Prozess Feststoffe mit Fl\u00fcssigkeiten mischen und erhitzen. Entdecken Sie die M\u00f6glichkeiten von Celsimix.","og_url":"https:\/\/www.van-beek.nl\/de\/celsius-schneckenwaermetauscher\/heizen\/celsimix\/","og_site_name":"Van Beek Schroeftransport","article_modified_time":"2022-03-23T08:58:07+00:00","twitter_card":"summary_large_image","twitter_misc":{"Gesch\u00e4tzte Lesezeit":"2\u00a0Minuten"},"schema":{"@context":"https:\/\/schema.org","@graph":[{"@type":"WebPage","@id":"https:\/\/www.van-beek.nl\/de\/celsius-schneckenwaermetauscher\/heizen\/celsimix\/","url":"https:\/\/www.van-beek.nl\/de\/celsius-schneckenwaermetauscher\/heizen\/celsimix\/","name":"Celsimix zum Vermischen von Stoffen | Van Beek","isPartOf":{"@id":"https:\/\/www.van-beek.nl\/de\/#website"},"datePublished":"2020-03-25T15:34:37+00:00","dateModified":"2022-03-23T08:58:07+00:00","description":"Mit Celsimix k\u00f6nnen Sie in einem kontinuierlichen Prozess Feststoffe mit Fl\u00fcssigkeiten mischen und erhitzen. Entdecken Sie die M\u00f6glichkeiten von Celsimix.","breadcrumb":{"@id":"https:\/\/www.van-beek.nl\/de\/celsius-schneckenwaermetauscher\/heizen\/celsimix\/#breadcrumb"},"inLanguage":"de","potentialAction":[{"@type":"ReadAction","target":["https:\/\/www.van-beek.nl\/de\/celsius-schneckenwaermetauscher\/heizen\/celsimix\/"]}]},{"@type":"BreadcrumbList","@id":"https:\/\/www.van-beek.nl\/de\/celsius-schneckenwaermetauscher\/heizen\/celsimix\/#breadcrumb","itemListElement":[{"@type":"ListItem","position":1,"name":"Home","item":"https:\/\/www.van-beek.nl\/de\/"},{"@type":"ListItem","position":2,"name":"Celsius Schneckenw\u00e4rmetauscher","item":"https:\/\/www.van-beek.nl\/de\/celsius-schneckenwaermetauscher\/"},{"@type":"ListItem","position":3,"name":"Heizen","item":"https:\/\/www.van-beek.nl\/de\/schroefwarmtewisselaars\/verwarmen\/"},{"@type":"ListItem","position":4,"name":"Celsimix"}]},{"@type":"WebSite","@id":"https:\/\/www.van-beek.nl\/de\/#website","url":"https:\/\/www.van-beek.nl\/de\/","name":"Van Beek Schroeftransport","description":"","publisher":{"@id":"https:\/\/www.van-beek.nl\/de\/#organization"},"potentialAction":[{"@type":"SearchAction","target":{"@type":"EntryPoint","urlTemplate":"https:\/\/www.van-beek.nl\/de\/?s={search_term_string}"},"query-input":{"@type":"PropertyValueSpecification","valueRequired":true,"valueName":"search_term_string"}}],"inLanguage":"de"},{"@type":"Organization","@id":"https:\/\/www.van-beek.nl\/de\/#organization","name":"Transportschroeven- en machinefabriek Van Beek B.V.","url":"https:\/\/www.van-beek.nl\/de\/","logo":{"@type":"ImageObject","inLanguage":"de","@id":"https:\/\/www.van-beek.nl\/de\/#\/schema\/logo\/image\/","url":"https:\/\/van-beek.nl\/wp-content\/uploads\/2020\/04\/VanBeek-logo.png","contentUrl":"https:\/\/van-beek.nl\/wp-content\/uploads\/2020\/04\/VanBeek-logo.png","width":116,"height":22,"caption":"Transportschroeven- en machinefabriek Van Beek B.V."},"image":{"@id":"https:\/\/www.van-beek.nl\/de\/#\/schema\/logo\/image\/"}}]}},"_links":{"self":[{"href":"https:\/\/www.van-beek.nl\/de\/wp-json\/wp\/v2\/pages\/3853","targetHints":{"allow":["GET"]}}],"collection":[{"href":"https:\/\/www.van-beek.nl\/de\/wp-json\/wp\/v2\/pages"}],"about":[{"href":"https:\/\/www.van-beek.nl\/de\/wp-json\/wp\/v2\/types\/page"}],"author":[{"embeddable":true,"href":"https:\/\/www.van-beek.nl\/de\/wp-json\/wp\/v2\/users\/1"}],"replies":[{"embeddable":true,"href":"https:\/\/www.van-beek.nl\/de\/wp-json\/wp\/v2\/comments?post=3853"}],"version-history":[{"count":5,"href":"https:\/\/www.van-beek.nl\/de\/wp-json\/wp\/v2\/pages\/3853\/revisions"}],"predecessor-version":[{"id":10635,"href":"https:\/\/www.van-beek.nl\/de\/wp-json\/wp\/v2\/pages\/3853\/revisions\/10635"}],"up":[{"embeddable":true,"href":"https:\/\/www.van-beek.nl\/de\/wp-json\/wp\/v2\/pages\/3848"}],"wp:attachment":[{"href":"https:\/\/www.van-beek.nl\/de\/wp-json\/wp\/v2\/media?parent=3853"}],"curies":[{"name":"wp","href":"https:\/\/api.w.org\/{rel}","templated":true}]}}