{"id":3860,"date":"2021-03-25T09:05:59","date_gmt":"2021-03-25T09:05:59","guid":{"rendered":"https:\/\/van-beek.nl\/datenschutzerklaerung\/"},"modified":"2022-03-21T14:51:02","modified_gmt":"2022-03-21T13:51:02","slug":"datenschutzerklaerung","status":"publish","type":"page","link":"https:\/\/www.van-beek.nl\/de\/datenschutzerklaerung\/","title":{"rendered":"Datenschutzerkl\u00e4rung"},"content":{"rendered":"<p class=\"p1\">Wir legen gro\u00dfen Wert auf den Schutz Ihrer Privatsph\u00e4re. Darum haben wir diese Datenschutzerkl\u00e4rung, in der angegeben ist, wie mit Ihren (personenbezogenen) Daten umgegangen wird.<\/p>\n<p class=\"p1\"><b>Privacy<\/b><\/p>\n<p class=\"p1\">Diese Datenschutzregelung gilt f\u00fcr all unsere Dienstleistungen und Produkte. F\u00fcr die Datenschutzregelung anderer Websites oder Quellen sind wir nicht verantwortlich. Durch die Nutzung von <span class=\"s1\">www.van-beek.nl<\/span> erkennen Sie an, unsere Datenschutzregelung zu akzeptieren. Unsere Website respektiert die Privatsph\u00e4re aller Besucher und sorgt daf\u00fcr, dass mit allen (pers\u00f6nlichen) Informationen, die Sie uns erteilen, auf streng vertrauliche Weise umgegangen wird.<\/p>\n<p class=\"p1\"><b>Wie verwenden wir die gesammelten Daten?<\/b><\/p>\n<p class=\"p1\"><b>Kommunikation und Sicherung<\/b><\/p>\n<p class=\"p1\">Wenn Sie \u00fcber unsere Website Nachrichten an uns senden, werden diese gesichert. Manchmal werden wir Sie um Ihre (personenbezogenen) Daten bitten, wenn dies relevant ist. Das versetzt uns in die Lage, Ihre Fragen zu beantworten und Ihren Antr\u00e4ge Folge zu leisten. Wir verschl\u00fcsseln die Informationen, die \u00fcber <span class=\"s1\">www.van-beek.nl<\/span> \u00fcbermittelt werden, mit einem <span class=\"s1\">SSL-Zertifikat<\/span>. Ihre Nachrichten und Daten werden auf einem gesicherten Server von uns oder eines Dritten, mit dem wir einen Verarbeitungsvertrag geschlossen haben, gespeichert. Wir werden Ihre (personenbezogenen) Daten nicht mit anderen Daten kombinieren.<\/p>\n<p class=\"p1\"><b>Zweck<\/b><\/p>\n<p class=\"p1\">Wir sammeln und verwenden die Informationen nicht f\u00fcr andere Zwecke, als in unserer Datenschutzerkl\u00e4rung beschrieben, es sei denn, dass wir Ihre Zustimmung f\u00fcr andere Zwecke erhalten haben.<\/p>\n<p class=\"p1\"><b>Dritte<\/b><\/p>\n<p class=\"p1\">Wir werden Ihre Daten nicht anderen Parteien erteilen. In manchen F\u00e4llen werden Ihre Daten intern geteilt, unsere Mitarbeiter haben aber einen Vertrag unterzeichnet, die Vertraulichkeit Ihrer (personenbezogenen) Daten zu respektieren.<\/p>\n<p class=\"p1\"><b>Google<\/b><\/p>\n<p class=\"p1\">Die Daten werden zu Analyse- und Marketingzwecken an <a href=\"https:\/\/policies.google.com\/technologies\/partner-sites\" rel=\"noopener\" target=\"_blank\">Google<\/a> weitergegeben.<\/p>\n<p class=\"p1\"><b>Anpassungen<\/b><\/p>\n<p class=\"p1\">Diese Datenschutzregelung ist auf den heutigen Status von <span class=\"s1\">www.van-beek.nl <\/span>abgestimmt. Anpassungen oder \u00c4nderungen auf unserer Website k\u00f6nnen zu \u00c4nderungen in der Datenschutzregelung f\u00fchren. Wir empfehlen Ihnen daher, unsere Datenschutzregelung regelm\u00e4\u00dfig zu lesen.<\/p>\n<p class=\"p1\"><b>Ihre (personenbezogenen) Daten<\/b><\/p>\n<p class=\"p1\">Wir speichern Ihre Daten f\u00fcr das richtige Funktionieren unserer Website und f\u00fcr statistische Zwecke. Wir bieten Besuchern die M\u00f6glichkeit, (personenbezogene) Daten, die Sie uns erteilt haben, anzusehen, zu \u00e4ndern oder zu entfernen. Dazu k\u00f6nnen Sie mittels der Kontaktseite auf dieser Website Kontakt mit uns aufnehmen.<\/p>\n<p class=\"p1\"><b>Kommunikation anpassen oder entfernen<\/b><\/p>\n<p class=\"p1\">Wenn Sie m\u00f6chten, dass Ihre (personenbezogenen) Daten ge\u00e4ndert oder aus unseren Dateien entfernt werden, dann k\u00f6nnen Sie mittels der Kontaktseite auf dieser Website Kontakt mit uns aufnehmen.<\/p>\n<p class=\"p1\"><b>Rundschreiben anpassen oder abmelden<\/b><\/p>\n<p class=\"p1\">Wir versenden keine unerw\u00fcnschten E-Mailings oder Rundschreiben. Unter jedem E-Mailing oder Rundschreiben finden Sie die M\u00f6glichkeit, Ihre Daten anzupassen oder sich abzumelden.<\/p>\n<p class=\"p1\"><b>Cookies<\/b><\/p>\n<p class=\"p1\"><span class=\"s1\">www.van-beek.nl<\/span> macht von Cookies Gebrauch, um Ihnen besser dienen zu k\u00f6nnen. Cookies sind kleine Dateien, die sich Ihre Pr\u00e4ferenzen beim Surfen merken und auf Ihrem Computer speichern. Die Informationen, die die Cookies sammeln, werden auf einem gesicherten Server von uns oder eines Dritten, mit dem wir einen Verarbeitungsvertrag geschlossen haben, gespeichert. Wenn Sie unsere Website optimal nutzen m\u00f6chten, dann ist es erforderlich, dass Sie unsere Cookies akzeptieren.<\/p>\n<p class=\"p1\">&gt; <a href=\"https:\/\/van-beek.nl\/de\/cookie-erklaerung\/\">Cookie-Erkl\u00e4rung<\/a><\/p>\n<p class=\"p1\"><b>Fragen und Feedback<\/b><\/p>\n<p class=\"p1\">Wir kontrollieren regelm\u00e4\u00dfig, ob wir das Datenschutzgesetz erf\u00fcllen. Sollten Sie Fragen \u00fcber unsere Datenschutzregelung haben, nehmen Sie dann mittels der Kontaktseite auf dieser Website ruhig Kontakt mit uns auf.<\/p>\n","protected":false},"excerpt":{"rendered":"<p>Wir legen gro\u00dfen Wert auf den Schutz Ihrer Privatsph\u00e4re. Darum haben wir diese Datenschutzerkl\u00e4rung, in der angegeben ist, wie mit Ihren (personenbezogenen) Daten umgegangen wird. Privacy Diese Datenschutzregelung gilt f\u00fcr all unsere Dienstleistungen und Produkte. F\u00fcr die Datenschutzregelung anderer Websites oder Quellen sind wir nicht verantwortlich. Durch die Nutzung von www.van-beek.nl erkennen Sie an, unsere [&hellip;]<\/p>\n","protected":false},"author":1,"featured_media":0,"parent":0,"menu_order":0,"comment_status":"closed","ping_status":"closed","template":"breed.php","meta":{"_acf_changed":false,"content-type":"","inline_featured_image":false,"footnotes":""},"class_list":["post-3860","page","type-page","status-publish","hentry"],"acf":[],"yoast_head":"<!-- This site is optimized with the Yoast SEO plugin v27.5 - https:\/\/yoast.com\/product\/yoast-seo-wordpress\/ -->\n<title>- Van Beek Schroeftransport<\/title>\n<meta name=\"robots\" content=\"index, follow, max-snippet:-1, max-image-preview:large, max-video-preview:-1\" \/>\n<link rel=\"canonical\" href=\"https:\/\/www.van-beek.nl\/de\/datenschutzerklaerung\/\" \/>\n<meta property=\"og:locale\" content=\"de_DE\" \/>\n<meta property=\"og:type\" content=\"article\" \/>\n<meta property=\"og:title\" content=\"- Van Beek Schroeftransport\" \/>\n<meta property=\"og:description\" content=\"Wir legen gro\u00dfen Wert auf den Schutz Ihrer Privatsph\u00e4re. Darum haben wir diese Datenschutzerkl\u00e4rung, in der angegeben ist, wie mit Ihren (personenbezogenen) Daten umgegangen wird. Privacy Diese Datenschutzregelung gilt f\u00fcr all unsere Dienstleistungen und Produkte. F\u00fcr die Datenschutzregelung anderer Websites oder Quellen sind wir nicht verantwortlich. Durch die Nutzung von www.van-beek.nl erkennen Sie an, unsere [&hellip;]\" \/>\n<meta property=\"og:url\" content=\"https:\/\/www.van-beek.nl\/de\/datenschutzerklaerung\/\" \/>\n<meta property=\"og:site_name\" content=\"Van Beek Schroeftransport\" \/>\n<meta property=\"article:modified_time\" content=\"2022-03-21T13:51:02+00:00\" \/>\n<meta name=\"twitter:card\" content=\"summary_large_image\" \/>\n<meta name=\"twitter:label1\" content=\"Gesch\u00e4tzte Lesezeit\" \/>\n\t<meta name=\"twitter:data1\" content=\"3\u00a0Minuten\" \/>\n<script type=\"application\/ld+json\" class=\"yoast-schema-graph\">{\"@context\":\"https:\\\/\\\/schema.org\",\"@graph\":[{\"@type\":\"WebPage\",\"@id\":\"https:\\\/\\\/www.van-beek.nl\\\/de\\\/datenschutzerklaerung\\\/\",\"url\":\"https:\\\/\\\/www.van-beek.nl\\\/de\\\/datenschutzerklaerung\\\/\",\"name\":\"- Van Beek Schroeftransport\",\"isPartOf\":{\"@id\":\"https:\\\/\\\/www.van-beek.nl\\\/de\\\/#website\"},\"datePublished\":\"2021-03-25T09:05:59+00:00\",\"dateModified\":\"2022-03-21T13:51:02+00:00\",\"breadcrumb\":{\"@id\":\"https:\\\/\\\/www.van-beek.nl\\\/de\\\/datenschutzerklaerung\\\/#breadcrumb\"},\"inLanguage\":\"de\",\"potentialAction\":[{\"@type\":\"ReadAction\",\"target\":[\"https:\\\/\\\/www.van-beek.nl\\\/de\\\/datenschutzerklaerung\\\/\"]}]},{\"@type\":\"BreadcrumbList\",\"@id\":\"https:\\\/\\\/www.van-beek.nl\\\/de\\\/datenschutzerklaerung\\\/#breadcrumb\",\"itemListElement\":[{\"@type\":\"ListItem\",\"position\":1,\"name\":\"Home\",\"item\":\"https:\\\/\\\/www.van-beek.nl\\\/de\\\/\"},{\"@type\":\"ListItem\",\"position\":2,\"name\":\"Datenschutzerkl\u00e4rung\"}]},{\"@type\":\"WebSite\",\"@id\":\"https:\\\/\\\/www.van-beek.nl\\\/de\\\/#website\",\"url\":\"https:\\\/\\\/www.van-beek.nl\\\/de\\\/\",\"name\":\"Van Beek Schroeftransport\",\"description\":\"\",\"publisher\":{\"@id\":\"https:\\\/\\\/www.van-beek.nl\\\/de\\\/#organization\"},\"potentialAction\":[{\"@type\":\"SearchAction\",\"target\":{\"@type\":\"EntryPoint\",\"urlTemplate\":\"https:\\\/\\\/www.van-beek.nl\\\/de\\\/?s={search_term_string}\"},\"query-input\":{\"@type\":\"PropertyValueSpecification\",\"valueRequired\":true,\"valueName\":\"search_term_string\"}}],\"inLanguage\":\"de\"},{\"@type\":\"Organization\",\"@id\":\"https:\\\/\\\/www.van-beek.nl\\\/de\\\/#organization\",\"name\":\"Transportschroeven- en machinefabriek Van Beek B.V.\",\"url\":\"https:\\\/\\\/www.van-beek.nl\\\/de\\\/\",\"logo\":{\"@type\":\"ImageObject\",\"inLanguage\":\"de\",\"@id\":\"https:\\\/\\\/www.van-beek.nl\\\/de\\\/#\\\/schema\\\/logo\\\/image\\\/\",\"url\":\"https:\\\/\\\/van-beek.nl\\\/wp-content\\\/uploads\\\/2020\\\/04\\\/VanBeek-logo.png\",\"contentUrl\":\"https:\\\/\\\/van-beek.nl\\\/wp-content\\\/uploads\\\/2020\\\/04\\\/VanBeek-logo.png\",\"width\":116,\"height\":22,\"caption\":\"Transportschroeven- en machinefabriek Van Beek B.V.\"},\"image\":{\"@id\":\"https:\\\/\\\/www.van-beek.nl\\\/de\\\/#\\\/schema\\\/logo\\\/image\\\/\"}}]}<\/script>\n<!-- \/ Yoast SEO plugin. -->","yoast_head_json":{"title":"- Van Beek Schroeftransport","robots":{"index":"index","follow":"follow","max-snippet":"max-snippet:-1","max-image-preview":"max-image-preview:large","max-video-preview":"max-video-preview:-1"},"canonical":"https:\/\/www.van-beek.nl\/de\/datenschutzerklaerung\/","og_locale":"de_DE","og_type":"article","og_title":"- Van Beek Schroeftransport","og_description":"Wir legen gro\u00dfen Wert auf den Schutz Ihrer Privatsph\u00e4re. Darum haben wir diese Datenschutzerkl\u00e4rung, in der angegeben ist, wie mit Ihren (personenbezogenen) Daten umgegangen wird. Privacy Diese Datenschutzregelung gilt f\u00fcr all unsere Dienstleistungen und Produkte. F\u00fcr die Datenschutzregelung anderer Websites oder Quellen sind wir nicht verantwortlich. Durch die Nutzung von www.van-beek.nl erkennen Sie an, unsere [&hellip;]","og_url":"https:\/\/www.van-beek.nl\/de\/datenschutzerklaerung\/","og_site_name":"Van Beek Schroeftransport","article_modified_time":"2022-03-21T13:51:02+00:00","twitter_card":"summary_large_image","twitter_misc":{"Gesch\u00e4tzte Lesezeit":"3\u00a0Minuten"},"schema":{"@context":"https:\/\/schema.org","@graph":[{"@type":"WebPage","@id":"https:\/\/www.van-beek.nl\/de\/datenschutzerklaerung\/","url":"https:\/\/www.van-beek.nl\/de\/datenschutzerklaerung\/","name":"- Van Beek Schroeftransport","isPartOf":{"@id":"https:\/\/www.van-beek.nl\/de\/#website"},"datePublished":"2021-03-25T09:05:59+00:00","dateModified":"2022-03-21T13:51:02+00:00","breadcrumb":{"@id":"https:\/\/www.van-beek.nl\/de\/datenschutzerklaerung\/#breadcrumb"},"inLanguage":"de","potentialAction":[{"@type":"ReadAction","target":["https:\/\/www.van-beek.nl\/de\/datenschutzerklaerung\/"]}]},{"@type":"BreadcrumbList","@id":"https:\/\/www.van-beek.nl\/de\/datenschutzerklaerung\/#breadcrumb","itemListElement":[{"@type":"ListItem","position":1,"name":"Home","item":"https:\/\/www.van-beek.nl\/de\/"},{"@type":"ListItem","position":2,"name":"Datenschutzerkl\u00e4rung"}]},{"@type":"WebSite","@id":"https:\/\/www.van-beek.nl\/de\/#website","url":"https:\/\/www.van-beek.nl\/de\/","name":"Van Beek Schroeftransport","description":"","publisher":{"@id":"https:\/\/www.van-beek.nl\/de\/#organization"},"potentialAction":[{"@type":"SearchAction","target":{"@type":"EntryPoint","urlTemplate":"https:\/\/www.van-beek.nl\/de\/?s={search_term_string}"},"query-input":{"@type":"PropertyValueSpecification","valueRequired":true,"valueName":"search_term_string"}}],"inLanguage":"de"},{"@type":"Organization","@id":"https:\/\/www.van-beek.nl\/de\/#organization","name":"Transportschroeven- en machinefabriek Van Beek B.V.","url":"https:\/\/www.van-beek.nl\/de\/","logo":{"@type":"ImageObject","inLanguage":"de","@id":"https:\/\/www.van-beek.nl\/de\/#\/schema\/logo\/image\/","url":"https:\/\/van-beek.nl\/wp-content\/uploads\/2020\/04\/VanBeek-logo.png","contentUrl":"https:\/\/van-beek.nl\/wp-content\/uploads\/2020\/04\/VanBeek-logo.png","width":116,"height":22,"caption":"Transportschroeven- en machinefabriek Van Beek B.V."},"image":{"@id":"https:\/\/www.van-beek.nl\/de\/#\/schema\/logo\/image\/"}}]}},"_links":{"self":[{"href":"https:\/\/www.van-beek.nl\/de\/wp-json\/wp\/v2\/pages\/3860","targetHints":{"allow":["GET"]}}],"collection":[{"href":"https:\/\/www.van-beek.nl\/de\/wp-json\/wp\/v2\/pages"}],"about":[{"href":"https:\/\/www.van-beek.nl\/de\/wp-json\/wp\/v2\/types\/page"}],"author":[{"embeddable":true,"href":"https:\/\/www.van-beek.nl\/de\/wp-json\/wp\/v2\/users\/1"}],"replies":[{"embeddable":true,"href":"https:\/\/www.van-beek.nl\/de\/wp-json\/wp\/v2\/comments?post=3860"}],"version-history":[{"count":3,"href":"https:\/\/www.van-beek.nl\/de\/wp-json\/wp\/v2\/pages\/3860\/revisions"}],"predecessor-version":[{"id":10623,"href":"https:\/\/www.van-beek.nl\/de\/wp-json\/wp\/v2\/pages\/3860\/revisions\/10623"}],"wp:attachment":[{"href":"https:\/\/www.van-beek.nl\/de\/wp-json\/wp\/v2\/media?parent=3860"}],"curies":[{"name":"wp","href":"https:\/\/api.w.org\/{rel}","templated":true}]}}