{"id":3861,"date":"2021-03-25T09:05:59","date_gmt":"2021-03-25T09:05:59","guid":{"rendered":"https:\/\/van-beek.nl\/cookie-erklaerung\/"},"modified":"2021-06-17T15:20:03","modified_gmt":"2021-06-17T15:20:03","slug":"cookie-erklaerung","status":"publish","type":"page","link":"https:\/\/www.van-beek.nl\/de\/cookie-erklaerung\/","title":{"rendered":"Cookie-Erkl\u00e4rung"},"content":{"rendered":"<p class=\"p1\"><span class=\"s1\">www.van-beek.nl<\/span> macht von Cookies Gebrauch, um Ihnen besser dienen zu k\u00f6nnen.<\/p>\n<p class=\"p1\">&gt; Cookies akzeptieren<\/p>\n<p class=\"p1\"><b>Cookies<\/b><\/p>\n<p class=\"p1\">Cookies sind kleine Dateien, die sich Ihre Pr\u00e4ferenzen beim Surfen merken und auf Ihrem Computer speichern.<\/p>\n<p class=\"p1\"><b>Sicherung <\/b><\/p>\n<p class=\"p1\">Die Informationen, die die Cookies sammeln, werden auf einem gesicherten Server von uns oder eines Dritten, mit dem wir einen Verarbeitungsvertrag geschlossen haben, gespeichert.<\/p>\n<p class=\"p1\"><b>Akzeptieren<\/b><\/p>\n<p class=\"p1\">Wenn Sie unsere Website optimal nutzen m\u00f6chten, dann ist es erforderlich, dass Sie unsere Cookies akzeptieren. Das ist auf zweierlei Weise m\u00f6glich: die Cookie-Meldung, die Sie bei Ihrem ersten Besuch sehen, akzeptieren oder auf unserer Website einfach weitergehen.<\/p>\n<p class=\"p1\"><b>Ausschalten<\/b><\/p>\n<p class=\"p1\">M\u00f6chten Sie nicht, dass wir auf Ihrem Computer Cookies setzen? Dann m\u00fcssen Sie Ihre Browsereinstellungen anpassen. Sie bekommen dann eine Warnung, bevor Cookies gesetzt werden. Auch k\u00f6nnen Sie anpassen, dass Ihr Browser alle Cookies oder nur die Cookies Dritter ablehnt. Zum Schluss k\u00f6nnen Sie Cookies, die bereits gesetzt worden sind, entfernen. Achten Sie darauf, dass Sie die Einstellungen f\u00fcr jeden Browser und jeden Computer, den Sie nutzen, separat anpassen m\u00fcssen.<\/p>\n<p class=\"p1\"><b>Wir k\u00f6nnen Cookies setzen, die:<\/b><\/p>\n<p class=\"p1\">\u2022\u00a0F\u00fcr die das Funktionieren der Website erforderlich sind<\/p>\n<p class=\"p1\">\u2022\u00a0Verhindern, dass Daten h\u00e4ufiger ausgef\u00fcllt werden m\u00fcssen<\/p>\n<p class=\"p1\">\u2022\u00a0Die Website aufgrund von Leistungen verbessern<\/p>\n<p class=\"p1\">\u2022\u00a0Die Geschwindigkeit der Website \u00fcberwachen<\/p>\n<p class=\"p1\">\u2022\u00a0Das Besucherverhalten erfassen<\/p>\n<p class=\"p1\">\u2022\u00a0Die Website aufgrund pers\u00f6nlicher Pr\u00e4ferenzen anpassen<\/p>\n<p class=\"p1\">\u2022\u00a0Pers\u00f6nliche Informationen speichern, um relevante Angebote zu erm\u00f6glichen<\/p>\n<p class=\"p1\">\u2022\u00a0Relevante Anzeigen im Internet zeigen<\/p>\n<p class=\"p1\">\u2022\u00a0Social Media Funktionen erm\u00f6glichen<\/p>\n<p class=\"p1\"><b>Fragen?<\/b><\/p>\n<p class=\"p1\">Sollten Sie \u00fcber unsere Cookie-Richtlinie noch Fragen haben, nehmen Sie dann mittels der Kontaktseite auf dieser Website ruhig Kontakt mit uns auf.<\/p>\n<p class=\"p1\"><b>Privatsph\u00e4re<\/b><\/p>\n<p class=\"p1\">Wir legen gro\u00dfen Wert auf den Schutz Ihrer Privatsph\u00e4re. Darum haben wir eine <a href=\"https:\/\/van-beek.nl\/de\/datenschutzerklaerung\/\"><span class=\"s2\">Datenschutzerkl\u00e4rung<\/span><\/a>, in der angegeben ist, wie mit Ihren (personenbezogenen) Daten umgegangen wird.<\/p>\n","protected":false},"excerpt":{"rendered":"<p>www.van-beek.nl macht von Cookies Gebrauch, um Ihnen besser dienen zu k\u00f6nnen. &gt; Cookies akzeptieren Cookies Cookies sind kleine Dateien, die sich Ihre Pr\u00e4ferenzen beim Surfen merken und auf Ihrem Computer speichern. Sicherung Die Informationen, die die Cookies sammeln, werden auf einem gesicherten Server von uns oder eines Dritten, mit dem wir einen Verarbeitungsvertrag geschlossen haben, [&hellip;]<\/p>\n","protected":false},"author":1,"featured_media":0,"parent":0,"menu_order":0,"comment_status":"closed","ping_status":"closed","template":"breed.php","meta":{"_acf_changed":false,"content-type":"","inline_featured_image":false,"footnotes":""},"class_list":["post-3861","page","type-page","status-publish","hentry"],"acf":[],"yoast_head":"<!-- This site is optimized with the Yoast SEO plugin v27.5 - https:\/\/yoast.com\/product\/yoast-seo-wordpress\/ -->\n<title>- Van Beek Schroeftransport<\/title>\n<meta name=\"robots\" content=\"index, follow, max-snippet:-1, max-image-preview:large, max-video-preview:-1\" \/>\n<link rel=\"canonical\" href=\"https:\/\/www.van-beek.nl\/de\/cookie-erklaerung\/\" \/>\n<meta property=\"og:locale\" content=\"de_DE\" \/>\n<meta property=\"og:type\" content=\"article\" \/>\n<meta property=\"og:title\" content=\"- Van Beek Schroeftransport\" \/>\n<meta property=\"og:description\" content=\"www.van-beek.nl macht von Cookies Gebrauch, um Ihnen besser dienen zu k\u00f6nnen. &gt; Cookies akzeptieren Cookies Cookies sind kleine Dateien, die sich Ihre Pr\u00e4ferenzen beim Surfen merken und auf Ihrem Computer speichern. Sicherung Die Informationen, die die Cookies sammeln, werden auf einem gesicherten Server von uns oder eines Dritten, mit dem wir einen Verarbeitungsvertrag geschlossen haben, [&hellip;]\" \/>\n<meta property=\"og:url\" content=\"https:\/\/www.van-beek.nl\/de\/cookie-erklaerung\/\" \/>\n<meta property=\"og:site_name\" content=\"Van Beek Schroeftransport\" \/>\n<meta property=\"article:modified_time\" content=\"2021-06-17T15:20:03+00:00\" \/>\n<meta name=\"twitter:card\" content=\"summary_large_image\" \/>\n<meta name=\"twitter:label1\" content=\"Gesch\u00e4tzte Lesezeit\" \/>\n\t<meta name=\"twitter:data1\" content=\"2\u00a0Minuten\" \/>\n<script type=\"application\/ld+json\" class=\"yoast-schema-graph\">{\"@context\":\"https:\\\/\\\/schema.org\",\"@graph\":[{\"@type\":\"WebPage\",\"@id\":\"https:\\\/\\\/www.van-beek.nl\\\/de\\\/cookie-erklaerung\\\/\",\"url\":\"https:\\\/\\\/www.van-beek.nl\\\/de\\\/cookie-erklaerung\\\/\",\"name\":\"- Van Beek Schroeftransport\",\"isPartOf\":{\"@id\":\"https:\\\/\\\/www.van-beek.nl\\\/de\\\/#website\"},\"datePublished\":\"2021-03-25T09:05:59+00:00\",\"dateModified\":\"2021-06-17T15:20:03+00:00\",\"breadcrumb\":{\"@id\":\"https:\\\/\\\/www.van-beek.nl\\\/de\\\/cookie-erklaerung\\\/#breadcrumb\"},\"inLanguage\":\"de\",\"potentialAction\":[{\"@type\":\"ReadAction\",\"target\":[\"https:\\\/\\\/www.van-beek.nl\\\/de\\\/cookie-erklaerung\\\/\"]}]},{\"@type\":\"BreadcrumbList\",\"@id\":\"https:\\\/\\\/www.van-beek.nl\\\/de\\\/cookie-erklaerung\\\/#breadcrumb\",\"itemListElement\":[{\"@type\":\"ListItem\",\"position\":1,\"name\":\"Home\",\"item\":\"https:\\\/\\\/www.van-beek.nl\\\/de\\\/\"},{\"@type\":\"ListItem\",\"position\":2,\"name\":\"Cookie-Erkl\u00e4rung\"}]},{\"@type\":\"WebSite\",\"@id\":\"https:\\\/\\\/www.van-beek.nl\\\/de\\\/#website\",\"url\":\"https:\\\/\\\/www.van-beek.nl\\\/de\\\/\",\"name\":\"Van Beek Schroeftransport\",\"description\":\"\",\"publisher\":{\"@id\":\"https:\\\/\\\/www.van-beek.nl\\\/de\\\/#organization\"},\"potentialAction\":[{\"@type\":\"SearchAction\",\"target\":{\"@type\":\"EntryPoint\",\"urlTemplate\":\"https:\\\/\\\/www.van-beek.nl\\\/de\\\/?s={search_term_string}\"},\"query-input\":{\"@type\":\"PropertyValueSpecification\",\"valueRequired\":true,\"valueName\":\"search_term_string\"}}],\"inLanguage\":\"de\"},{\"@type\":\"Organization\",\"@id\":\"https:\\\/\\\/www.van-beek.nl\\\/de\\\/#organization\",\"name\":\"Transportschroeven- en machinefabriek Van Beek B.V.\",\"url\":\"https:\\\/\\\/www.van-beek.nl\\\/de\\\/\",\"logo\":{\"@type\":\"ImageObject\",\"inLanguage\":\"de\",\"@id\":\"https:\\\/\\\/www.van-beek.nl\\\/de\\\/#\\\/schema\\\/logo\\\/image\\\/\",\"url\":\"https:\\\/\\\/van-beek.nl\\\/wp-content\\\/uploads\\\/2020\\\/04\\\/VanBeek-logo.png\",\"contentUrl\":\"https:\\\/\\\/van-beek.nl\\\/wp-content\\\/uploads\\\/2020\\\/04\\\/VanBeek-logo.png\",\"width\":116,\"height\":22,\"caption\":\"Transportschroeven- en machinefabriek Van Beek B.V.\"},\"image\":{\"@id\":\"https:\\\/\\\/www.van-beek.nl\\\/de\\\/#\\\/schema\\\/logo\\\/image\\\/\"}}]}<\/script>\n<!-- \/ Yoast SEO plugin. -->","yoast_head_json":{"title":"- Van Beek Schroeftransport","robots":{"index":"index","follow":"follow","max-snippet":"max-snippet:-1","max-image-preview":"max-image-preview:large","max-video-preview":"max-video-preview:-1"},"canonical":"https:\/\/www.van-beek.nl\/de\/cookie-erklaerung\/","og_locale":"de_DE","og_type":"article","og_title":"- Van Beek Schroeftransport","og_description":"www.van-beek.nl macht von Cookies Gebrauch, um Ihnen besser dienen zu k\u00f6nnen. &gt; Cookies akzeptieren Cookies Cookies sind kleine Dateien, die sich Ihre Pr\u00e4ferenzen beim Surfen merken und auf Ihrem Computer speichern. Sicherung Die Informationen, die die Cookies sammeln, werden auf einem gesicherten Server von uns oder eines Dritten, mit dem wir einen Verarbeitungsvertrag geschlossen haben, [&hellip;]","og_url":"https:\/\/www.van-beek.nl\/de\/cookie-erklaerung\/","og_site_name":"Van Beek Schroeftransport","article_modified_time":"2021-06-17T15:20:03+00:00","twitter_card":"summary_large_image","twitter_misc":{"Gesch\u00e4tzte Lesezeit":"2\u00a0Minuten"},"schema":{"@context":"https:\/\/schema.org","@graph":[{"@type":"WebPage","@id":"https:\/\/www.van-beek.nl\/de\/cookie-erklaerung\/","url":"https:\/\/www.van-beek.nl\/de\/cookie-erklaerung\/","name":"- Van Beek Schroeftransport","isPartOf":{"@id":"https:\/\/www.van-beek.nl\/de\/#website"},"datePublished":"2021-03-25T09:05:59+00:00","dateModified":"2021-06-17T15:20:03+00:00","breadcrumb":{"@id":"https:\/\/www.van-beek.nl\/de\/cookie-erklaerung\/#breadcrumb"},"inLanguage":"de","potentialAction":[{"@type":"ReadAction","target":["https:\/\/www.van-beek.nl\/de\/cookie-erklaerung\/"]}]},{"@type":"BreadcrumbList","@id":"https:\/\/www.van-beek.nl\/de\/cookie-erklaerung\/#breadcrumb","itemListElement":[{"@type":"ListItem","position":1,"name":"Home","item":"https:\/\/www.van-beek.nl\/de\/"},{"@type":"ListItem","position":2,"name":"Cookie-Erkl\u00e4rung"}]},{"@type":"WebSite","@id":"https:\/\/www.van-beek.nl\/de\/#website","url":"https:\/\/www.van-beek.nl\/de\/","name":"Van Beek Schroeftransport","description":"","publisher":{"@id":"https:\/\/www.van-beek.nl\/de\/#organization"},"potentialAction":[{"@type":"SearchAction","target":{"@type":"EntryPoint","urlTemplate":"https:\/\/www.van-beek.nl\/de\/?s={search_term_string}"},"query-input":{"@type":"PropertyValueSpecification","valueRequired":true,"valueName":"search_term_string"}}],"inLanguage":"de"},{"@type":"Organization","@id":"https:\/\/www.van-beek.nl\/de\/#organization","name":"Transportschroeven- en machinefabriek Van Beek B.V.","url":"https:\/\/www.van-beek.nl\/de\/","logo":{"@type":"ImageObject","inLanguage":"de","@id":"https:\/\/www.van-beek.nl\/de\/#\/schema\/logo\/image\/","url":"https:\/\/van-beek.nl\/wp-content\/uploads\/2020\/04\/VanBeek-logo.png","contentUrl":"https:\/\/van-beek.nl\/wp-content\/uploads\/2020\/04\/VanBeek-logo.png","width":116,"height":22,"caption":"Transportschroeven- en machinefabriek Van Beek B.V."},"image":{"@id":"https:\/\/www.van-beek.nl\/de\/#\/schema\/logo\/image\/"}}]}},"_links":{"self":[{"href":"https:\/\/www.van-beek.nl\/de\/wp-json\/wp\/v2\/pages\/3861","targetHints":{"allow":["GET"]}}],"collection":[{"href":"https:\/\/www.van-beek.nl\/de\/wp-json\/wp\/v2\/pages"}],"about":[{"href":"https:\/\/www.van-beek.nl\/de\/wp-json\/wp\/v2\/types\/page"}],"author":[{"embeddable":true,"href":"https:\/\/www.van-beek.nl\/de\/wp-json\/wp\/v2\/users\/1"}],"replies":[{"embeddable":true,"href":"https:\/\/www.van-beek.nl\/de\/wp-json\/wp\/v2\/comments?post=3861"}],"version-history":[{"count":2,"href":"https:\/\/www.van-beek.nl\/de\/wp-json\/wp\/v2\/pages\/3861\/revisions"}],"predecessor-version":[{"id":8107,"href":"https:\/\/www.van-beek.nl\/de\/wp-json\/wp\/v2\/pages\/3861\/revisions\/8107"}],"wp:attachment":[{"href":"https:\/\/www.van-beek.nl\/de\/wp-json\/wp\/v2\/media?parent=3861"}],"curies":[{"name":"wp","href":"https:\/\/api.w.org\/{rel}","templated":true}]}}