{"id":3864,"date":"2020-03-18T12:46:10","date_gmt":"2020-03-18T12:46:10","guid":{"rendered":"https:\/\/van-beek.nl\/schneckenfoerderer\/"},"modified":"2022-10-17T11:40:22","modified_gmt":"2022-10-17T09:40:22","slug":"schneckenfoerderer","status":"publish","type":"page","link":"https:\/\/www.van-beek.nl\/de\/schneckenfoerderer\/","title":{"rendered":"Schneckenf\u00f6rderer"},"content":{"rendered":"<h2>Die Vorteile von Schneckenf\u00f6rderern<\/h2>\n<p>Schneckenf\u00f6rderanlagen eignen sich insbesondere dazu, Sch\u00fcttg\u00fcter wie Pulver oder K\u00f6rner ohne Staub- und L\u00e4rmbeeintr\u00e4chtigung waagerecht oder in einem Winkel von bis zu 90 \u00b0 nach oben zu bef\u00f6rdern. Aber auch Granulate, Flocken und Pasten lassen sich mit einem Schneckenf\u00f6rderer schnell, sicher und hygienisch vom einen Ort an den anderen transportieren, da es sich dabei um ein geschlossenes System mit integrierten Ein- und Ausl\u00e4ufen handelt.<\/p>\n<h2>Schneckenf\u00f6rderer f\u00fcr alle Arten von Materialien<\/h2>\n<p>Die Schneckenf\u00f6rderer von Van Beek eignen sich zum Transport fast aller Massengutarten, wie Pulver, Granulate, K\u00f6rner, Flocken und Pasten, zum Beispiel:<\/p>\n<ul>\n<li>Explosionsgef\u00e4hrliche Stoffe wie Mehl, Milchpulver oder Zucker<\/li>\n<li>Geruchsintensive Stoffe wie Gew\u00fcrzmischungen<\/li>\n<li>Schlick, Hausm\u00fcll, Sch\u00fcttgut, K\u00fcchenabf\u00e4lle und Rechengut<\/li>\n<li>Klebrige und faserige Stoffe<\/li>\n<li>Stoffe, deren Struktur stark variiert, wie Post-Consumer- und Post-Industrial-Abf\u00e4lle<\/li>\n<li>Schwierig transportierbares Gem\u00fcse, wie Spinat oder Sauerkraut<\/li>\n<li>Produkte mit einem hohen S\u00e4uregehalt, wie Zitronens\u00e4urepulver<\/li>\n<li>Abrasive und korrosive Produkte, wie Mineralien oder Glasfasern<\/li>\n<\/ul>\n<h2>Schneckenf\u00f6rderer sind universell einsetzbar<\/h2>\n<p>Wir k\u00f6nnen f\u00fcr fast jeden Einsatzzweck und alle Anforderungen einen geeigneten Schneckenf\u00f6rderer entwickeln:<\/p>\n<ul>\n<li>Staubfreier Transport<\/li>\n<li>Regelm\u00e4\u00dfige ergonomische Reinigung <a href=\"\/schroeftransporteurs\/hypreme-hygienische-transporteurs\/\">(CIP)<\/a> und Inspektion des F\u00f6rderers<\/li>\n<li>Ger\u00e4uscharmer Transport<\/li>\n<li>Alle denkbaren F\u00f6rderwinkel sind m\u00f6glich, auch die vertikale Bef\u00f6rderung<\/li>\n<li>Gasdichter Transport<\/li>\n<li>Wellenloser Transport<\/li>\n<li>Hygienischer Transport<\/li>\n<li>Produktstr\u00f6me mit sehr hohen oder sehr niedrigen Temperaturen<\/li>\n<\/ul>\n<p>Suchen Sie eine ATEX Schneckenf\u00f6rderanlage zum Einsatz in einer explosionsgef\u00e4hrdeten Umgebung? Oder m\u00f6chten Sie Ihre Lebensmittel m\u00f6glichst hygienisch transportieren? Wir k\u00f6nnen f\u00fcr jeden Einsatzzweck und alle Anforderungen eine passende L\u00f6sung entwickeln.<\/p>\n","protected":false},"excerpt":{"rendered":"<p>Die Vorteile von Schneckenf\u00f6rderern Schneckenf\u00f6rderanlagen eignen sich insbesondere dazu, Sch\u00fcttg\u00fcter wie Pulver oder K\u00f6rner ohne Staub- und L\u00e4rmbeeintr\u00e4chtigung waagerecht oder in einem Winkel von bis zu 90 \u00b0 nach oben zu bef\u00f6rdern. Aber auch Granulate, Flocken und Pasten lassen sich mit einem Schneckenf\u00f6rderer schnell, sicher und hygienisch vom einen Ort an den anderen transportieren, da [&hellip;]<\/p>\n","protected":false},"author":1,"featured_media":0,"parent":0,"menu_order":-1,"comment_status":"closed","ping_status":"closed","template":"silo-home.php","meta":{"_acf_changed":false,"content-type":"","inline_featured_image":false,"footnotes":""},"class_list":["post-3864","page","type-page","status-publish","hentry"],"acf":[],"yoast_head":"<!-- This site is optimized with the Yoast SEO plugin v27.5 - https:\/\/yoast.com\/product\/yoast-seo-wordpress\/ -->\n<title>Schneckenf\u00f6rderer: alle Informationen auf einen Blick | Van Beek<\/title>\n<meta name=\"description\" content=\"Entdecken Sie hier ma\u00dfgeschneiderte Schneckenf\u00f6rderer f\u00fcr den horizontalen und vertikalen Transport von Feststoffen.\" \/>\n<meta name=\"robots\" content=\"index, follow, max-snippet:-1, max-image-preview:large, max-video-preview:-1\" \/>\n<link rel=\"canonical\" href=\"https:\/\/www.van-beek.nl\/de\/schneckenfoerderer\/\" \/>\n<meta property=\"og:locale\" content=\"de_DE\" \/>\n<meta property=\"og:type\" content=\"article\" \/>\n<meta property=\"og:title\" content=\"Schneckenf\u00f6rderer: alle Informationen auf einen Blick | Van Beek\" \/>\n<meta property=\"og:description\" content=\"Entdecken Sie hier ma\u00dfgeschneiderte Schneckenf\u00f6rderer f\u00fcr den horizontalen und vertikalen Transport von Feststoffen.\" \/>\n<meta property=\"og:url\" content=\"https:\/\/www.van-beek.nl\/de\/schneckenfoerderer\/\" \/>\n<meta property=\"og:site_name\" content=\"Van Beek Schroeftransport\" \/>\n<meta property=\"article:modified_time\" content=\"2022-10-17T09:40:22+00:00\" \/>\n<meta name=\"twitter:card\" content=\"summary_large_image\" \/>\n<meta name=\"twitter:label1\" content=\"Gesch\u00e4tzte Lesezeit\" \/>\n\t<meta name=\"twitter:data1\" content=\"2\u00a0Minuten\" \/>\n<script type=\"application\/ld+json\" class=\"yoast-schema-graph\">{\"@context\":\"https:\\\/\\\/schema.org\",\"@graph\":[{\"@type\":\"WebPage\",\"@id\":\"https:\\\/\\\/www.van-beek.nl\\\/de\\\/schneckenfoerderer\\\/\",\"url\":\"https:\\\/\\\/www.van-beek.nl\\\/de\\\/schneckenfoerderer\\\/\",\"name\":\"Schneckenf\u00f6rderer: alle Informationen auf einen Blick | Van Beek\",\"isPartOf\":{\"@id\":\"https:\\\/\\\/www.van-beek.nl\\\/de\\\/#website\"},\"datePublished\":\"2020-03-18T12:46:10+00:00\",\"dateModified\":\"2022-10-17T09:40:22+00:00\",\"description\":\"Entdecken Sie hier ma\u00dfgeschneiderte Schneckenf\u00f6rderer f\u00fcr den horizontalen und vertikalen Transport von Feststoffen.\",\"breadcrumb\":{\"@id\":\"https:\\\/\\\/www.van-beek.nl\\\/de\\\/schneckenfoerderer\\\/#breadcrumb\"},\"inLanguage\":\"de\",\"potentialAction\":[{\"@type\":\"ReadAction\",\"target\":[\"https:\\\/\\\/www.van-beek.nl\\\/de\\\/schneckenfoerderer\\\/\"]}]},{\"@type\":\"BreadcrumbList\",\"@id\":\"https:\\\/\\\/www.van-beek.nl\\\/de\\\/schneckenfoerderer\\\/#breadcrumb\",\"itemListElement\":[{\"@type\":\"ListItem\",\"position\":1,\"name\":\"Home\",\"item\":\"https:\\\/\\\/www.van-beek.nl\\\/de\\\/\"},{\"@type\":\"ListItem\",\"position\":2,\"name\":\"Schneckenf\u00f6rderer\"}]},{\"@type\":\"WebSite\",\"@id\":\"https:\\\/\\\/www.van-beek.nl\\\/de\\\/#website\",\"url\":\"https:\\\/\\\/www.van-beek.nl\\\/de\\\/\",\"name\":\"Van Beek Schroeftransport\",\"description\":\"\",\"publisher\":{\"@id\":\"https:\\\/\\\/www.van-beek.nl\\\/de\\\/#organization\"},\"potentialAction\":[{\"@type\":\"SearchAction\",\"target\":{\"@type\":\"EntryPoint\",\"urlTemplate\":\"https:\\\/\\\/www.van-beek.nl\\\/de\\\/?s={search_term_string}\"},\"query-input\":{\"@type\":\"PropertyValueSpecification\",\"valueRequired\":true,\"valueName\":\"search_term_string\"}}],\"inLanguage\":\"de\"},{\"@type\":\"Organization\",\"@id\":\"https:\\\/\\\/www.van-beek.nl\\\/de\\\/#organization\",\"name\":\"Transportschroeven- en machinefabriek Van Beek B.V.\",\"url\":\"https:\\\/\\\/www.van-beek.nl\\\/de\\\/\",\"logo\":{\"@type\":\"ImageObject\",\"inLanguage\":\"de\",\"@id\":\"https:\\\/\\\/www.van-beek.nl\\\/de\\\/#\\\/schema\\\/logo\\\/image\\\/\",\"url\":\"https:\\\/\\\/van-beek.nl\\\/wp-content\\\/uploads\\\/2020\\\/04\\\/VanBeek-logo.png\",\"contentUrl\":\"https:\\\/\\\/van-beek.nl\\\/wp-content\\\/uploads\\\/2020\\\/04\\\/VanBeek-logo.png\",\"width\":116,\"height\":22,\"caption\":\"Transportschroeven- en machinefabriek Van Beek B.V.\"},\"image\":{\"@id\":\"https:\\\/\\\/www.van-beek.nl\\\/de\\\/#\\\/schema\\\/logo\\\/image\\\/\"}}]}<\/script>\n<!-- \/ Yoast SEO plugin. -->","yoast_head_json":{"title":"Schneckenf\u00f6rderer: alle Informationen auf einen Blick | Van Beek","description":"Entdecken Sie hier ma\u00dfgeschneiderte Schneckenf\u00f6rderer f\u00fcr den horizontalen und vertikalen Transport von Feststoffen.","robots":{"index":"index","follow":"follow","max-snippet":"max-snippet:-1","max-image-preview":"max-image-preview:large","max-video-preview":"max-video-preview:-1"},"canonical":"https:\/\/www.van-beek.nl\/de\/schneckenfoerderer\/","og_locale":"de_DE","og_type":"article","og_title":"Schneckenf\u00f6rderer: alle Informationen auf einen Blick | Van Beek","og_description":"Entdecken Sie hier ma\u00dfgeschneiderte Schneckenf\u00f6rderer f\u00fcr den horizontalen und vertikalen Transport von Feststoffen.","og_url":"https:\/\/www.van-beek.nl\/de\/schneckenfoerderer\/","og_site_name":"Van Beek Schroeftransport","article_modified_time":"2022-10-17T09:40:22+00:00","twitter_card":"summary_large_image","twitter_misc":{"Gesch\u00e4tzte Lesezeit":"2\u00a0Minuten"},"schema":{"@context":"https:\/\/schema.org","@graph":[{"@type":"WebPage","@id":"https:\/\/www.van-beek.nl\/de\/schneckenfoerderer\/","url":"https:\/\/www.van-beek.nl\/de\/schneckenfoerderer\/","name":"Schneckenf\u00f6rderer: alle Informationen auf einen Blick | Van Beek","isPartOf":{"@id":"https:\/\/www.van-beek.nl\/de\/#website"},"datePublished":"2020-03-18T12:46:10+00:00","dateModified":"2022-10-17T09:40:22+00:00","description":"Entdecken Sie hier ma\u00dfgeschneiderte Schneckenf\u00f6rderer f\u00fcr den horizontalen und vertikalen Transport von Feststoffen.","breadcrumb":{"@id":"https:\/\/www.van-beek.nl\/de\/schneckenfoerderer\/#breadcrumb"},"inLanguage":"de","potentialAction":[{"@type":"ReadAction","target":["https:\/\/www.van-beek.nl\/de\/schneckenfoerderer\/"]}]},{"@type":"BreadcrumbList","@id":"https:\/\/www.van-beek.nl\/de\/schneckenfoerderer\/#breadcrumb","itemListElement":[{"@type":"ListItem","position":1,"name":"Home","item":"https:\/\/www.van-beek.nl\/de\/"},{"@type":"ListItem","position":2,"name":"Schneckenf\u00f6rderer"}]},{"@type":"WebSite","@id":"https:\/\/www.van-beek.nl\/de\/#website","url":"https:\/\/www.van-beek.nl\/de\/","name":"Van Beek Schroeftransport","description":"","publisher":{"@id":"https:\/\/www.van-beek.nl\/de\/#organization"},"potentialAction":[{"@type":"SearchAction","target":{"@type":"EntryPoint","urlTemplate":"https:\/\/www.van-beek.nl\/de\/?s={search_term_string}"},"query-input":{"@type":"PropertyValueSpecification","valueRequired":true,"valueName":"search_term_string"}}],"inLanguage":"de"},{"@type":"Organization","@id":"https:\/\/www.van-beek.nl\/de\/#organization","name":"Transportschroeven- en machinefabriek Van Beek B.V.","url":"https:\/\/www.van-beek.nl\/de\/","logo":{"@type":"ImageObject","inLanguage":"de","@id":"https:\/\/www.van-beek.nl\/de\/#\/schema\/logo\/image\/","url":"https:\/\/van-beek.nl\/wp-content\/uploads\/2020\/04\/VanBeek-logo.png","contentUrl":"https:\/\/van-beek.nl\/wp-content\/uploads\/2020\/04\/VanBeek-logo.png","width":116,"height":22,"caption":"Transportschroeven- en machinefabriek Van Beek B.V."},"image":{"@id":"https:\/\/www.van-beek.nl\/de\/#\/schema\/logo\/image\/"}}]}},"_links":{"self":[{"href":"https:\/\/www.van-beek.nl\/de\/wp-json\/wp\/v2\/pages\/3864","targetHints":{"allow":["GET"]}}],"collection":[{"href":"https:\/\/www.van-beek.nl\/de\/wp-json\/wp\/v2\/pages"}],"about":[{"href":"https:\/\/www.van-beek.nl\/de\/wp-json\/wp\/v2\/types\/page"}],"author":[{"embeddable":true,"href":"https:\/\/www.van-beek.nl\/de\/wp-json\/wp\/v2\/users\/1"}],"replies":[{"embeddable":true,"href":"https:\/\/www.van-beek.nl\/de\/wp-json\/wp\/v2\/comments?post=3864"}],"version-history":[{"count":5,"href":"https:\/\/www.van-beek.nl\/de\/wp-json\/wp\/v2\/pages\/3864\/revisions"}],"predecessor-version":[{"id":11209,"href":"https:\/\/www.van-beek.nl\/de\/wp-json\/wp\/v2\/pages\/3864\/revisions\/11209"}],"wp:attachment":[{"href":"https:\/\/www.van-beek.nl\/de\/wp-json\/wp\/v2\/media?parent=3864"}],"curies":[{"name":"wp","href":"https:\/\/api.w.org\/{rel}","templated":true}]}}