{"id":3865,"date":"2020-03-31T11:58:30","date_gmt":"2020-03-31T11:58:30","guid":{"rendered":"https:\/\/van-beek.nl\/ueber-uns\/van-beek-refurbished\/"},"modified":"2021-06-15T13:59:10","modified_gmt":"2021-06-15T13:59:10","slug":"van-beek-refurbished","status":"publish","type":"page","link":"https:\/\/www.van-beek.nl\/de\/ueber-uns\/van-beek-refurbished\/","title":{"rendered":"Van Beek Refurbished"},"content":{"rendered":"<p><strong>Unsere einzigartige R\u00fcckkaufgarantie sorgt daf\u00fcr, dass Ihre Van Beek Schneckenf\u00f6rderer nochmal verwendet werden und nicht als Schrott enden.<\/strong><\/p>\n<h2>Die Vorteile von Van Beek Refurbished<\/h2>\n<p>Wir von Van Beek gew\u00e4hrleisten die Qualit\u00e4t und Nachhaltigkeit der Produkte. Wir sehen auch aus gesellschaftlicher Hinsicht die Notwendigkeit f\u00fcr Nachhaltigkeit. Um sie auch k\u00fcnftig garantieren zu k\u00f6nnen, bieten wir unseren Kunden diesen zus\u00e4tzlichen Service in Kooperation mit unserem Partner <a href=\"https:\/\/www.surplusselect.de\/\">Surplus Select<\/a>.<\/p>\n<h2>Wie ist der Ablauf?<\/h2>\n<p>Sobald der Preis vereinbart wurde, holen wir die Maschine bei Ihnen ab. Wir \u00fcberholen die Maschine in unserer Produktionshalle gr\u00fcndlich. Surplus Select sorgt anschlie\u00dfend daf\u00fcr, dass die Maschine mit einem Jahr Garantie wieder eingesetzt wird.<\/p>\n<h2>Die Vorteile von general\u00fcberholten Schneckenw\u00e4rmetauschern<\/h2>\n<p>Wenn Sie eine general\u00fcberholte Maschine anschaffen, werden Sie nicht mit Lieferzeiten konfrontiert. Als Verk\u00e4ufer der Maschine tragen Sie zur Nachhaltigkeit in Ihrer Branche bei.<\/p>\n<h2>\u00dcber Surplus Select<\/h2>\n<p><a href=\"https:\/\/www.surplusselect.de\/\">Surplus Select<\/a> hat sich auf den Ein- und Verkauf von gebrauchten Maschinen der Verfahrensindustrie spezialisiert. Der Sitz des Unternehmens befindet sich in Swifterbant. Das breite Sortiment von Surplus Select besteht aus Mischern, R\u00fcttelsieben und Schneckenf\u00f6rderern.<\/p>\n<h2>M\u00f6chten Sie mehr erfahren?<\/h2>\n<p>M\u00f6chten Sie erfahren, ob Ihre Maschine f\u00fcr das Van Beek Refurbished Programm in Frage kommt oder w\u00e4ren Sie an einer general\u00fcberholten Maschine interessiert? Bitte <a href=\"\/de\/schneckenfoerderer\/kontakt-van-beek\/\">wenden Sie sich dann an uns<\/a>.<\/p>\n","protected":false},"excerpt":{"rendered":"<p>Unsere einzigartige R\u00fcckkaufgarantie sorgt daf\u00fcr, dass Ihre Van Beek Schneckenf\u00f6rderer nochmal verwendet werden und nicht als Schrott enden. Die Vorteile von Van Beek Refurbished Wir von Van Beek gew\u00e4hrleisten die Qualit\u00e4t und Nachhaltigkeit der Produkte. Wir sehen auch aus gesellschaftlicher Hinsicht die Notwendigkeit f\u00fcr Nachhaltigkeit. Um sie auch k\u00fcnftig garantieren zu k\u00f6nnen, bieten wir unseren [&hellip;]<\/p>\n","protected":false},"author":1,"featured_media":0,"parent":3829,"menu_order":0,"comment_status":"closed","ping_status":"closed","template":"breed.php","meta":{"_acf_changed":false,"content-type":"","inline_featured_image":false,"footnotes":""},"class_list":["post-3865","page","type-page","status-publish","hentry"],"acf":[],"yoast_head":"<!-- This site is optimized with the Yoast SEO plugin v27.5 - https:\/\/yoast.com\/product\/yoast-seo-wordpress\/ -->\n<title>Nutzen Sie unsere R\u00fcckkaufgarantie | Van Beek<\/title>\n<meta name=\"description\" content=\"Unsere einzigartige R\u00fcckkaufgarantie sorgt daf\u00fcr, dass Ihre Van Beek Schneckenf\u00f6rderer nochmal verwendet werden und nicht als Schrott enden.\" \/>\n<meta name=\"robots\" content=\"index, follow, max-snippet:-1, max-image-preview:large, max-video-preview:-1\" \/>\n<link rel=\"canonical\" href=\"https:\/\/www.van-beek.nl\/de\/ueber-uns\/van-beek-refurbished\/\" \/>\n<meta property=\"og:locale\" content=\"de_DE\" \/>\n<meta property=\"og:type\" content=\"article\" \/>\n<meta property=\"og:title\" content=\"Nutzen Sie unsere R\u00fcckkaufgarantie | Van Beek\" \/>\n<meta property=\"og:description\" content=\"Unsere einzigartige R\u00fcckkaufgarantie sorgt daf\u00fcr, dass Ihre Van Beek Schneckenf\u00f6rderer nochmal verwendet werden und nicht als Schrott enden.\" \/>\n<meta property=\"og:url\" content=\"https:\/\/www.van-beek.nl\/de\/ueber-uns\/van-beek-refurbished\/\" \/>\n<meta property=\"og:site_name\" content=\"Van Beek Schroeftransport\" \/>\n<meta property=\"article:modified_time\" content=\"2021-06-15T13:59:10+00:00\" \/>\n<meta name=\"twitter:card\" content=\"summary_large_image\" \/>\n<meta name=\"twitter:label1\" content=\"Gesch\u00e4tzte Lesezeit\" \/>\n\t<meta name=\"twitter:data1\" content=\"1\u00a0Minute\" \/>\n<script type=\"application\/ld+json\" class=\"yoast-schema-graph\">{\"@context\":\"https:\\\/\\\/schema.org\",\"@graph\":[{\"@type\":\"WebPage\",\"@id\":\"https:\\\/\\\/www.van-beek.nl\\\/de\\\/ueber-uns\\\/van-beek-refurbished\\\/\",\"url\":\"https:\\\/\\\/www.van-beek.nl\\\/de\\\/ueber-uns\\\/van-beek-refurbished\\\/\",\"name\":\"Nutzen Sie unsere R\u00fcckkaufgarantie | Van Beek\",\"isPartOf\":{\"@id\":\"https:\\\/\\\/www.van-beek.nl\\\/de\\\/#website\"},\"datePublished\":\"2020-03-31T11:58:30+00:00\",\"dateModified\":\"2021-06-15T13:59:10+00:00\",\"description\":\"Unsere einzigartige R\u00fcckkaufgarantie sorgt daf\u00fcr, dass Ihre Van Beek Schneckenf\u00f6rderer nochmal verwendet werden und nicht als Schrott enden.\",\"breadcrumb\":{\"@id\":\"https:\\\/\\\/www.van-beek.nl\\\/de\\\/ueber-uns\\\/van-beek-refurbished\\\/#breadcrumb\"},\"inLanguage\":\"de\",\"potentialAction\":[{\"@type\":\"ReadAction\",\"target\":[\"https:\\\/\\\/www.van-beek.nl\\\/de\\\/ueber-uns\\\/van-beek-refurbished\\\/\"]}]},{\"@type\":\"BreadcrumbList\",\"@id\":\"https:\\\/\\\/www.van-beek.nl\\\/de\\\/ueber-uns\\\/van-beek-refurbished\\\/#breadcrumb\",\"itemListElement\":[{\"@type\":\"ListItem\",\"position\":1,\"name\":\"Home\",\"item\":\"https:\\\/\\\/www.van-beek.nl\\\/de\\\/\"},{\"@type\":\"ListItem\",\"position\":2,\"name\":\"\u00dcber uns\",\"item\":\"https:\\\/\\\/www.van-beek.nl\\\/de\\\/ueber-uns\\\/\"},{\"@type\":\"ListItem\",\"position\":3,\"name\":\"Van Beek Refurbished\"}]},{\"@type\":\"WebSite\",\"@id\":\"https:\\\/\\\/www.van-beek.nl\\\/de\\\/#website\",\"url\":\"https:\\\/\\\/www.van-beek.nl\\\/de\\\/\",\"name\":\"Van Beek Schroeftransport\",\"description\":\"\",\"publisher\":{\"@id\":\"https:\\\/\\\/www.van-beek.nl\\\/de\\\/#organization\"},\"potentialAction\":[{\"@type\":\"SearchAction\",\"target\":{\"@type\":\"EntryPoint\",\"urlTemplate\":\"https:\\\/\\\/www.van-beek.nl\\\/de\\\/?s={search_term_string}\"},\"query-input\":{\"@type\":\"PropertyValueSpecification\",\"valueRequired\":true,\"valueName\":\"search_term_string\"}}],\"inLanguage\":\"de\"},{\"@type\":\"Organization\",\"@id\":\"https:\\\/\\\/www.van-beek.nl\\\/de\\\/#organization\",\"name\":\"Transportschroeven- en machinefabriek Van Beek B.V.\",\"url\":\"https:\\\/\\\/www.van-beek.nl\\\/de\\\/\",\"logo\":{\"@type\":\"ImageObject\",\"inLanguage\":\"de\",\"@id\":\"https:\\\/\\\/www.van-beek.nl\\\/de\\\/#\\\/schema\\\/logo\\\/image\\\/\",\"url\":\"https:\\\/\\\/van-beek.nl\\\/wp-content\\\/uploads\\\/2020\\\/04\\\/VanBeek-logo.png\",\"contentUrl\":\"https:\\\/\\\/van-beek.nl\\\/wp-content\\\/uploads\\\/2020\\\/04\\\/VanBeek-logo.png\",\"width\":116,\"height\":22,\"caption\":\"Transportschroeven- en machinefabriek Van Beek B.V.\"},\"image\":{\"@id\":\"https:\\\/\\\/www.van-beek.nl\\\/de\\\/#\\\/schema\\\/logo\\\/image\\\/\"}}]}<\/script>\n<!-- \/ Yoast SEO plugin. -->","yoast_head_json":{"title":"Nutzen Sie unsere R\u00fcckkaufgarantie | Van Beek","description":"Unsere einzigartige R\u00fcckkaufgarantie sorgt daf\u00fcr, dass Ihre Van Beek Schneckenf\u00f6rderer nochmal verwendet werden und nicht als Schrott enden.","robots":{"index":"index","follow":"follow","max-snippet":"max-snippet:-1","max-image-preview":"max-image-preview:large","max-video-preview":"max-video-preview:-1"},"canonical":"https:\/\/www.van-beek.nl\/de\/ueber-uns\/van-beek-refurbished\/","og_locale":"de_DE","og_type":"article","og_title":"Nutzen Sie unsere R\u00fcckkaufgarantie | Van Beek","og_description":"Unsere einzigartige R\u00fcckkaufgarantie sorgt daf\u00fcr, dass Ihre Van Beek Schneckenf\u00f6rderer nochmal verwendet werden und nicht als Schrott enden.","og_url":"https:\/\/www.van-beek.nl\/de\/ueber-uns\/van-beek-refurbished\/","og_site_name":"Van Beek Schroeftransport","article_modified_time":"2021-06-15T13:59:10+00:00","twitter_card":"summary_large_image","twitter_misc":{"Gesch\u00e4tzte Lesezeit":"1\u00a0Minute"},"schema":{"@context":"https:\/\/schema.org","@graph":[{"@type":"WebPage","@id":"https:\/\/www.van-beek.nl\/de\/ueber-uns\/van-beek-refurbished\/","url":"https:\/\/www.van-beek.nl\/de\/ueber-uns\/van-beek-refurbished\/","name":"Nutzen Sie unsere R\u00fcckkaufgarantie | Van Beek","isPartOf":{"@id":"https:\/\/www.van-beek.nl\/de\/#website"},"datePublished":"2020-03-31T11:58:30+00:00","dateModified":"2021-06-15T13:59:10+00:00","description":"Unsere einzigartige R\u00fcckkaufgarantie sorgt daf\u00fcr, dass Ihre Van Beek Schneckenf\u00f6rderer nochmal verwendet werden und nicht als Schrott enden.","breadcrumb":{"@id":"https:\/\/www.van-beek.nl\/de\/ueber-uns\/van-beek-refurbished\/#breadcrumb"},"inLanguage":"de","potentialAction":[{"@type":"ReadAction","target":["https:\/\/www.van-beek.nl\/de\/ueber-uns\/van-beek-refurbished\/"]}]},{"@type":"BreadcrumbList","@id":"https:\/\/www.van-beek.nl\/de\/ueber-uns\/van-beek-refurbished\/#breadcrumb","itemListElement":[{"@type":"ListItem","position":1,"name":"Home","item":"https:\/\/www.van-beek.nl\/de\/"},{"@type":"ListItem","position":2,"name":"\u00dcber uns","item":"https:\/\/www.van-beek.nl\/de\/ueber-uns\/"},{"@type":"ListItem","position":3,"name":"Van Beek Refurbished"}]},{"@type":"WebSite","@id":"https:\/\/www.van-beek.nl\/de\/#website","url":"https:\/\/www.van-beek.nl\/de\/","name":"Van Beek Schroeftransport","description":"","publisher":{"@id":"https:\/\/www.van-beek.nl\/de\/#organization"},"potentialAction":[{"@type":"SearchAction","target":{"@type":"EntryPoint","urlTemplate":"https:\/\/www.van-beek.nl\/de\/?s={search_term_string}"},"query-input":{"@type":"PropertyValueSpecification","valueRequired":true,"valueName":"search_term_string"}}],"inLanguage":"de"},{"@type":"Organization","@id":"https:\/\/www.van-beek.nl\/de\/#organization","name":"Transportschroeven- en machinefabriek Van Beek B.V.","url":"https:\/\/www.van-beek.nl\/de\/","logo":{"@type":"ImageObject","inLanguage":"de","@id":"https:\/\/www.van-beek.nl\/de\/#\/schema\/logo\/image\/","url":"https:\/\/van-beek.nl\/wp-content\/uploads\/2020\/04\/VanBeek-logo.png","contentUrl":"https:\/\/van-beek.nl\/wp-content\/uploads\/2020\/04\/VanBeek-logo.png","width":116,"height":22,"caption":"Transportschroeven- en machinefabriek Van Beek B.V."},"image":{"@id":"https:\/\/www.van-beek.nl\/de\/#\/schema\/logo\/image\/"}}]}},"_links":{"self":[{"href":"https:\/\/www.van-beek.nl\/de\/wp-json\/wp\/v2\/pages\/3865","targetHints":{"allow":["GET"]}}],"collection":[{"href":"https:\/\/www.van-beek.nl\/de\/wp-json\/wp\/v2\/pages"}],"about":[{"href":"https:\/\/www.van-beek.nl\/de\/wp-json\/wp\/v2\/types\/page"}],"author":[{"embeddable":true,"href":"https:\/\/www.van-beek.nl\/de\/wp-json\/wp\/v2\/users\/1"}],"replies":[{"embeddable":true,"href":"https:\/\/www.van-beek.nl\/de\/wp-json\/wp\/v2\/comments?post=3865"}],"version-history":[{"count":4,"href":"https:\/\/www.van-beek.nl\/de\/wp-json\/wp\/v2\/pages\/3865\/revisions"}],"predecessor-version":[{"id":8090,"href":"https:\/\/www.van-beek.nl\/de\/wp-json\/wp\/v2\/pages\/3865\/revisions\/8090"}],"up":[{"embeddable":true,"href":"https:\/\/www.van-beek.nl\/de\/wp-json\/wp\/v2\/pages\/3829"}],"wp:attachment":[{"href":"https:\/\/www.van-beek.nl\/de\/wp-json\/wp\/v2\/media?parent=3865"}],"curies":[{"name":"wp","href":"https:\/\/api.w.org\/{rel}","templated":true}]}}