{"id":3866,"date":"2020-03-31T12:01:26","date_gmt":"2020-03-31T12:01:26","guid":{"rendered":"https:\/\/van-beek.nl\/ueber-uns\/atex-baumusterpruefbescheinigung-van-beek\/"},"modified":"2025-09-15T16:45:26","modified_gmt":"2025-09-15T14:45:26","slug":"atex-baumusterpruefbescheinigung-van-beek","status":"publish","type":"page","link":"https:\/\/www.van-beek.nl\/de\/schneckenfoerderer\/spezialanfertigungen\/atex-baumusterpruefbescheinigung-van-beek\/","title":{"rendered":"ATEX Baumusterpr\u00fcfbescheinigung Van Beek"},"content":{"rendered":"<p><strong>Ein Gro\u00dfteil der Maschinen, die wir f\u00fcr die ATEX Kategorie 1 herstellen, hat eine k\u00fcrzere Lieferzeit als \u00fcblich. Der Grund daf\u00fcr ist, dass wir \u00fcber die ATEX Baumusterpr\u00fcfbescheinigung f\u00fcr Maschinen dieser Kategorie verf\u00fcgen.<\/strong><\/p>\n<h2><strong><img loading=\"lazy\" decoding=\"async\" class=\"size-medium wp-image-11566 alignleft\" src=\"https:\/\/van-beek.nl\/wp-content\/uploads\/2023\/01\/ATEX02smalweb-300x146.jpg\" alt=\"\" width=\"300\" height=\"146\" srcset=\"https:\/\/www.van-beek.nl\/wp-content\/uploads\/2023\/01\/ATEX02smalweb-300x146.jpg 300w, https:\/\/www.van-beek.nl\/wp-content\/uploads\/2023\/01\/ATEX02smalweb-1024x499.jpg 1024w, https:\/\/www.van-beek.nl\/wp-content\/uploads\/2023\/01\/ATEX02smalweb-768x374.jpg 768w, https:\/\/www.van-beek.nl\/wp-content\/uploads\/2023\/01\/ATEX02smalweb-1536x749.jpg 1536w, https:\/\/www.van-beek.nl\/wp-content\/uploads\/2023\/01\/ATEX02smalweb-2048x998.jpg 2048w\" sizes=\"auto, (max-width: 300px) 100vw, 300px\" \/>Erfahrung aufgrund langj\u00e4hriger Kompetenz<\/strong><\/h2>\n<p>Im Laufe der letzten Jahrzehnte haben die Pr\u00fcfer:innen unsere Notified Body bei uns zahllose Maschinen f\u00fcr diverse ATEX-Kategorien unter die Lupe genommen. W\u00e4hrend dieser gesamten Zeit haben wir die Anforderungen nachweislich erf\u00fcllt. Unsere Unterlagen entsprachen den Vorschriften, und die fachliche Kompetenz unserer Produktionsmitarbeiter:innen wird vom unsere Notified Body gesch\u00e4tzt.<\/p>\n<h2>Was ist die ATEX Bescheinigung?<\/h2>\n<p>F\u00fcr Maschinen, die in explosionsgef\u00e4hrdeten Bereichen eingesetzt werden, muss eine ATEX Bescheinigung vorliegen. Fr\u00fcher mussten wir jeden einzelnen Schneckenf\u00f6rderer f\u00fcr die Zonen 0 und 20 einer Einzelpr\u00fcfung durch den T\u00dcV unterziehen, um eine ATEX Konformit\u00e4tsbescheinigung zu erhalten. Dies ist ein zeitraubendes Verfahren. Daher haben wir uns f\u00fcr die Baumusterpr\u00fcfung entschieden.<\/p>\n<h2>Die ATEX Baumusterpr\u00fcfbescheinigung f\u00fcr nachweisliche Qualifikationen<img loading=\"lazy\" decoding=\"async\" class=\"size-medium wp-image-11569 alignright\" src=\"https:\/\/van-beek.nl\/wp-content\/uploads\/2023\/01\/ATEX_-Academy_025-web-300x200.jpg\" alt=\"\" width=\"300\" height=\"200\" srcset=\"https:\/\/www.van-beek.nl\/wp-content\/uploads\/2023\/01\/ATEX_-Academy_025-web-300x200.jpg 300w, https:\/\/www.van-beek.nl\/wp-content\/uploads\/2023\/01\/ATEX_-Academy_025-web-1024x684.jpg 1024w, https:\/\/www.van-beek.nl\/wp-content\/uploads\/2023\/01\/ATEX_-Academy_025-web-768x513.jpg 768w, https:\/\/www.van-beek.nl\/wp-content\/uploads\/2023\/01\/ATEX_-Academy_025-web-1536x1025.jpg 1536w, https:\/\/www.van-beek.nl\/wp-content\/uploads\/2023\/01\/ATEX_-Academy_025-web-2048x1367.jpg 2048w\" sizes=\"auto, (max-width: 300px) 100vw, 300px\" \/><\/h2>\n<p>Unsere Notified Body hat die ATEX Baumusterpr\u00fcfbescheinigung ausgestellt, da wir nachweisliche Fachqualifikationen besitzen und unsere Maschinen immer gem\u00e4\u00df demselben Standardverfahren hergestellt werden. Daher braucht ein Gro\u00dfteil der Maschinen, die wir f\u00fcr die Produktkategorie 1 herstellen, nicht einzeln gepr\u00fcft zu werden.<\/p>\n<h2>ATEX Kategorie 1<\/h2>\n<p>ATEX Kategorie 1 bietet das h\u00f6chstm\u00f6gliche Schutzniveau. Dies bedeutet, dass wir sogar w\u00e4hrend einer au\u00dfergew\u00f6hnlichen St\u00f6rung die erforderliche Sicherheit gew\u00e4hrleisten k\u00f6nnen. Anders gesagt: Auch bei einer au\u00dfergew\u00f6hnlichen St\u00f6rung ist eine Van Beek Maschine keine Z\u00fcndquelle.<\/p>\n<p>M\u00f6chten Sie mehr \u00fcber unsere ATEX Baumusterpr\u00fcfbescheinigung erfahren? Bitte <a href=\"\/de\/schneckenfoerderer\/kontakt-van-beek\/\">wenden Sie sich dann an uns<\/a> oder laden Sie unseren <a href=\"https:\/\/van-beek.nl\/wp-content\/uploads\/2021\/11\/Flyer-ATEX-DU.pdf\">ATEX-richtlinien<\/a> herunter.<\/p>\n","protected":false},"excerpt":{"rendered":"<p>Ein Gro\u00dfteil der Maschinen, die wir f\u00fcr die ATEX Kategorie 1 herstellen, hat eine k\u00fcrzere Lieferzeit als \u00fcblich. Der Grund daf\u00fcr ist, dass wir \u00fcber die ATEX Baumusterpr\u00fcfbescheinigung f\u00fcr Maschinen dieser Kategorie verf\u00fcgen. Erfahrung aufgrund langj\u00e4hriger Kompetenz Im Laufe der letzten Jahrzehnte haben die Pr\u00fcfer:innen unsere Notified Body bei uns zahllose Maschinen f\u00fcr diverse ATEX-Kategorien [&hellip;]<\/p>\n","protected":false},"author":1,"featured_media":3599,"parent":3820,"menu_order":0,"comment_status":"closed","ping_status":"closed","template":"breed.php","meta":{"_acf_changed":false,"content-type":"","inline_featured_image":false,"footnotes":""},"class_list":["post-3866","page","type-page","status-publish","has-post-thumbnail","hentry"],"acf":[],"yoast_head":"<!-- This site is optimized with the Yoast SEO plugin v27.5 - https:\/\/yoast.com\/product\/yoast-seo-wordpress\/ -->\n<title>Van Beek ATEX Baumusterpr\u00fcfbescheinigung | Van Beek<\/title>\n<meta name=\"description\" content=\"Wir verf\u00fcgen \u00fcber die ATEX Baumusterpr\u00fcfbescheinigung, da wir nachweisliche Fachqualifikationen besitzen und unsere Maschinen immer gem\u00e4\u00df demselben Standardverfahren hergestellt werden.\" \/>\n<meta name=\"robots\" content=\"index, follow, max-snippet:-1, max-image-preview:large, max-video-preview:-1\" \/>\n<link rel=\"canonical\" href=\"https:\/\/www.van-beek.nl\/de\/schneckenfoerderer\/spezialanfertigungen\/atex-baumusterpruefbescheinigung-van-beek\/\" \/>\n<meta property=\"og:locale\" content=\"de_DE\" \/>\n<meta property=\"og:type\" content=\"article\" \/>\n<meta property=\"og:title\" content=\"Van Beek ATEX Baumusterpr\u00fcfbescheinigung | Van Beek\" \/>\n<meta property=\"og:description\" content=\"Wir verf\u00fcgen \u00fcber die ATEX Baumusterpr\u00fcfbescheinigung, da wir nachweisliche Fachqualifikationen besitzen und unsere Maschinen immer gem\u00e4\u00df demselben Standardverfahren hergestellt werden.\" \/>\n<meta property=\"og:url\" content=\"https:\/\/www.van-beek.nl\/de\/schneckenfoerderer\/spezialanfertigungen\/atex-baumusterpruefbescheinigung-van-beek\/\" \/>\n<meta property=\"og:site_name\" content=\"Van Beek Schroeftransport\" \/>\n<meta property=\"article:modified_time\" content=\"2025-09-15T14:45:26+00:00\" \/>\n<meta property=\"og:image\" content=\"https:\/\/www.van-beek.nl\/wp-content\/uploads\/2021\/03\/Atex-typekeur.png\" \/>\n\t<meta property=\"og:image:width\" content=\"2000\" \/>\n\t<meta property=\"og:image:height\" content=\"1287\" \/>\n\t<meta property=\"og:image:type\" content=\"image\/png\" \/>\n<meta name=\"twitter:card\" content=\"summary_large_image\" \/>\n<meta name=\"twitter:label1\" content=\"Gesch\u00e4tzte Lesezeit\" \/>\n\t<meta name=\"twitter:data1\" content=\"2\u00a0Minuten\" \/>\n<script type=\"application\/ld+json\" class=\"yoast-schema-graph\">{\"@context\":\"https:\\\/\\\/schema.org\",\"@graph\":[{\"@type\":\"WebPage\",\"@id\":\"https:\\\/\\\/www.van-beek.nl\\\/de\\\/schneckenfoerderer\\\/spezialanfertigungen\\\/atex-baumusterpruefbescheinigung-van-beek\\\/\",\"url\":\"https:\\\/\\\/www.van-beek.nl\\\/de\\\/schneckenfoerderer\\\/spezialanfertigungen\\\/atex-baumusterpruefbescheinigung-van-beek\\\/\",\"name\":\"Van Beek ATEX Baumusterpr\u00fcfbescheinigung | Van Beek\",\"isPartOf\":{\"@id\":\"https:\\\/\\\/www.van-beek.nl\\\/de\\\/#website\"},\"primaryImageOfPage\":{\"@id\":\"https:\\\/\\\/www.van-beek.nl\\\/de\\\/schneckenfoerderer\\\/spezialanfertigungen\\\/atex-baumusterpruefbescheinigung-van-beek\\\/#primaryimage\"},\"image\":{\"@id\":\"https:\\\/\\\/www.van-beek.nl\\\/de\\\/schneckenfoerderer\\\/spezialanfertigungen\\\/atex-baumusterpruefbescheinigung-van-beek\\\/#primaryimage\"},\"thumbnailUrl\":\"https:\\\/\\\/www.van-beek.nl\\\/wp-content\\\/uploads\\\/2021\\\/03\\\/Atex-typekeur.png\",\"datePublished\":\"2020-03-31T12:01:26+00:00\",\"dateModified\":\"2025-09-15T14:45:26+00:00\",\"description\":\"Wir verf\u00fcgen \u00fcber die ATEX Baumusterpr\u00fcfbescheinigung, da wir nachweisliche Fachqualifikationen besitzen und unsere Maschinen immer gem\u00e4\u00df demselben Standardverfahren hergestellt werden.\",\"breadcrumb\":{\"@id\":\"https:\\\/\\\/www.van-beek.nl\\\/de\\\/schneckenfoerderer\\\/spezialanfertigungen\\\/atex-baumusterpruefbescheinigung-van-beek\\\/#breadcrumb\"},\"inLanguage\":\"de\",\"potentialAction\":[{\"@type\":\"ReadAction\",\"target\":[\"https:\\\/\\\/www.van-beek.nl\\\/de\\\/schneckenfoerderer\\\/spezialanfertigungen\\\/atex-baumusterpruefbescheinigung-van-beek\\\/\"]}]},{\"@type\":\"ImageObject\",\"inLanguage\":\"de\",\"@id\":\"https:\\\/\\\/www.van-beek.nl\\\/de\\\/schneckenfoerderer\\\/spezialanfertigungen\\\/atex-baumusterpruefbescheinigung-van-beek\\\/#primaryimage\",\"url\":\"https:\\\/\\\/www.van-beek.nl\\\/wp-content\\\/uploads\\\/2021\\\/03\\\/Atex-typekeur.png\",\"contentUrl\":\"https:\\\/\\\/www.van-beek.nl\\\/wp-content\\\/uploads\\\/2021\\\/03\\\/Atex-typekeur.png\",\"width\":2000,\"height\":1287,\"caption\":\"Schroeftransporteur met ATEX typekeur\"},{\"@type\":\"BreadcrumbList\",\"@id\":\"https:\\\/\\\/www.van-beek.nl\\\/de\\\/schneckenfoerderer\\\/spezialanfertigungen\\\/atex-baumusterpruefbescheinigung-van-beek\\\/#breadcrumb\",\"itemListElement\":[{\"@type\":\"ListItem\",\"position\":1,\"name\":\"Home\",\"item\":\"https:\\\/\\\/www.van-beek.nl\\\/de\\\/\"},{\"@type\":\"ListItem\",\"position\":2,\"name\":\"Schneckenf\u00f6rderer\",\"item\":\"https:\\\/\\\/www.van-beek.nl\\\/de\\\/schneckenfoerderer\\\/\"},{\"@type\":\"ListItem\",\"position\":3,\"name\":\"Spezialanfertigungen\",\"item\":\"https:\\\/\\\/www.van-beek.nl\\\/de\\\/schneckenfoerderer\\\/spezialanfertigungen\\\/\"},{\"@type\":\"ListItem\",\"position\":4,\"name\":\"ATEX Baumusterpr\u00fcfbescheinigung Van Beek\"}]},{\"@type\":\"WebSite\",\"@id\":\"https:\\\/\\\/www.van-beek.nl\\\/de\\\/#website\",\"url\":\"https:\\\/\\\/www.van-beek.nl\\\/de\\\/\",\"name\":\"Van Beek Schroeftransport\",\"description\":\"\",\"publisher\":{\"@id\":\"https:\\\/\\\/www.van-beek.nl\\\/de\\\/#organization\"},\"potentialAction\":[{\"@type\":\"SearchAction\",\"target\":{\"@type\":\"EntryPoint\",\"urlTemplate\":\"https:\\\/\\\/www.van-beek.nl\\\/de\\\/?s={search_term_string}\"},\"query-input\":{\"@type\":\"PropertyValueSpecification\",\"valueRequired\":true,\"valueName\":\"search_term_string\"}}],\"inLanguage\":\"de\"},{\"@type\":\"Organization\",\"@id\":\"https:\\\/\\\/www.van-beek.nl\\\/de\\\/#organization\",\"name\":\"Transportschroeven- en machinefabriek Van Beek B.V.\",\"url\":\"https:\\\/\\\/www.van-beek.nl\\\/de\\\/\",\"logo\":{\"@type\":\"ImageObject\",\"inLanguage\":\"de\",\"@id\":\"https:\\\/\\\/www.van-beek.nl\\\/de\\\/#\\\/schema\\\/logo\\\/image\\\/\",\"url\":\"https:\\\/\\\/van-beek.nl\\\/wp-content\\\/uploads\\\/2020\\\/04\\\/VanBeek-logo.png\",\"contentUrl\":\"https:\\\/\\\/van-beek.nl\\\/wp-content\\\/uploads\\\/2020\\\/04\\\/VanBeek-logo.png\",\"width\":116,\"height\":22,\"caption\":\"Transportschroeven- en machinefabriek Van Beek B.V.\"},\"image\":{\"@id\":\"https:\\\/\\\/www.van-beek.nl\\\/de\\\/#\\\/schema\\\/logo\\\/image\\\/\"}}]}<\/script>\n<!-- \/ Yoast SEO plugin. -->","yoast_head_json":{"title":"Van Beek ATEX Baumusterpr\u00fcfbescheinigung | Van Beek","description":"Wir verf\u00fcgen \u00fcber die ATEX Baumusterpr\u00fcfbescheinigung, da wir nachweisliche Fachqualifikationen besitzen und unsere Maschinen immer gem\u00e4\u00df demselben Standardverfahren hergestellt werden.","robots":{"index":"index","follow":"follow","max-snippet":"max-snippet:-1","max-image-preview":"max-image-preview:large","max-video-preview":"max-video-preview:-1"},"canonical":"https:\/\/www.van-beek.nl\/de\/schneckenfoerderer\/spezialanfertigungen\/atex-baumusterpruefbescheinigung-van-beek\/","og_locale":"de_DE","og_type":"article","og_title":"Van Beek ATEX Baumusterpr\u00fcfbescheinigung | Van Beek","og_description":"Wir verf\u00fcgen \u00fcber die ATEX Baumusterpr\u00fcfbescheinigung, da wir nachweisliche Fachqualifikationen besitzen und unsere Maschinen immer gem\u00e4\u00df demselben Standardverfahren hergestellt werden.","og_url":"https:\/\/www.van-beek.nl\/de\/schneckenfoerderer\/spezialanfertigungen\/atex-baumusterpruefbescheinigung-van-beek\/","og_site_name":"Van Beek Schroeftransport","article_modified_time":"2025-09-15T14:45:26+00:00","og_image":[{"width":2000,"height":1287,"url":"https:\/\/www.van-beek.nl\/wp-content\/uploads\/2021\/03\/Atex-typekeur.png","type":"image\/png"}],"twitter_card":"summary_large_image","twitter_misc":{"Gesch\u00e4tzte Lesezeit":"2\u00a0Minuten"},"schema":{"@context":"https:\/\/schema.org","@graph":[{"@type":"WebPage","@id":"https:\/\/www.van-beek.nl\/de\/schneckenfoerderer\/spezialanfertigungen\/atex-baumusterpruefbescheinigung-van-beek\/","url":"https:\/\/www.van-beek.nl\/de\/schneckenfoerderer\/spezialanfertigungen\/atex-baumusterpruefbescheinigung-van-beek\/","name":"Van Beek ATEX Baumusterpr\u00fcfbescheinigung | Van Beek","isPartOf":{"@id":"https:\/\/www.van-beek.nl\/de\/#website"},"primaryImageOfPage":{"@id":"https:\/\/www.van-beek.nl\/de\/schneckenfoerderer\/spezialanfertigungen\/atex-baumusterpruefbescheinigung-van-beek\/#primaryimage"},"image":{"@id":"https:\/\/www.van-beek.nl\/de\/schneckenfoerderer\/spezialanfertigungen\/atex-baumusterpruefbescheinigung-van-beek\/#primaryimage"},"thumbnailUrl":"https:\/\/www.van-beek.nl\/wp-content\/uploads\/2021\/03\/Atex-typekeur.png","datePublished":"2020-03-31T12:01:26+00:00","dateModified":"2025-09-15T14:45:26+00:00","description":"Wir verf\u00fcgen \u00fcber die ATEX Baumusterpr\u00fcfbescheinigung, da wir nachweisliche Fachqualifikationen besitzen und unsere Maschinen immer gem\u00e4\u00df demselben Standardverfahren hergestellt werden.","breadcrumb":{"@id":"https:\/\/www.van-beek.nl\/de\/schneckenfoerderer\/spezialanfertigungen\/atex-baumusterpruefbescheinigung-van-beek\/#breadcrumb"},"inLanguage":"de","potentialAction":[{"@type":"ReadAction","target":["https:\/\/www.van-beek.nl\/de\/schneckenfoerderer\/spezialanfertigungen\/atex-baumusterpruefbescheinigung-van-beek\/"]}]},{"@type":"ImageObject","inLanguage":"de","@id":"https:\/\/www.van-beek.nl\/de\/schneckenfoerderer\/spezialanfertigungen\/atex-baumusterpruefbescheinigung-van-beek\/#primaryimage","url":"https:\/\/www.van-beek.nl\/wp-content\/uploads\/2021\/03\/Atex-typekeur.png","contentUrl":"https:\/\/www.van-beek.nl\/wp-content\/uploads\/2021\/03\/Atex-typekeur.png","width":2000,"height":1287,"caption":"Schroeftransporteur met ATEX typekeur"},{"@type":"BreadcrumbList","@id":"https:\/\/www.van-beek.nl\/de\/schneckenfoerderer\/spezialanfertigungen\/atex-baumusterpruefbescheinigung-van-beek\/#breadcrumb","itemListElement":[{"@type":"ListItem","position":1,"name":"Home","item":"https:\/\/www.van-beek.nl\/de\/"},{"@type":"ListItem","position":2,"name":"Schneckenf\u00f6rderer","item":"https:\/\/www.van-beek.nl\/de\/schneckenfoerderer\/"},{"@type":"ListItem","position":3,"name":"Spezialanfertigungen","item":"https:\/\/www.van-beek.nl\/de\/schneckenfoerderer\/spezialanfertigungen\/"},{"@type":"ListItem","position":4,"name":"ATEX Baumusterpr\u00fcfbescheinigung Van Beek"}]},{"@type":"WebSite","@id":"https:\/\/www.van-beek.nl\/de\/#website","url":"https:\/\/www.van-beek.nl\/de\/","name":"Van Beek Schroeftransport","description":"","publisher":{"@id":"https:\/\/www.van-beek.nl\/de\/#organization"},"potentialAction":[{"@type":"SearchAction","target":{"@type":"EntryPoint","urlTemplate":"https:\/\/www.van-beek.nl\/de\/?s={search_term_string}"},"query-input":{"@type":"PropertyValueSpecification","valueRequired":true,"valueName":"search_term_string"}}],"inLanguage":"de"},{"@type":"Organization","@id":"https:\/\/www.van-beek.nl\/de\/#organization","name":"Transportschroeven- en machinefabriek Van Beek B.V.","url":"https:\/\/www.van-beek.nl\/de\/","logo":{"@type":"ImageObject","inLanguage":"de","@id":"https:\/\/www.van-beek.nl\/de\/#\/schema\/logo\/image\/","url":"https:\/\/van-beek.nl\/wp-content\/uploads\/2020\/04\/VanBeek-logo.png","contentUrl":"https:\/\/van-beek.nl\/wp-content\/uploads\/2020\/04\/VanBeek-logo.png","width":116,"height":22,"caption":"Transportschroeven- en machinefabriek Van Beek B.V."},"image":{"@id":"https:\/\/www.van-beek.nl\/de\/#\/schema\/logo\/image\/"}}]}},"_links":{"self":[{"href":"https:\/\/www.van-beek.nl\/de\/wp-json\/wp\/v2\/pages\/3866","targetHints":{"allow":["GET"]}}],"collection":[{"href":"https:\/\/www.van-beek.nl\/de\/wp-json\/wp\/v2\/pages"}],"about":[{"href":"https:\/\/www.van-beek.nl\/de\/wp-json\/wp\/v2\/types\/page"}],"author":[{"embeddable":true,"href":"https:\/\/www.van-beek.nl\/de\/wp-json\/wp\/v2\/users\/1"}],"replies":[{"embeddable":true,"href":"https:\/\/www.van-beek.nl\/de\/wp-json\/wp\/v2\/comments?post=3866"}],"version-history":[{"count":7,"href":"https:\/\/www.van-beek.nl\/de\/wp-json\/wp\/v2\/pages\/3866\/revisions"}],"predecessor-version":[{"id":13418,"href":"https:\/\/www.van-beek.nl\/de\/wp-json\/wp\/v2\/pages\/3866\/revisions\/13418"}],"up":[{"embeddable":true,"href":"https:\/\/www.van-beek.nl\/de\/wp-json\/wp\/v2\/pages\/3820"}],"wp:featuredmedia":[{"embeddable":true,"href":"https:\/\/www.van-beek.nl\/de\/wp-json\/wp\/v2\/media\/3599"}],"wp:attachment":[{"href":"https:\/\/www.van-beek.nl\/de\/wp-json\/wp\/v2\/media?parent=3866"}],"curies":[{"name":"wp","href":"https:\/\/api.w.org\/{rel}","templated":true}]}}