{"id":3868,"date":"2020-04-06T11:48:20","date_gmt":"2020-04-06T11:48:20","guid":{"rendered":"https:\/\/van-beek.nl\/transport\/rohrschnecken\/"},"modified":"2023-05-03T15:10:21","modified_gmt":"2023-05-03T13:10:21","slug":"rohrschnecken","status":"publish","type":"page","link":"https:\/\/www.van-beek.nl\/de\/schneckenfoerderer\/massenguttransport\/rohrschnecken\/","title":{"rendered":"Rohrschnecken"},"content":{"rendered":"<p><strong>Rohrschnecken sind geschlossene Schneckenf\u00f6rderanlagen mit einer langen Lebensdauer. Sie sind wartungsarm und eine kosteneffiziente L\u00f6sung f\u00fcr die Bef\u00f6rderung von (sehr feinen) Pulvern, K\u00f6rnern und Granulaten. Unsere <a href=\"\/de\/schneckenfoerderer\/hygienische-foerderanlagen\/easyclean\/\">EasyClean<\/a> Rohrschnecken mit entfernbarer Schnecke sind sehr einfach und schnell zu reinigen und inspizieren.<br \/>\n<\/strong><\/p>\n<h2>Rohrschnecken in der Chemieindustrie<\/h2>\n<p>Unter anderem die Lebensmittel-, Futtermittel-, Chemie- und Recyclingindustrie setzen bereits jahrelang erfolgreich Rohrschnecken ein. Sie nutzen z. B. zur dosierten Zugabe von Rohstoffen f\u00fcr Lacke oder zum H\u00f6hentransport von Zucker Rohrschnecken <a href=\"\/de\/schneckenfoerderer\/dosieren\/\">(Dosierschnecken)<\/a>.<\/p>\n<h2>Rohrschnecken zum Transport von Pulvern oder Granulaten<\/h2>\n<p>Mit einer Rohrschnecke lassen sich Pulver, K\u00f6rner und Granulat mit einem Steigungswinkel von 90\u00b0 nach oben bef\u00f6rdern. Dies ist ideale L\u00f6sung, wenn Stoffe raumsparend unter Einsatz von geschlossenen Schneckenf\u00f6rderanlagen nach oben transportiert werden sollen.<\/p>\n<h2>Gasdichte Rohrschnecken<\/h2>\n<p>Gefahrstoffe, geruchsintensive Stoffe oder sehr feine Pulver k\u00f6nnen einfach mit einer geschlossenen Rohrschnecke bef\u00f6rdert werden. Mit den gasdichten und auf Wunsch druckbest\u00e4ndigen Rohrschnecken von Van Beek werden Bel\u00e4stigungen vermieden und ein Beitrag zu einem sicheren Arbeitsplatz geleistet.<\/p>\n<h2><a href=\"\/de\/schneckenfoerderer\/hygienische-foerderanlagen\/easyclean\/\">EasyClean<\/a> Rohrschnecken mit entfernbarer Schnecke<\/h2>\n<p>Wenn ein Schneckenf\u00f6rderer regelm\u00e4\u00dfig gereinigt oder inspiziert werden soll, muss die Anlage einfach bedienbar sein. Van Beek liefert Rohrschnecken, die speziell daf\u00fcr konzipiert wurden. So sind sie z. B. mit einer Schiene ausgestattet, welche die einfache Entnahme der Schnecke aus dem Geh\u00e4use erm\u00f6glicht. Die Entfernung und der Wiedereinbau der Schnecke gehen schnell vonstatten, so behalten Sie diesen Teil des Produktionsverfahrens im Griff.<\/p>\n<h2>Teil des kompletten innerbetrieblichen Transports<\/h2>\n<p>Rohrschnecken von Van Beek sind h\u00e4ufig ein integraler Bestandteil des gesamten Rohstofftransports. Sie werden z. B. zur Bef\u00f6rderung von Rohstoffen aus Silos in Mischer oder zum vertikalen Transport von Kakaopulver f\u00fcr die Schokoladenherstellung verwendet. Erfahren Sie mehr dar\u00fcber in unseren <a href=\"\/de\/nachrichten\/\">Fallstudien<\/a>.<\/p>\n<h2>Einzeln gefertigte Transportanlagen<\/h2>\n<p>Aufgrund der vielen m\u00f6glichen Ausf\u00fchrungsvarianten sind unsere Rohrschnecken f\u00fcr viele Umst\u00e4nde, Anforderungen und W\u00fcnsche geeignet. Wie zum Beispiel:<\/p>\n<ul>\n<li><a href=\"\/de\/ueber-uns\/atex-baumusterpruefbescheinigung-van-beek\/\">ATEX<\/a>-Ausf\u00fchrung<\/li>\n<li>diverse Kapazit\u00e4ten<\/li>\n<li>unterschiedliche F\u00f6rderh\u00f6hen<\/li>\n<li>verschiedene Abst\u00e4nde zwischen den Schneckenfl\u00fcgeln (kleine bis gro\u00dfe Steigung) f\u00fcr die optimale Abstimmung des F\u00f6rderers auf das Produkt und die F\u00f6rderh\u00f6he<\/li>\n<li>gasdicht oder sogar druckbest\u00e4ndig.<\/li>\n<\/ul>\n<p>Unsere Anlagen entsprechen den neuesten Richtlinien und Dokumentationsvorschriften.<\/p>\n<h3>M\u00f6chten Sie mehr \u00fcber Rohrschnecken erfahren? Bitte <a href=\"\/de\/schneckenfoerderer\/kontakt-van-beek\/\">wenden Sie sich dann an uns<\/a>.<\/h3>\n","protected":false},"excerpt":{"rendered":"<p>Rohrschnecken sind geschlossene Schneckenf\u00f6rderanlagen mit einer langen Lebensdauer. Sie sind wartungsarm und eine kosteneffiziente L\u00f6sung f\u00fcr die Bef\u00f6rderung von (sehr feinen) Pulvern, K\u00f6rnern und Granulaten. Unsere EasyClean Rohrschnecken mit entfernbarer Schnecke sind sehr einfach und schnell zu reinigen und inspizieren. Rohrschnecken in der Chemieindustrie Unter anderem die Lebensmittel-, Futtermittel-, Chemie- und Recyclingindustrie setzen bereits jahrelang [&hellip;]<\/p>\n","protected":false},"author":1,"featured_media":3176,"parent":3815,"menu_order":1,"comment_status":"closed","ping_status":"closed","template":"product.php","meta":{"_acf_changed":false,"content-type":"","inline_featured_image":false,"footnotes":""},"class_list":["post-3868","page","type-page","status-publish","has-post-thumbnail","hentry"],"acf":[],"yoast_head":"<!-- This site is optimized with the Yoast SEO plugin v27.5 - https:\/\/yoast.com\/product\/yoast-seo-wordpress\/ -->\n<title>Rohrschnecken, wahlweise mit entfernbarer Schnecke | Van Beek<\/title>\n<meta name=\"description\" content=\"Mit einer Rohrschnecke lassen sich Pulver, K\u00f6rner und Granulat mit einem Steigungswinkel von bis zu 90\u00a0\u00b0 nach oben bef\u00f6rdern. Entdecken Sie mehr.\" \/>\n<meta name=\"robots\" content=\"index, follow, max-snippet:-1, max-image-preview:large, max-video-preview:-1\" \/>\n<link rel=\"canonical\" href=\"https:\/\/www.van-beek.nl\/de\/schneckenfoerderer\/massenguttransport\/rohrschnecken\/\" \/>\n<meta property=\"og:locale\" content=\"de_DE\" \/>\n<meta property=\"og:type\" content=\"article\" \/>\n<meta property=\"og:title\" content=\"Rohrschnecken, wahlweise mit entfernbarer Schnecke | Van Beek\" \/>\n<meta property=\"og:description\" content=\"Mit einer Rohrschnecke lassen sich Pulver, K\u00f6rner und Granulat mit einem Steigungswinkel von bis zu 90\u00a0\u00b0 nach oben bef\u00f6rdern. Entdecken Sie mehr.\" \/>\n<meta property=\"og:url\" content=\"https:\/\/www.van-beek.nl\/de\/schneckenfoerderer\/massenguttransport\/rohrschnecken\/\" \/>\n<meta property=\"og:site_name\" content=\"Van Beek Schroeftransport\" \/>\n<meta property=\"article:modified_time\" content=\"2023-05-03T13:10:21+00:00\" \/>\n<meta property=\"og:image\" content=\"https:\/\/www.van-beek.nl\/wp-content\/uploads\/2021\/03\/Koker2.png\" \/>\n\t<meta property=\"og:image:width\" content=\"3999\" \/>\n\t<meta property=\"og:image:height\" content=\"2479\" \/>\n\t<meta property=\"og:image:type\" content=\"image\/png\" \/>\n<meta name=\"twitter:card\" content=\"summary_large_image\" \/>\n<meta name=\"twitter:label1\" content=\"Gesch\u00e4tzte Lesezeit\" \/>\n\t<meta name=\"twitter:data1\" content=\"2\u00a0Minuten\" \/>\n<script type=\"application\/ld+json\" class=\"yoast-schema-graph\">{\"@context\":\"https:\\\/\\\/schema.org\",\"@graph\":[{\"@type\":\"WebPage\",\"@id\":\"https:\\\/\\\/www.van-beek.nl\\\/de\\\/schneckenfoerderer\\\/massenguttransport\\\/rohrschnecken\\\/\",\"url\":\"https:\\\/\\\/www.van-beek.nl\\\/de\\\/schneckenfoerderer\\\/massenguttransport\\\/rohrschnecken\\\/\",\"name\":\"Rohrschnecken, wahlweise mit entfernbarer Schnecke | Van Beek\",\"isPartOf\":{\"@id\":\"https:\\\/\\\/www.van-beek.nl\\\/de\\\/#website\"},\"primaryImageOfPage\":{\"@id\":\"https:\\\/\\\/www.van-beek.nl\\\/de\\\/schneckenfoerderer\\\/massenguttransport\\\/rohrschnecken\\\/#primaryimage\"},\"image\":{\"@id\":\"https:\\\/\\\/www.van-beek.nl\\\/de\\\/schneckenfoerderer\\\/massenguttransport\\\/rohrschnecken\\\/#primaryimage\"},\"thumbnailUrl\":\"https:\\\/\\\/www.van-beek.nl\\\/wp-content\\\/uploads\\\/2021\\\/03\\\/Koker2.png\",\"datePublished\":\"2020-04-06T11:48:20+00:00\",\"dateModified\":\"2023-05-03T13:10:21+00:00\",\"description\":\"Mit einer Rohrschnecke lassen sich Pulver, K\u00f6rner und Granulat mit einem Steigungswinkel von bis zu 90\u00a0\u00b0 nach oben bef\u00f6rdern. Entdecken Sie mehr.\",\"breadcrumb\":{\"@id\":\"https:\\\/\\\/www.van-beek.nl\\\/de\\\/schneckenfoerderer\\\/massenguttransport\\\/rohrschnecken\\\/#breadcrumb\"},\"inLanguage\":\"de\",\"potentialAction\":[{\"@type\":\"ReadAction\",\"target\":[\"https:\\\/\\\/www.van-beek.nl\\\/de\\\/schneckenfoerderer\\\/massenguttransport\\\/rohrschnecken\\\/\"]}]},{\"@type\":\"ImageObject\",\"inLanguage\":\"de\",\"@id\":\"https:\\\/\\\/www.van-beek.nl\\\/de\\\/schneckenfoerderer\\\/massenguttransport\\\/rohrschnecken\\\/#primaryimage\",\"url\":\"https:\\\/\\\/www.van-beek.nl\\\/wp-content\\\/uploads\\\/2021\\\/03\\\/Koker2.png\",\"contentUrl\":\"https:\\\/\\\/www.van-beek.nl\\\/wp-content\\\/uploads\\\/2021\\\/03\\\/Koker2.png\",\"width\":3999,\"height\":2479,\"caption\":\"Kokertransporteurs zijn gesloten schroeftransportsystemen met een lange levensduur.\"},{\"@type\":\"BreadcrumbList\",\"@id\":\"https:\\\/\\\/www.van-beek.nl\\\/de\\\/schneckenfoerderer\\\/massenguttransport\\\/rohrschnecken\\\/#breadcrumb\",\"itemListElement\":[{\"@type\":\"ListItem\",\"position\":1,\"name\":\"Home\",\"item\":\"https:\\\/\\\/www.van-beek.nl\\\/de\\\/\"},{\"@type\":\"ListItem\",\"position\":2,\"name\":\"Schneckenf\u00f6rderer\",\"item\":\"https:\\\/\\\/www.van-beek.nl\\\/de\\\/schneckenfoerderer\\\/\"},{\"@type\":\"ListItem\",\"position\":3,\"name\":\"Massenguttransport\",\"item\":\"https:\\\/\\\/www.van-beek.nl\\\/de\\\/schneckenfoerderer\\\/massenguttransport\\\/\"},{\"@type\":\"ListItem\",\"position\":4,\"name\":\"Rohrschnecken\"}]},{\"@type\":\"WebSite\",\"@id\":\"https:\\\/\\\/www.van-beek.nl\\\/de\\\/#website\",\"url\":\"https:\\\/\\\/www.van-beek.nl\\\/de\\\/\",\"name\":\"Van Beek Schroeftransport\",\"description\":\"\",\"publisher\":{\"@id\":\"https:\\\/\\\/www.van-beek.nl\\\/de\\\/#organization\"},\"potentialAction\":[{\"@type\":\"SearchAction\",\"target\":{\"@type\":\"EntryPoint\",\"urlTemplate\":\"https:\\\/\\\/www.van-beek.nl\\\/de\\\/?s={search_term_string}\"},\"query-input\":{\"@type\":\"PropertyValueSpecification\",\"valueRequired\":true,\"valueName\":\"search_term_string\"}}],\"inLanguage\":\"de\"},{\"@type\":\"Organization\",\"@id\":\"https:\\\/\\\/www.van-beek.nl\\\/de\\\/#organization\",\"name\":\"Transportschroeven- en machinefabriek Van Beek B.V.\",\"url\":\"https:\\\/\\\/www.van-beek.nl\\\/de\\\/\",\"logo\":{\"@type\":\"ImageObject\",\"inLanguage\":\"de\",\"@id\":\"https:\\\/\\\/www.van-beek.nl\\\/de\\\/#\\\/schema\\\/logo\\\/image\\\/\",\"url\":\"https:\\\/\\\/van-beek.nl\\\/wp-content\\\/uploads\\\/2020\\\/04\\\/VanBeek-logo.png\",\"contentUrl\":\"https:\\\/\\\/van-beek.nl\\\/wp-content\\\/uploads\\\/2020\\\/04\\\/VanBeek-logo.png\",\"width\":116,\"height\":22,\"caption\":\"Transportschroeven- en machinefabriek Van Beek B.V.\"},\"image\":{\"@id\":\"https:\\\/\\\/www.van-beek.nl\\\/de\\\/#\\\/schema\\\/logo\\\/image\\\/\"}}]}<\/script>\n<!-- \/ Yoast SEO plugin. -->","yoast_head_json":{"title":"Rohrschnecken, wahlweise mit entfernbarer Schnecke | Van Beek","description":"Mit einer Rohrschnecke lassen sich Pulver, K\u00f6rner und Granulat mit einem Steigungswinkel von bis zu 90\u00a0\u00b0 nach oben bef\u00f6rdern. Entdecken Sie mehr.","robots":{"index":"index","follow":"follow","max-snippet":"max-snippet:-1","max-image-preview":"max-image-preview:large","max-video-preview":"max-video-preview:-1"},"canonical":"https:\/\/www.van-beek.nl\/de\/schneckenfoerderer\/massenguttransport\/rohrschnecken\/","og_locale":"de_DE","og_type":"article","og_title":"Rohrschnecken, wahlweise mit entfernbarer Schnecke | Van Beek","og_description":"Mit einer Rohrschnecke lassen sich Pulver, K\u00f6rner und Granulat mit einem Steigungswinkel von bis zu 90\u00a0\u00b0 nach oben bef\u00f6rdern. Entdecken Sie mehr.","og_url":"https:\/\/www.van-beek.nl\/de\/schneckenfoerderer\/massenguttransport\/rohrschnecken\/","og_site_name":"Van Beek Schroeftransport","article_modified_time":"2023-05-03T13:10:21+00:00","og_image":[{"width":3999,"height":2479,"url":"https:\/\/www.van-beek.nl\/wp-content\/uploads\/2021\/03\/Koker2.png","type":"image\/png"}],"twitter_card":"summary_large_image","twitter_misc":{"Gesch\u00e4tzte Lesezeit":"2\u00a0Minuten"},"schema":{"@context":"https:\/\/schema.org","@graph":[{"@type":"WebPage","@id":"https:\/\/www.van-beek.nl\/de\/schneckenfoerderer\/massenguttransport\/rohrschnecken\/","url":"https:\/\/www.van-beek.nl\/de\/schneckenfoerderer\/massenguttransport\/rohrschnecken\/","name":"Rohrschnecken, wahlweise mit entfernbarer Schnecke | Van Beek","isPartOf":{"@id":"https:\/\/www.van-beek.nl\/de\/#website"},"primaryImageOfPage":{"@id":"https:\/\/www.van-beek.nl\/de\/schneckenfoerderer\/massenguttransport\/rohrschnecken\/#primaryimage"},"image":{"@id":"https:\/\/www.van-beek.nl\/de\/schneckenfoerderer\/massenguttransport\/rohrschnecken\/#primaryimage"},"thumbnailUrl":"https:\/\/www.van-beek.nl\/wp-content\/uploads\/2021\/03\/Koker2.png","datePublished":"2020-04-06T11:48:20+00:00","dateModified":"2023-05-03T13:10:21+00:00","description":"Mit einer Rohrschnecke lassen sich Pulver, K\u00f6rner und Granulat mit einem Steigungswinkel von bis zu 90\u00a0\u00b0 nach oben bef\u00f6rdern. Entdecken Sie mehr.","breadcrumb":{"@id":"https:\/\/www.van-beek.nl\/de\/schneckenfoerderer\/massenguttransport\/rohrschnecken\/#breadcrumb"},"inLanguage":"de","potentialAction":[{"@type":"ReadAction","target":["https:\/\/www.van-beek.nl\/de\/schneckenfoerderer\/massenguttransport\/rohrschnecken\/"]}]},{"@type":"ImageObject","inLanguage":"de","@id":"https:\/\/www.van-beek.nl\/de\/schneckenfoerderer\/massenguttransport\/rohrschnecken\/#primaryimage","url":"https:\/\/www.van-beek.nl\/wp-content\/uploads\/2021\/03\/Koker2.png","contentUrl":"https:\/\/www.van-beek.nl\/wp-content\/uploads\/2021\/03\/Koker2.png","width":3999,"height":2479,"caption":"Kokertransporteurs zijn gesloten schroeftransportsystemen met een lange levensduur."},{"@type":"BreadcrumbList","@id":"https:\/\/www.van-beek.nl\/de\/schneckenfoerderer\/massenguttransport\/rohrschnecken\/#breadcrumb","itemListElement":[{"@type":"ListItem","position":1,"name":"Home","item":"https:\/\/www.van-beek.nl\/de\/"},{"@type":"ListItem","position":2,"name":"Schneckenf\u00f6rderer","item":"https:\/\/www.van-beek.nl\/de\/schneckenfoerderer\/"},{"@type":"ListItem","position":3,"name":"Massenguttransport","item":"https:\/\/www.van-beek.nl\/de\/schneckenfoerderer\/massenguttransport\/"},{"@type":"ListItem","position":4,"name":"Rohrschnecken"}]},{"@type":"WebSite","@id":"https:\/\/www.van-beek.nl\/de\/#website","url":"https:\/\/www.van-beek.nl\/de\/","name":"Van Beek Schroeftransport","description":"","publisher":{"@id":"https:\/\/www.van-beek.nl\/de\/#organization"},"potentialAction":[{"@type":"SearchAction","target":{"@type":"EntryPoint","urlTemplate":"https:\/\/www.van-beek.nl\/de\/?s={search_term_string}"},"query-input":{"@type":"PropertyValueSpecification","valueRequired":true,"valueName":"search_term_string"}}],"inLanguage":"de"},{"@type":"Organization","@id":"https:\/\/www.van-beek.nl\/de\/#organization","name":"Transportschroeven- en machinefabriek Van Beek B.V.","url":"https:\/\/www.van-beek.nl\/de\/","logo":{"@type":"ImageObject","inLanguage":"de","@id":"https:\/\/www.van-beek.nl\/de\/#\/schema\/logo\/image\/","url":"https:\/\/van-beek.nl\/wp-content\/uploads\/2020\/04\/VanBeek-logo.png","contentUrl":"https:\/\/van-beek.nl\/wp-content\/uploads\/2020\/04\/VanBeek-logo.png","width":116,"height":22,"caption":"Transportschroeven- en machinefabriek Van Beek B.V."},"image":{"@id":"https:\/\/www.van-beek.nl\/de\/#\/schema\/logo\/image\/"}}]}},"_links":{"self":[{"href":"https:\/\/www.van-beek.nl\/de\/wp-json\/wp\/v2\/pages\/3868","targetHints":{"allow":["GET"]}}],"collection":[{"href":"https:\/\/www.van-beek.nl\/de\/wp-json\/wp\/v2\/pages"}],"about":[{"href":"https:\/\/www.van-beek.nl\/de\/wp-json\/wp\/v2\/types\/page"}],"author":[{"embeddable":true,"href":"https:\/\/www.van-beek.nl\/de\/wp-json\/wp\/v2\/users\/1"}],"replies":[{"embeddable":true,"href":"https:\/\/www.van-beek.nl\/de\/wp-json\/wp\/v2\/comments?post=3868"}],"version-history":[{"count":5,"href":"https:\/\/www.van-beek.nl\/de\/wp-json\/wp\/v2\/pages\/3868\/revisions"}],"predecessor-version":[{"id":12044,"href":"https:\/\/www.van-beek.nl\/de\/wp-json\/wp\/v2\/pages\/3868\/revisions\/12044"}],"up":[{"embeddable":true,"href":"https:\/\/www.van-beek.nl\/de\/wp-json\/wp\/v2\/pages\/3815"}],"wp:featuredmedia":[{"embeddable":true,"href":"https:\/\/www.van-beek.nl\/de\/wp-json\/wp\/v2\/media\/3176"}],"wp:attachment":[{"href":"https:\/\/www.van-beek.nl\/de\/wp-json\/wp\/v2\/media?parent=3868"}],"curies":[{"name":"wp","href":"https:\/\/api.w.org\/{rel}","templated":true}]}}