{"id":3869,"date":"2020-04-09T08:17:35","date_gmt":"2020-04-09T08:17:35","guid":{"rendered":"https:\/\/van-beek.nl\/dosieren\/grob-und-feindosierung\/"},"modified":"2021-06-09T14:00:10","modified_gmt":"2021-06-09T14:00:10","slug":"grob-und-feindosierung","status":"publish","type":"page","link":"https:\/\/www.van-beek.nl\/de\/schneckenfoerderer\/dosieren\/grob-und-feindosierung\/","title":{"rendered":"Grob- und Feindosierung"},"content":{"rendered":"<p><strong>M\u00f6chten Sie bei der Abf\u00fcllung einer gro\u00dfen Anzahl von Verpackungen, S\u00e4cken oder Kartons innerhalb einer bestimmten Taktzeit eine sehr genaue Dosierung erzielen? Dann ist die mechanische Grob- und Feindosierung eine gute Wahl. Die Grobdosierung sorgt f\u00fcr die hohe Kapazit\u00e4t. Sobald die gew\u00fcnschte Menge fast erreicht ist, sorgt die Feindosierung f\u00fcr die genau abgemessene, pr\u00e4zise Dosierung. Optionale herausfahrbare Schnecken vereinfachen die Einhaltung strenger hygienischer Anforderungen.<\/strong><\/p>\n<h3>Grob- und Feindosierung in einem<\/h3>\n<p>Individuell gefertigte Schneckenf\u00f6rderer finden Sie bei Van Beek. Die von uns angebotenen doppelten Dosierschnecken beruhen auf einem einfachen Prinzip. W\u00e4hrend der schnellen Grobdosierung sind sowohl die gro\u00dfe als auch die kleine Schnecke im Betrieb. Sobald das gew\u00fcnschte Gewicht n\u00e4herungsweise erreicht ist, wird die gro\u00dfe Schnecke gestoppt. Die Schnellschlussklappe wird geschlossen. Anschlie\u00dfend erfolgt das genaue Abf\u00fcllen durch die Feindosierungsschnecke, bis das gew\u00fcnschte F\u00fcllgewicht f\u00fcr die Verpackung pr\u00e4zise erreicht ist. Dann wird die Schnellschlussklappe der Feindosierung geschlossen.<\/p>\n<h3>Das Prinzip der Grobdosierung<\/h3>\n<p>Die Grobdosierung erfolgt \u00fcber die gro\u00dfe Dosierschnecke. Bei Wei\u00dfmehl oder anderen feinen Pulvern sorgt ein R\u00fchrwerk f\u00fcr die Fluidisierung, d. h. das gute Flie\u00dfverhalten des Produkts. Die Drehzahl bestimmt die Geschwindigkeit, mit der sich die Schnecke dreht und daher das Volumen des dosierten Produkts. Daher stammt auch die Bezeichnung \u201evolumetrische Dosierung\u201c. \u00dcber die Einstellungen bestimmen Sie die Menge je Verpackung oder Karton. Bei einer 20-kg-Verpackung k\u00f6nnte dies z. B. 19 kg sein. Die gro\u00dfe Schnecke h\u00e4lt an, sobald dieses eingestellte Gewicht erreicht ist. Die Schnellschlussklappe schlie\u00dft den Austrag der Schnecke ab. Es kann also kein Produkt mehr ausstr\u00f6men. Die kleine Dosierschnecke sorgt f\u00fcr das weitere Abf\u00fcllen der Verpackung, wof\u00fcr sie meistens nur wenige Sekunden braucht.<\/p>\n<h3>Das Prinzip der Feindosierung<\/h3>\n<p>Mit der kleinen Schnecke l\u00e4sst sich die Restmenge f\u00fcr die Verpackung pr\u00e4zise dosieren. Sobald das gew\u00fcnschte Gewicht erreicht ist, z. B. 20 kg, wird die Schnecke gestoppt und die pneumatisch bediente Schnellschlussklappe geschlossen. Gemeinsam mit der gro\u00dfen Dosierschnecke k\u00f6nnen Sie auf diese Weise schnell und einfach Verpackungen mechanisch abf\u00fcllen.<\/p>\n<h3>M\u00f6chten Sie mehr \u00fcber die Grob- und Feindosierung von Stoffen erfahren? Bitte <a href=\"\/de\/schneckenfoerderer\/kontakt-van-beek\/\">wenden Sie sich dann an uns<\/a>.<\/h3>\n<p><strong>\u00a0<\/strong><\/p>\n","protected":false},"excerpt":{"rendered":"<p>M\u00f6chten Sie bei der Abf\u00fcllung einer gro\u00dfen Anzahl von Verpackungen, S\u00e4cken oder Kartons innerhalb einer bestimmten Taktzeit eine sehr genaue Dosierung erzielen? Dann ist die mechanische Grob- und Feindosierung eine gute Wahl. Die Grobdosierung sorgt f\u00fcr die hohe Kapazit\u00e4t. Sobald die gew\u00fcnschte Menge fast erreicht ist, sorgt die Feindosierung f\u00fcr die genau abgemessene, pr\u00e4zise Dosierung. [&hellip;]<\/p>\n","protected":false},"author":2,"featured_media":3544,"parent":3838,"menu_order":0,"comment_status":"closed","ping_status":"closed","template":"product.php","meta":{"_acf_changed":false,"content-type":"","inline_featured_image":false,"footnotes":""},"class_list":["post-3869","page","type-page","status-publish","has-post-thumbnail","hentry"],"acf":[],"yoast_head":"<!-- This site is optimized with the Yoast SEO plugin v27.5 - https:\/\/yoast.com\/product\/yoast-seo-wordpress\/ -->\n<title>Grob- und Feindosierung mit doppelter Dosierschnecke | Van Beek<\/title>\n<meta name=\"description\" content=\"M\u00f6chten Sie mit einer Anlage, deren Kapazit\u00e4t relativ gro\u00df ist, sehr pr\u00e4zise dosieren k\u00f6nnen? Dann ist die Kombination der Grob- und Feindosierung die ideale L\u00f6sung.\" \/>\n<meta name=\"robots\" content=\"index, follow, max-snippet:-1, max-image-preview:large, max-video-preview:-1\" \/>\n<link rel=\"canonical\" href=\"https:\/\/www.van-beek.nl\/de\/schneckenfoerderer\/dosieren\/grob-und-feindosierung\/\" \/>\n<meta property=\"og:locale\" content=\"de_DE\" \/>\n<meta property=\"og:type\" content=\"article\" \/>\n<meta property=\"og:title\" content=\"Grob- und Feindosierung mit doppelter Dosierschnecke | Van Beek\" \/>\n<meta property=\"og:description\" content=\"M\u00f6chten Sie mit einer Anlage, deren Kapazit\u00e4t relativ gro\u00df ist, sehr pr\u00e4zise dosieren k\u00f6nnen? Dann ist die Kombination der Grob- und Feindosierung die ideale L\u00f6sung.\" \/>\n<meta property=\"og:url\" content=\"https:\/\/www.van-beek.nl\/de\/schneckenfoerderer\/dosieren\/grob-und-feindosierung\/\" \/>\n<meta property=\"og:site_name\" content=\"Van Beek Schroeftransport\" \/>\n<meta property=\"article:modified_time\" content=\"2021-06-09T14:00:10+00:00\" \/>\n<meta property=\"og:image\" content=\"https:\/\/www.van-beek.nl\/wp-content\/uploads\/2021\/03\/grof_fijn_doseerder.png\" \/>\n\t<meta property=\"og:image:width\" content=\"3999\" \/>\n\t<meta property=\"og:image:height\" content=\"1980\" \/>\n\t<meta property=\"og:image:type\" content=\"image\/png\" \/>\n<meta name=\"twitter:card\" content=\"summary_large_image\" \/>\n<meta name=\"twitter:label1\" content=\"Gesch\u00e4tzte Lesezeit\" \/>\n\t<meta name=\"twitter:data1\" content=\"2\u00a0Minuten\" \/>\n<script type=\"application\/ld+json\" class=\"yoast-schema-graph\">{\"@context\":\"https:\\\/\\\/schema.org\",\"@graph\":[{\"@type\":\"WebPage\",\"@id\":\"https:\\\/\\\/www.van-beek.nl\\\/de\\\/schneckenfoerderer\\\/dosieren\\\/grob-und-feindosierung\\\/\",\"url\":\"https:\\\/\\\/www.van-beek.nl\\\/de\\\/schneckenfoerderer\\\/dosieren\\\/grob-und-feindosierung\\\/\",\"name\":\"Grob- und Feindosierung mit doppelter Dosierschnecke | Van Beek\",\"isPartOf\":{\"@id\":\"https:\\\/\\\/www.van-beek.nl\\\/de\\\/#website\"},\"primaryImageOfPage\":{\"@id\":\"https:\\\/\\\/www.van-beek.nl\\\/de\\\/schneckenfoerderer\\\/dosieren\\\/grob-und-feindosierung\\\/#primaryimage\"},\"image\":{\"@id\":\"https:\\\/\\\/www.van-beek.nl\\\/de\\\/schneckenfoerderer\\\/dosieren\\\/grob-und-feindosierung\\\/#primaryimage\"},\"thumbnailUrl\":\"https:\\\/\\\/www.van-beek.nl\\\/wp-content\\\/uploads\\\/2021\\\/03\\\/grof_fijn_doseerder.png\",\"datePublished\":\"2020-04-09T08:17:35+00:00\",\"dateModified\":\"2021-06-09T14:00:10+00:00\",\"description\":\"M\u00f6chten Sie mit einer Anlage, deren Kapazit\u00e4t relativ gro\u00df ist, sehr pr\u00e4zise dosieren k\u00f6nnen? Dann ist die Kombination der Grob- und Feindosierung die ideale L\u00f6sung.\",\"breadcrumb\":{\"@id\":\"https:\\\/\\\/www.van-beek.nl\\\/de\\\/schneckenfoerderer\\\/dosieren\\\/grob-und-feindosierung\\\/#breadcrumb\"},\"inLanguage\":\"de\",\"potentialAction\":[{\"@type\":\"ReadAction\",\"target\":[\"https:\\\/\\\/www.van-beek.nl\\\/de\\\/schneckenfoerderer\\\/dosieren\\\/grob-und-feindosierung\\\/\"]}]},{\"@type\":\"ImageObject\",\"inLanguage\":\"de\",\"@id\":\"https:\\\/\\\/www.van-beek.nl\\\/de\\\/schneckenfoerderer\\\/dosieren\\\/grob-und-feindosierung\\\/#primaryimage\",\"url\":\"https:\\\/\\\/www.van-beek.nl\\\/wp-content\\\/uploads\\\/2021\\\/03\\\/grof_fijn_doseerder.png\",\"contentUrl\":\"https:\\\/\\\/www.van-beek.nl\\\/wp-content\\\/uploads\\\/2021\\\/03\\\/grof_fijn_doseerder.png\",\"width\":3999,\"height\":1980,\"caption\":\"Mechanische grof-fijn dosering\"},{\"@type\":\"BreadcrumbList\",\"@id\":\"https:\\\/\\\/www.van-beek.nl\\\/de\\\/schneckenfoerderer\\\/dosieren\\\/grob-und-feindosierung\\\/#breadcrumb\",\"itemListElement\":[{\"@type\":\"ListItem\",\"position\":1,\"name\":\"Home\",\"item\":\"https:\\\/\\\/www.van-beek.nl\\\/de\\\/\"},{\"@type\":\"ListItem\",\"position\":2,\"name\":\"Schneckenf\u00f6rderer\",\"item\":\"https:\\\/\\\/www.van-beek.nl\\\/de\\\/schneckenfoerderer\\\/\"},{\"@type\":\"ListItem\",\"position\":3,\"name\":\"Dosieren\",\"item\":\"https:\\\/\\\/www.van-beek.nl\\\/de\\\/schroeftransporteurs\\\/doseren\\\/\"},{\"@type\":\"ListItem\",\"position\":4,\"name\":\"Grob- und Feindosierung\"}]},{\"@type\":\"WebSite\",\"@id\":\"https:\\\/\\\/www.van-beek.nl\\\/de\\\/#website\",\"url\":\"https:\\\/\\\/www.van-beek.nl\\\/de\\\/\",\"name\":\"Van Beek Schroeftransport\",\"description\":\"\",\"publisher\":{\"@id\":\"https:\\\/\\\/www.van-beek.nl\\\/de\\\/#organization\"},\"potentialAction\":[{\"@type\":\"SearchAction\",\"target\":{\"@type\":\"EntryPoint\",\"urlTemplate\":\"https:\\\/\\\/www.van-beek.nl\\\/de\\\/?s={search_term_string}\"},\"query-input\":{\"@type\":\"PropertyValueSpecification\",\"valueRequired\":true,\"valueName\":\"search_term_string\"}}],\"inLanguage\":\"de\"},{\"@type\":\"Organization\",\"@id\":\"https:\\\/\\\/www.van-beek.nl\\\/de\\\/#organization\",\"name\":\"Transportschroeven- en machinefabriek Van Beek B.V.\",\"url\":\"https:\\\/\\\/www.van-beek.nl\\\/de\\\/\",\"logo\":{\"@type\":\"ImageObject\",\"inLanguage\":\"de\",\"@id\":\"https:\\\/\\\/www.van-beek.nl\\\/de\\\/#\\\/schema\\\/logo\\\/image\\\/\",\"url\":\"https:\\\/\\\/van-beek.nl\\\/wp-content\\\/uploads\\\/2020\\\/04\\\/VanBeek-logo.png\",\"contentUrl\":\"https:\\\/\\\/van-beek.nl\\\/wp-content\\\/uploads\\\/2020\\\/04\\\/VanBeek-logo.png\",\"width\":116,\"height\":22,\"caption\":\"Transportschroeven- en machinefabriek Van Beek B.V.\"},\"image\":{\"@id\":\"https:\\\/\\\/www.van-beek.nl\\\/de\\\/#\\\/schema\\\/logo\\\/image\\\/\"}}]}<\/script>\n<!-- \/ Yoast SEO plugin. -->","yoast_head_json":{"title":"Grob- und Feindosierung mit doppelter Dosierschnecke | Van Beek","description":"M\u00f6chten Sie mit einer Anlage, deren Kapazit\u00e4t relativ gro\u00df ist, sehr pr\u00e4zise dosieren k\u00f6nnen? Dann ist die Kombination der Grob- und Feindosierung die ideale L\u00f6sung.","robots":{"index":"index","follow":"follow","max-snippet":"max-snippet:-1","max-image-preview":"max-image-preview:large","max-video-preview":"max-video-preview:-1"},"canonical":"https:\/\/www.van-beek.nl\/de\/schneckenfoerderer\/dosieren\/grob-und-feindosierung\/","og_locale":"de_DE","og_type":"article","og_title":"Grob- und Feindosierung mit doppelter Dosierschnecke | Van Beek","og_description":"M\u00f6chten Sie mit einer Anlage, deren Kapazit\u00e4t relativ gro\u00df ist, sehr pr\u00e4zise dosieren k\u00f6nnen? Dann ist die Kombination der Grob- und Feindosierung die ideale L\u00f6sung.","og_url":"https:\/\/www.van-beek.nl\/de\/schneckenfoerderer\/dosieren\/grob-und-feindosierung\/","og_site_name":"Van Beek Schroeftransport","article_modified_time":"2021-06-09T14:00:10+00:00","og_image":[{"width":3999,"height":1980,"url":"https:\/\/www.van-beek.nl\/wp-content\/uploads\/2021\/03\/grof_fijn_doseerder.png","type":"image\/png"}],"twitter_card":"summary_large_image","twitter_misc":{"Gesch\u00e4tzte Lesezeit":"2\u00a0Minuten"},"schema":{"@context":"https:\/\/schema.org","@graph":[{"@type":"WebPage","@id":"https:\/\/www.van-beek.nl\/de\/schneckenfoerderer\/dosieren\/grob-und-feindosierung\/","url":"https:\/\/www.van-beek.nl\/de\/schneckenfoerderer\/dosieren\/grob-und-feindosierung\/","name":"Grob- und Feindosierung mit doppelter Dosierschnecke | Van Beek","isPartOf":{"@id":"https:\/\/www.van-beek.nl\/de\/#website"},"primaryImageOfPage":{"@id":"https:\/\/www.van-beek.nl\/de\/schneckenfoerderer\/dosieren\/grob-und-feindosierung\/#primaryimage"},"image":{"@id":"https:\/\/www.van-beek.nl\/de\/schneckenfoerderer\/dosieren\/grob-und-feindosierung\/#primaryimage"},"thumbnailUrl":"https:\/\/www.van-beek.nl\/wp-content\/uploads\/2021\/03\/grof_fijn_doseerder.png","datePublished":"2020-04-09T08:17:35+00:00","dateModified":"2021-06-09T14:00:10+00:00","description":"M\u00f6chten Sie mit einer Anlage, deren Kapazit\u00e4t relativ gro\u00df ist, sehr pr\u00e4zise dosieren k\u00f6nnen? Dann ist die Kombination der Grob- und Feindosierung die ideale L\u00f6sung.","breadcrumb":{"@id":"https:\/\/www.van-beek.nl\/de\/schneckenfoerderer\/dosieren\/grob-und-feindosierung\/#breadcrumb"},"inLanguage":"de","potentialAction":[{"@type":"ReadAction","target":["https:\/\/www.van-beek.nl\/de\/schneckenfoerderer\/dosieren\/grob-und-feindosierung\/"]}]},{"@type":"ImageObject","inLanguage":"de","@id":"https:\/\/www.van-beek.nl\/de\/schneckenfoerderer\/dosieren\/grob-und-feindosierung\/#primaryimage","url":"https:\/\/www.van-beek.nl\/wp-content\/uploads\/2021\/03\/grof_fijn_doseerder.png","contentUrl":"https:\/\/www.van-beek.nl\/wp-content\/uploads\/2021\/03\/grof_fijn_doseerder.png","width":3999,"height":1980,"caption":"Mechanische grof-fijn dosering"},{"@type":"BreadcrumbList","@id":"https:\/\/www.van-beek.nl\/de\/schneckenfoerderer\/dosieren\/grob-und-feindosierung\/#breadcrumb","itemListElement":[{"@type":"ListItem","position":1,"name":"Home","item":"https:\/\/www.van-beek.nl\/de\/"},{"@type":"ListItem","position":2,"name":"Schneckenf\u00f6rderer","item":"https:\/\/www.van-beek.nl\/de\/schneckenfoerderer\/"},{"@type":"ListItem","position":3,"name":"Dosieren","item":"https:\/\/www.van-beek.nl\/de\/schroeftransporteurs\/doseren\/"},{"@type":"ListItem","position":4,"name":"Grob- und Feindosierung"}]},{"@type":"WebSite","@id":"https:\/\/www.van-beek.nl\/de\/#website","url":"https:\/\/www.van-beek.nl\/de\/","name":"Van Beek Schroeftransport","description":"","publisher":{"@id":"https:\/\/www.van-beek.nl\/de\/#organization"},"potentialAction":[{"@type":"SearchAction","target":{"@type":"EntryPoint","urlTemplate":"https:\/\/www.van-beek.nl\/de\/?s={search_term_string}"},"query-input":{"@type":"PropertyValueSpecification","valueRequired":true,"valueName":"search_term_string"}}],"inLanguage":"de"},{"@type":"Organization","@id":"https:\/\/www.van-beek.nl\/de\/#organization","name":"Transportschroeven- en machinefabriek Van Beek B.V.","url":"https:\/\/www.van-beek.nl\/de\/","logo":{"@type":"ImageObject","inLanguage":"de","@id":"https:\/\/www.van-beek.nl\/de\/#\/schema\/logo\/image\/","url":"https:\/\/van-beek.nl\/wp-content\/uploads\/2020\/04\/VanBeek-logo.png","contentUrl":"https:\/\/van-beek.nl\/wp-content\/uploads\/2020\/04\/VanBeek-logo.png","width":116,"height":22,"caption":"Transportschroeven- en machinefabriek Van Beek B.V."},"image":{"@id":"https:\/\/www.van-beek.nl\/de\/#\/schema\/logo\/image\/"}}]}},"_links":{"self":[{"href":"https:\/\/www.van-beek.nl\/de\/wp-json\/wp\/v2\/pages\/3869","targetHints":{"allow":["GET"]}}],"collection":[{"href":"https:\/\/www.van-beek.nl\/de\/wp-json\/wp\/v2\/pages"}],"about":[{"href":"https:\/\/www.van-beek.nl\/de\/wp-json\/wp\/v2\/types\/page"}],"author":[{"embeddable":true,"href":"https:\/\/www.van-beek.nl\/de\/wp-json\/wp\/v2\/users\/2"}],"replies":[{"embeddable":true,"href":"https:\/\/www.van-beek.nl\/de\/wp-json\/wp\/v2\/comments?post=3869"}],"version-history":[{"count":3,"href":"https:\/\/www.van-beek.nl\/de\/wp-json\/wp\/v2\/pages\/3869\/revisions"}],"predecessor-version":[{"id":8029,"href":"https:\/\/www.van-beek.nl\/de\/wp-json\/wp\/v2\/pages\/3869\/revisions\/8029"}],"up":[{"embeddable":true,"href":"https:\/\/www.van-beek.nl\/de\/wp-json\/wp\/v2\/pages\/3838"}],"wp:featuredmedia":[{"embeddable":true,"href":"https:\/\/www.van-beek.nl\/de\/wp-json\/wp\/v2\/media\/3544"}],"wp:attachment":[{"href":"https:\/\/www.van-beek.nl\/de\/wp-json\/wp\/v2\/media?parent=3869"}],"curies":[{"name":"wp","href":"https:\/\/api.w.org\/{rel}","templated":true}]}}