{"id":9505,"date":"2021-11-10T13:57:56","date_gmt":"2021-11-10T13:57:56","guid":{"rendered":"https:\/\/van-beek.nl\/?page_id=9505"},"modified":"2025-05-28T13:48:37","modified_gmt":"2025-05-28T11:48:37","slug":"dino-silverline","status":"publish","type":"page","link":"https:\/\/www.van-beek.nl\/de\/silowagenfuellanlagen\/ausfuehrungen-und-zusatzausstattung\/dino-silverline\/","title":{"rendered":"S-Line-Konfiguration"},"content":{"rendered":"<p><strong>F\u00fcr die Verladung muss oft sofort eine Anlage zur Verf\u00fcgung stehen, ohne eine l\u00e4ngere Planungsphase vorab. Wenn Sie nicht auf eine einzeln gefertigte Maschine warten k\u00f6nnen, gibt es die Dino DR300 S-Line f\u00fcr Sie. Dies ist eine Silowagenf\u00fcllanlage mit einer Standardkonfiguration, die bereits in acht Arbeitswochen lieferbar ist.<\/strong><\/p>\n<p>Der Dino S-Line hat eine Standardkonfiguration mit bestimmten Optionen, die eine effiziente und zuverl\u00e4ssige L\u00f6sung ohne lange Genehmigungsverfahren gew\u00e4hrleisten. Aufgrund der klaren Vereinbarungen mit unseren Lieferanten und der sorgf\u00e4ltigen Bestandsplanung k\u00f6nnen wir eine zeitnahe Lieferung (ca. 8-10 Wochen nach der Bestellung) und optimale Qualit\u00e4t garantieren.<\/p>\n<p>Die S-Line besteht aus einem DR300-Rumpf aus AISI 304, der auf Wunsch mit Optionen wie Fluidisierungseinheiten, Klopfern und einem Aufsetzrand mit oder ohne Deckel erweiterbar ist. F\u00fcr den Antrieb stehen die beiden Konfigurationen A und B zur Auswahl: A mit einer Kapazit\u00e4t von 40 m3\/Stunde und B mit einer etwas niedrigeren Drehzahl von 30 m3\/Stunde, jedoch einer h\u00f6heren Leistung, sodass dieser Motor f\u00fcr Produkte mit einem h\u00f6heren Sch\u00fcttgewicht geeignet ist.<\/p>\n<p>Am Einlauf befindet sich ein schmaler Trichter mit steilen W\u00e4nden, sodass Pulver problemlos in den Schneckenf\u00f6rderer gelangen. Am Auslauf ist ein handbet\u00e4tigter Verladebalg mit einem Konus aus Edelstahl angebracht. Die Farben der Anlage stehen f\u00fcr diese Konfiguration fest: die Treppe, das Gestell und der Antrieb sind in RAL 9006 (Wei\u00dfaluminium), der Kompressor und das Hydraulikset in RAL 7021 (Schwarzgrau) lackiert.<\/p>\n<p>Wir versetzen uns gerne in Ihre Lage, um mit Ihnen eine L\u00f6sung zu entwickeln, die Ihren W\u00fcnschen genau entspricht.<\/p>\n","protected":false},"excerpt":{"rendered":"<p>F\u00fcr die Verladung muss oft sofort eine Anlage zur Verf\u00fcgung stehen, ohne eine l\u00e4ngere Planungsphase vorab. Wenn Sie nicht auf eine einzeln gefertigte Maschine warten k\u00f6nnen, gibt es die Dino DR300 S-Line f\u00fcr Sie. Dies ist eine Silowagenf\u00fcllanlage mit einer Standardkonfiguration, die bereits in acht Arbeitswochen lieferbar ist. Der Dino S-Line hat eine Standardkonfiguration mit [&hellip;]<\/p>\n","protected":false},"author":5,"featured_media":8393,"parent":3832,"menu_order":0,"comment_status":"closed","ping_status":"closed","template":"product.php","meta":{"_acf_changed":false,"content-type":"","inline_featured_image":false,"footnotes":""},"class_list":["post-9505","page","type-page","status-publish","has-post-thumbnail","hentry"],"acf":[],"yoast_head":"<!-- This site is optimized with the Yoast SEO plugin v27.5 - https:\/\/yoast.com\/product\/yoast-seo-wordpress\/ -->\n<title>- Van Beek Schroeftransport<\/title>\n<meta name=\"robots\" content=\"index, follow, max-snippet:-1, max-image-preview:large, max-video-preview:-1\" \/>\n<link rel=\"canonical\" href=\"https:\/\/www.van-beek.nl\/de\/silowagenfuellanlagen\/ausfuehrungen-und-zusatzausstattung\/dino-silverline\/\" \/>\n<meta property=\"og:locale\" content=\"de_DE\" \/>\n<meta property=\"og:type\" content=\"article\" \/>\n<meta property=\"og:title\" content=\"- Van Beek Schroeftransport\" \/>\n<meta property=\"og:description\" content=\"F\u00fcr die Verladung muss oft sofort eine Anlage zur Verf\u00fcgung stehen, ohne eine l\u00e4ngere Planungsphase vorab. Wenn Sie nicht auf eine einzeln gefertigte Maschine warten k\u00f6nnen, gibt es die Dino DR300 S-Line f\u00fcr Sie. Dies ist eine Silowagenf\u00fcllanlage mit einer Standardkonfiguration, die bereits in acht Arbeitswochen lieferbar ist. Der Dino S-Line hat eine Standardkonfiguration mit [&hellip;]\" \/>\n<meta property=\"og:url\" content=\"https:\/\/www.van-beek.nl\/de\/silowagenfuellanlagen\/ausfuehrungen-und-zusatzausstattung\/dino-silverline\/\" \/>\n<meta property=\"og:site_name\" content=\"Van Beek Schroeftransport\" \/>\n<meta property=\"article:modified_time\" content=\"2025-05-28T11:48:37+00:00\" \/>\n<meta property=\"og:image\" content=\"https:\/\/www.van-beek.nl\/wp-content\/uploads\/2021\/07\/Silverline-Dino.png\" \/>\n\t<meta property=\"og:image:width\" content=\"3999\" \/>\n\t<meta property=\"og:image:height\" content=\"1980\" \/>\n\t<meta property=\"og:image:type\" content=\"image\/png\" \/>\n<meta name=\"twitter:card\" content=\"summary_large_image\" \/>\n<meta name=\"twitter:label1\" content=\"Gesch\u00e4tzte Lesezeit\" \/>\n\t<meta name=\"twitter:data1\" content=\"2\u00a0Minuten\" \/>\n<script type=\"application\/ld+json\" class=\"yoast-schema-graph\">{\"@context\":\"https:\\\/\\\/schema.org\",\"@graph\":[{\"@type\":\"WebPage\",\"@id\":\"https:\\\/\\\/www.van-beek.nl\\\/de\\\/silowagenfuellanlagen\\\/ausfuehrungen-und-zusatzausstattung\\\/dino-silverline\\\/\",\"url\":\"https:\\\/\\\/www.van-beek.nl\\\/de\\\/silowagenfuellanlagen\\\/ausfuehrungen-und-zusatzausstattung\\\/dino-silverline\\\/\",\"name\":\"- Van Beek Schroeftransport\",\"isPartOf\":{\"@id\":\"https:\\\/\\\/www.van-beek.nl\\\/de\\\/#website\"},\"primaryImageOfPage\":{\"@id\":\"https:\\\/\\\/www.van-beek.nl\\\/de\\\/silowagenfuellanlagen\\\/ausfuehrungen-und-zusatzausstattung\\\/dino-silverline\\\/#primaryimage\"},\"image\":{\"@id\":\"https:\\\/\\\/www.van-beek.nl\\\/de\\\/silowagenfuellanlagen\\\/ausfuehrungen-und-zusatzausstattung\\\/dino-silverline\\\/#primaryimage\"},\"thumbnailUrl\":\"https:\\\/\\\/www.van-beek.nl\\\/wp-content\\\/uploads\\\/2021\\\/07\\\/Silverline-Dino.png\",\"datePublished\":\"2021-11-10T13:57:56+00:00\",\"dateModified\":\"2025-05-28T11:48:37+00:00\",\"breadcrumb\":{\"@id\":\"https:\\\/\\\/www.van-beek.nl\\\/de\\\/silowagenfuellanlagen\\\/ausfuehrungen-und-zusatzausstattung\\\/dino-silverline\\\/#breadcrumb\"},\"inLanguage\":\"de\",\"potentialAction\":[{\"@type\":\"ReadAction\",\"target\":[\"https:\\\/\\\/www.van-beek.nl\\\/de\\\/silowagenfuellanlagen\\\/ausfuehrungen-und-zusatzausstattung\\\/dino-silverline\\\/\"]}]},{\"@type\":\"ImageObject\",\"inLanguage\":\"de\",\"@id\":\"https:\\\/\\\/www.van-beek.nl\\\/de\\\/silowagenfuellanlagen\\\/ausfuehrungen-und-zusatzausstattung\\\/dino-silverline\\\/#primaryimage\",\"url\":\"https:\\\/\\\/www.van-beek.nl\\\/wp-content\\\/uploads\\\/2021\\\/07\\\/Silverline-Dino.png\",\"contentUrl\":\"https:\\\/\\\/www.van-beek.nl\\\/wp-content\\\/uploads\\\/2021\\\/07\\\/Silverline-Dino.png\",\"width\":3999,\"height\":1980,\"caption\":\"De Dino DR300 SilverLine is een Dino met een capaciteit van 40 m\u00b3\\\/uur en uitgerust met de vijf meest gewilde opties bij het verladen naar bulkwagens.\"},{\"@type\":\"BreadcrumbList\",\"@id\":\"https:\\\/\\\/www.van-beek.nl\\\/de\\\/silowagenfuellanlagen\\\/ausfuehrungen-und-zusatzausstattung\\\/dino-silverline\\\/#breadcrumb\",\"itemListElement\":[{\"@type\":\"ListItem\",\"position\":1,\"name\":\"Home\",\"item\":\"https:\\\/\\\/www.van-beek.nl\\\/de\\\/\"},{\"@type\":\"ListItem\",\"position\":2,\"name\":\"Dino Silowagenf\u00fcllanlagen\",\"item\":\"https:\\\/\\\/www.van-beek.nl\\\/de\\\/silowagenfuellanlagen\\\/\"},{\"@type\":\"ListItem\",\"position\":3,\"name\":\"Ausf\u00fchrungen und Zusatzausstattung\",\"item\":\"https:\\\/\\\/www.van-beek.nl\\\/de\\\/silowagenfuellanlagen\\\/ausfuehrungen-und-zusatzausstattung\\\/\"},{\"@type\":\"ListItem\",\"position\":4,\"name\":\"S-Line-Konfiguration\"}]},{\"@type\":\"WebSite\",\"@id\":\"https:\\\/\\\/www.van-beek.nl\\\/de\\\/#website\",\"url\":\"https:\\\/\\\/www.van-beek.nl\\\/de\\\/\",\"name\":\"Van Beek Schroeftransport\",\"description\":\"\",\"publisher\":{\"@id\":\"https:\\\/\\\/www.van-beek.nl\\\/de\\\/#organization\"},\"potentialAction\":[{\"@type\":\"SearchAction\",\"target\":{\"@type\":\"EntryPoint\",\"urlTemplate\":\"https:\\\/\\\/www.van-beek.nl\\\/de\\\/?s={search_term_string}\"},\"query-input\":{\"@type\":\"PropertyValueSpecification\",\"valueRequired\":true,\"valueName\":\"search_term_string\"}}],\"inLanguage\":\"de\"},{\"@type\":\"Organization\",\"@id\":\"https:\\\/\\\/www.van-beek.nl\\\/de\\\/#organization\",\"name\":\"Transportschroeven- en machinefabriek Van Beek B.V.\",\"url\":\"https:\\\/\\\/www.van-beek.nl\\\/de\\\/\",\"logo\":{\"@type\":\"ImageObject\",\"inLanguage\":\"de\",\"@id\":\"https:\\\/\\\/www.van-beek.nl\\\/de\\\/#\\\/schema\\\/logo\\\/image\\\/\",\"url\":\"https:\\\/\\\/van-beek.nl\\\/wp-content\\\/uploads\\\/2020\\\/04\\\/VanBeek-logo.png\",\"contentUrl\":\"https:\\\/\\\/van-beek.nl\\\/wp-content\\\/uploads\\\/2020\\\/04\\\/VanBeek-logo.png\",\"width\":116,\"height\":22,\"caption\":\"Transportschroeven- en machinefabriek Van Beek B.V.\"},\"image\":{\"@id\":\"https:\\\/\\\/www.van-beek.nl\\\/de\\\/#\\\/schema\\\/logo\\\/image\\\/\"}}]}<\/script>\n<!-- \/ Yoast SEO plugin. -->","yoast_head_json":{"title":"- Van Beek Schroeftransport","robots":{"index":"index","follow":"follow","max-snippet":"max-snippet:-1","max-image-preview":"max-image-preview:large","max-video-preview":"max-video-preview:-1"},"canonical":"https:\/\/www.van-beek.nl\/de\/silowagenfuellanlagen\/ausfuehrungen-und-zusatzausstattung\/dino-silverline\/","og_locale":"de_DE","og_type":"article","og_title":"- Van Beek Schroeftransport","og_description":"F\u00fcr die Verladung muss oft sofort eine Anlage zur Verf\u00fcgung stehen, ohne eine l\u00e4ngere Planungsphase vorab. Wenn Sie nicht auf eine einzeln gefertigte Maschine warten k\u00f6nnen, gibt es die Dino DR300 S-Line f\u00fcr Sie. Dies ist eine Silowagenf\u00fcllanlage mit einer Standardkonfiguration, die bereits in acht Arbeitswochen lieferbar ist. Der Dino S-Line hat eine Standardkonfiguration mit [&hellip;]","og_url":"https:\/\/www.van-beek.nl\/de\/silowagenfuellanlagen\/ausfuehrungen-und-zusatzausstattung\/dino-silverline\/","og_site_name":"Van Beek Schroeftransport","article_modified_time":"2025-05-28T11:48:37+00:00","og_image":[{"width":3999,"height":1980,"url":"https:\/\/www.van-beek.nl\/wp-content\/uploads\/2021\/07\/Silverline-Dino.png","type":"image\/png"}],"twitter_card":"summary_large_image","twitter_misc":{"Gesch\u00e4tzte Lesezeit":"2\u00a0Minuten"},"schema":{"@context":"https:\/\/schema.org","@graph":[{"@type":"WebPage","@id":"https:\/\/www.van-beek.nl\/de\/silowagenfuellanlagen\/ausfuehrungen-und-zusatzausstattung\/dino-silverline\/","url":"https:\/\/www.van-beek.nl\/de\/silowagenfuellanlagen\/ausfuehrungen-und-zusatzausstattung\/dino-silverline\/","name":"- Van Beek Schroeftransport","isPartOf":{"@id":"https:\/\/www.van-beek.nl\/de\/#website"},"primaryImageOfPage":{"@id":"https:\/\/www.van-beek.nl\/de\/silowagenfuellanlagen\/ausfuehrungen-und-zusatzausstattung\/dino-silverline\/#primaryimage"},"image":{"@id":"https:\/\/www.van-beek.nl\/de\/silowagenfuellanlagen\/ausfuehrungen-und-zusatzausstattung\/dino-silverline\/#primaryimage"},"thumbnailUrl":"https:\/\/www.van-beek.nl\/wp-content\/uploads\/2021\/07\/Silverline-Dino.png","datePublished":"2021-11-10T13:57:56+00:00","dateModified":"2025-05-28T11:48:37+00:00","breadcrumb":{"@id":"https:\/\/www.van-beek.nl\/de\/silowagenfuellanlagen\/ausfuehrungen-und-zusatzausstattung\/dino-silverline\/#breadcrumb"},"inLanguage":"de","potentialAction":[{"@type":"ReadAction","target":["https:\/\/www.van-beek.nl\/de\/silowagenfuellanlagen\/ausfuehrungen-und-zusatzausstattung\/dino-silverline\/"]}]},{"@type":"ImageObject","inLanguage":"de","@id":"https:\/\/www.van-beek.nl\/de\/silowagenfuellanlagen\/ausfuehrungen-und-zusatzausstattung\/dino-silverline\/#primaryimage","url":"https:\/\/www.van-beek.nl\/wp-content\/uploads\/2021\/07\/Silverline-Dino.png","contentUrl":"https:\/\/www.van-beek.nl\/wp-content\/uploads\/2021\/07\/Silverline-Dino.png","width":3999,"height":1980,"caption":"De Dino DR300 SilverLine is een Dino met een capaciteit van 40 m\u00b3\/uur en uitgerust met de vijf meest gewilde opties bij het verladen naar bulkwagens."},{"@type":"BreadcrumbList","@id":"https:\/\/www.van-beek.nl\/de\/silowagenfuellanlagen\/ausfuehrungen-und-zusatzausstattung\/dino-silverline\/#breadcrumb","itemListElement":[{"@type":"ListItem","position":1,"name":"Home","item":"https:\/\/www.van-beek.nl\/de\/"},{"@type":"ListItem","position":2,"name":"Dino Silowagenf\u00fcllanlagen","item":"https:\/\/www.van-beek.nl\/de\/silowagenfuellanlagen\/"},{"@type":"ListItem","position":3,"name":"Ausf\u00fchrungen und Zusatzausstattung","item":"https:\/\/www.van-beek.nl\/de\/silowagenfuellanlagen\/ausfuehrungen-und-zusatzausstattung\/"},{"@type":"ListItem","position":4,"name":"S-Line-Konfiguration"}]},{"@type":"WebSite","@id":"https:\/\/www.van-beek.nl\/de\/#website","url":"https:\/\/www.van-beek.nl\/de\/","name":"Van Beek Schroeftransport","description":"","publisher":{"@id":"https:\/\/www.van-beek.nl\/de\/#organization"},"potentialAction":[{"@type":"SearchAction","target":{"@type":"EntryPoint","urlTemplate":"https:\/\/www.van-beek.nl\/de\/?s={search_term_string}"},"query-input":{"@type":"PropertyValueSpecification","valueRequired":true,"valueName":"search_term_string"}}],"inLanguage":"de"},{"@type":"Organization","@id":"https:\/\/www.van-beek.nl\/de\/#organization","name":"Transportschroeven- en machinefabriek Van Beek B.V.","url":"https:\/\/www.van-beek.nl\/de\/","logo":{"@type":"ImageObject","inLanguage":"de","@id":"https:\/\/www.van-beek.nl\/de\/#\/schema\/logo\/image\/","url":"https:\/\/van-beek.nl\/wp-content\/uploads\/2020\/04\/VanBeek-logo.png","contentUrl":"https:\/\/van-beek.nl\/wp-content\/uploads\/2020\/04\/VanBeek-logo.png","width":116,"height":22,"caption":"Transportschroeven- en machinefabriek Van Beek B.V."},"image":{"@id":"https:\/\/www.van-beek.nl\/de\/#\/schema\/logo\/image\/"}}]}},"_links":{"self":[{"href":"https:\/\/www.van-beek.nl\/de\/wp-json\/wp\/v2\/pages\/9505","targetHints":{"allow":["GET"]}}],"collection":[{"href":"https:\/\/www.van-beek.nl\/de\/wp-json\/wp\/v2\/pages"}],"about":[{"href":"https:\/\/www.van-beek.nl\/de\/wp-json\/wp\/v2\/types\/page"}],"author":[{"embeddable":true,"href":"https:\/\/www.van-beek.nl\/de\/wp-json\/wp\/v2\/users\/5"}],"replies":[{"embeddable":true,"href":"https:\/\/www.van-beek.nl\/de\/wp-json\/wp\/v2\/comments?post=9505"}],"version-history":[{"count":8,"href":"https:\/\/www.van-beek.nl\/de\/wp-json\/wp\/v2\/pages\/9505\/revisions"}],"predecessor-version":[{"id":13278,"href":"https:\/\/www.van-beek.nl\/de\/wp-json\/wp\/v2\/pages\/9505\/revisions\/13278"}],"up":[{"embeddable":true,"href":"https:\/\/www.van-beek.nl\/de\/wp-json\/wp\/v2\/pages\/3832"}],"wp:featuredmedia":[{"embeddable":true,"href":"https:\/\/www.van-beek.nl\/de\/wp-json\/wp\/v2\/media\/8393"}],"wp:attachment":[{"href":"https:\/\/www.van-beek.nl\/de\/wp-json\/wp\/v2\/media?parent=9505"}],"curies":[{"name":"wp","href":"https:\/\/api.w.org\/{rel}","templated":true}]}}