{"id":9512,"date":"2021-11-10T14:33:51","date_gmt":"2021-11-10T14:33:51","guid":{"rendered":"https:\/\/van-beek.nl\/?page_id=9512"},"modified":"2025-05-28T13:48:58","modified_gmt":"2025-05-28T11:48:58","slug":"dino-cement","status":"publish","type":"page","link":"https:\/\/www.van-beek.nl\/de\/silowagenfuellanlagen\/ausfuehrungen-und-zusatzausstattung\/dino-cement\/","title":{"rendered":"Zement-Konfiguration"},"content":{"rendered":"<p><strong>Speziell f\u00fcr die Verladung von Bigbags mit Zement und zementartigen Stoffen, wie z. B. Kalkstein, Natriumkarbonat und Bentonit, haben wir den Dino DS400 Cement konfiguriert. Die Silowagenf\u00fcllanlage dieses Typs ist bereits mit den am h\u00e4ufigsten nachgefragten Optionen zur Verladung zementartiger Produkte ausger\u00fcstet.<\/strong><\/p>\n<p>Der Dino Cement hat wegen des h\u00f6heren Sch\u00fcttgewichts des verladenen Produkts eine Kapazit\u00e4t von 80 m3\/Stunde. Da der Einlauftrichter mit einem Winkel von 60 Grad steilere W\u00e4nde hat als der normale Dino DS400, sorgt dies f\u00fcr einen verbesserten Produktdurchfluss. Das kreuz- oder u-f\u00f6rmige Messer im Einlauftrichter erm\u00f6glicht es zudem, dass der Gabelstaplerfahrer die Bigbags schnell, sicher und einfach entleeren kann, da der Boden der Bigbags zerschnitten wird. Der Fahrer braucht zum \u00d6ffnen der Bigbags nicht aus dem Gabelstapler zu steigen, sondern kann gleich den n\u00e4chsten Bigbag holen. Das Silofahrzeug l\u00e4sst sich so in lediglich ca. 30 Minuten f\u00fcllen.<\/p>\n<p>Auf dem Einlauftrichter liegt ein Siebdeck (10&#215;10 mm) mit Vibrationsmotor, der die gro\u00dfen Brocken und Klumpen vom Zementpulver trennt. Der Vibrationsmotor sorgt f\u00fcr die Zerkleinerung der Klumpen, sodass auch sie mit dem Pulver bef\u00f6rdert werden k\u00f6nnen. Der Einlauftrichter ist mit Fluidisierungseinheiten ausgestattet, die mit der ausgeblasenen Luft f\u00fcr einen Luftfilm an den Innenfl\u00e4chen des Trichters sorgen, auf dem das Produkt leichter in die Schneckenwelle flie\u00dft.<\/p>\n<p>Der Dino DS400 Cement ist zur Staubreduktion an den Ein- und Ausgabestellen mit einem integrierten industriellen Staubfilter ausger\u00fcstet. Am Rahmen befinden sich zwei zus\u00e4tzliche St\u00fctzen, die die Stabilit\u00e4t erh\u00f6hen. Die massiven R\u00e4der erm\u00f6glichen eine robuste und defektfreie Mobilit\u00e4t. Der Kompressor ist mit einem \u201eW\u00fcsten\u201c-Staubfilter ausgestattet, der die Zuverl\u00e4ssigkeit in staubigen Umgebungen erh\u00f6ht. Die Schutzkappe \u00fcber dem Motorventilator steigert die Lebensdauer des Motors.<\/p>\n<p>Wir versetzen uns gerne in Ihre Lage, um mit Ihnen eine L\u00f6sung zu entwickeln, die Ihren W\u00fcnschen genau entspricht.<\/p>\n","protected":false},"excerpt":{"rendered":"<p>Speziell f\u00fcr die Verladung von Bigbags mit Zement und zementartigen Stoffen, wie z. B. Kalkstein, Natriumkarbonat und Bentonit, haben wir den Dino DS400 Cement konfiguriert. Die Silowagenf\u00fcllanlage dieses Typs ist bereits mit den am h\u00e4ufigsten nachgefragten Optionen zur Verladung zementartiger Produkte ausger\u00fcstet. Der Dino Cement hat wegen des h\u00f6heren Sch\u00fcttgewichts des verladenen Produkts eine Kapazit\u00e4t [&hellip;]<\/p>\n","protected":false},"author":5,"featured_media":10169,"parent":3832,"menu_order":0,"comment_status":"closed","ping_status":"closed","template":"product.php","meta":{"_acf_changed":false,"content-type":"","inline_featured_image":false,"footnotes":""},"class_list":["post-9512","page","type-page","status-publish","has-post-thumbnail","hentry"],"acf":[],"yoast_head":"<!-- This site is optimized with the Yoast SEO plugin v27.5 - https:\/\/yoast.com\/product\/yoast-seo-wordpress\/ -->\n<title>- Van Beek Schroeftransport<\/title>\n<meta name=\"robots\" content=\"index, follow, max-snippet:-1, max-image-preview:large, max-video-preview:-1\" \/>\n<link rel=\"canonical\" href=\"https:\/\/www.van-beek.nl\/de\/silowagenfuellanlagen\/ausfuehrungen-und-zusatzausstattung\/dino-cement\/\" \/>\n<meta property=\"og:locale\" content=\"de_DE\" \/>\n<meta property=\"og:type\" content=\"article\" \/>\n<meta property=\"og:title\" content=\"- Van Beek Schroeftransport\" \/>\n<meta property=\"og:description\" content=\"Speziell f\u00fcr die Verladung von Bigbags mit Zement und zementartigen Stoffen, wie z. B. Kalkstein, Natriumkarbonat und Bentonit, haben wir den Dino DS400 Cement konfiguriert. Die Silowagenf\u00fcllanlage dieses Typs ist bereits mit den am h\u00e4ufigsten nachgefragten Optionen zur Verladung zementartiger Produkte ausger\u00fcstet. Der Dino Cement hat wegen des h\u00f6heren Sch\u00fcttgewichts des verladenen Produkts eine Kapazit\u00e4t [&hellip;]\" \/>\n<meta property=\"og:url\" content=\"https:\/\/www.van-beek.nl\/de\/silowagenfuellanlagen\/ausfuehrungen-und-zusatzausstattung\/dino-cement\/\" \/>\n<meta property=\"og:site_name\" content=\"Van Beek Schroeftransport\" \/>\n<meta property=\"article:modified_time\" content=\"2025-05-28T11:48:58+00:00\" \/>\n<meta property=\"og:image\" content=\"https:\/\/www.van-beek.nl\/wp-content\/uploads\/2022\/02\/Dino-Cement.png\" \/>\n\t<meta property=\"og:image:width\" content=\"150\" \/>\n\t<meta property=\"og:image:height\" content=\"180\" \/>\n\t<meta property=\"og:image:type\" content=\"image\/png\" \/>\n<meta name=\"twitter:card\" content=\"summary_large_image\" \/>\n<meta name=\"twitter:label1\" content=\"Gesch\u00e4tzte Lesezeit\" \/>\n\t<meta name=\"twitter:data1\" content=\"2\u00a0Minuten\" \/>\n<script type=\"application\/ld+json\" class=\"yoast-schema-graph\">{\"@context\":\"https:\\\/\\\/schema.org\",\"@graph\":[{\"@type\":\"WebPage\",\"@id\":\"https:\\\/\\\/www.van-beek.nl\\\/de\\\/silowagenfuellanlagen\\\/ausfuehrungen-und-zusatzausstattung\\\/dino-cement\\\/\",\"url\":\"https:\\\/\\\/www.van-beek.nl\\\/de\\\/silowagenfuellanlagen\\\/ausfuehrungen-und-zusatzausstattung\\\/dino-cement\\\/\",\"name\":\"- Van Beek Schroeftransport\",\"isPartOf\":{\"@id\":\"https:\\\/\\\/www.van-beek.nl\\\/de\\\/#website\"},\"primaryImageOfPage\":{\"@id\":\"https:\\\/\\\/www.van-beek.nl\\\/de\\\/silowagenfuellanlagen\\\/ausfuehrungen-und-zusatzausstattung\\\/dino-cement\\\/#primaryimage\"},\"image\":{\"@id\":\"https:\\\/\\\/www.van-beek.nl\\\/de\\\/silowagenfuellanlagen\\\/ausfuehrungen-und-zusatzausstattung\\\/dino-cement\\\/#primaryimage\"},\"thumbnailUrl\":\"https:\\\/\\\/www.van-beek.nl\\\/wp-content\\\/uploads\\\/2022\\\/02\\\/Dino-Cement.png\",\"datePublished\":\"2021-11-10T14:33:51+00:00\",\"dateModified\":\"2025-05-28T11:48:58+00:00\",\"breadcrumb\":{\"@id\":\"https:\\\/\\\/www.van-beek.nl\\\/de\\\/silowagenfuellanlagen\\\/ausfuehrungen-und-zusatzausstattung\\\/dino-cement\\\/#breadcrumb\"},\"inLanguage\":\"de\",\"potentialAction\":[{\"@type\":\"ReadAction\",\"target\":[\"https:\\\/\\\/www.van-beek.nl\\\/de\\\/silowagenfuellanlagen\\\/ausfuehrungen-und-zusatzausstattung\\\/dino-cement\\\/\"]}]},{\"@type\":\"ImageObject\",\"inLanguage\":\"de\",\"@id\":\"https:\\\/\\\/www.van-beek.nl\\\/de\\\/silowagenfuellanlagen\\\/ausfuehrungen-und-zusatzausstattung\\\/dino-cement\\\/#primaryimage\",\"url\":\"https:\\\/\\\/www.van-beek.nl\\\/wp-content\\\/uploads\\\/2022\\\/02\\\/Dino-Cement.png\",\"contentUrl\":\"https:\\\/\\\/www.van-beek.nl\\\/wp-content\\\/uploads\\\/2022\\\/02\\\/Dino-Cement.png\",\"width\":150,\"height\":180},{\"@type\":\"BreadcrumbList\",\"@id\":\"https:\\\/\\\/www.van-beek.nl\\\/de\\\/silowagenfuellanlagen\\\/ausfuehrungen-und-zusatzausstattung\\\/dino-cement\\\/#breadcrumb\",\"itemListElement\":[{\"@type\":\"ListItem\",\"position\":1,\"name\":\"Home\",\"item\":\"https:\\\/\\\/www.van-beek.nl\\\/de\\\/\"},{\"@type\":\"ListItem\",\"position\":2,\"name\":\"Dino Silowagenf\u00fcllanlagen\",\"item\":\"https:\\\/\\\/www.van-beek.nl\\\/de\\\/silowagenfuellanlagen\\\/\"},{\"@type\":\"ListItem\",\"position\":3,\"name\":\"Ausf\u00fchrungen und Zusatzausstattung\",\"item\":\"https:\\\/\\\/www.van-beek.nl\\\/de\\\/silowagenfuellanlagen\\\/ausfuehrungen-und-zusatzausstattung\\\/\"},{\"@type\":\"ListItem\",\"position\":4,\"name\":\"Zement-Konfiguration\"}]},{\"@type\":\"WebSite\",\"@id\":\"https:\\\/\\\/www.van-beek.nl\\\/de\\\/#website\",\"url\":\"https:\\\/\\\/www.van-beek.nl\\\/de\\\/\",\"name\":\"Van Beek Schroeftransport\",\"description\":\"\",\"publisher\":{\"@id\":\"https:\\\/\\\/www.van-beek.nl\\\/de\\\/#organization\"},\"potentialAction\":[{\"@type\":\"SearchAction\",\"target\":{\"@type\":\"EntryPoint\",\"urlTemplate\":\"https:\\\/\\\/www.van-beek.nl\\\/de\\\/?s={search_term_string}\"},\"query-input\":{\"@type\":\"PropertyValueSpecification\",\"valueRequired\":true,\"valueName\":\"search_term_string\"}}],\"inLanguage\":\"de\"},{\"@type\":\"Organization\",\"@id\":\"https:\\\/\\\/www.van-beek.nl\\\/de\\\/#organization\",\"name\":\"Transportschroeven- en machinefabriek Van Beek B.V.\",\"url\":\"https:\\\/\\\/www.van-beek.nl\\\/de\\\/\",\"logo\":{\"@type\":\"ImageObject\",\"inLanguage\":\"de\",\"@id\":\"https:\\\/\\\/www.van-beek.nl\\\/de\\\/#\\\/schema\\\/logo\\\/image\\\/\",\"url\":\"https:\\\/\\\/van-beek.nl\\\/wp-content\\\/uploads\\\/2020\\\/04\\\/VanBeek-logo.png\",\"contentUrl\":\"https:\\\/\\\/van-beek.nl\\\/wp-content\\\/uploads\\\/2020\\\/04\\\/VanBeek-logo.png\",\"width\":116,\"height\":22,\"caption\":\"Transportschroeven- en machinefabriek Van Beek B.V.\"},\"image\":{\"@id\":\"https:\\\/\\\/www.van-beek.nl\\\/de\\\/#\\\/schema\\\/logo\\\/image\\\/\"}}]}<\/script>\n<!-- \/ Yoast SEO plugin. -->","yoast_head_json":{"title":"- Van Beek Schroeftransport","robots":{"index":"index","follow":"follow","max-snippet":"max-snippet:-1","max-image-preview":"max-image-preview:large","max-video-preview":"max-video-preview:-1"},"canonical":"https:\/\/www.van-beek.nl\/de\/silowagenfuellanlagen\/ausfuehrungen-und-zusatzausstattung\/dino-cement\/","og_locale":"de_DE","og_type":"article","og_title":"- Van Beek Schroeftransport","og_description":"Speziell f\u00fcr die Verladung von Bigbags mit Zement und zementartigen Stoffen, wie z. B. Kalkstein, Natriumkarbonat und Bentonit, haben wir den Dino DS400 Cement konfiguriert. Die Silowagenf\u00fcllanlage dieses Typs ist bereits mit den am h\u00e4ufigsten nachgefragten Optionen zur Verladung zementartiger Produkte ausger\u00fcstet. Der Dino Cement hat wegen des h\u00f6heren Sch\u00fcttgewichts des verladenen Produkts eine Kapazit\u00e4t [&hellip;]","og_url":"https:\/\/www.van-beek.nl\/de\/silowagenfuellanlagen\/ausfuehrungen-und-zusatzausstattung\/dino-cement\/","og_site_name":"Van Beek Schroeftransport","article_modified_time":"2025-05-28T11:48:58+00:00","og_image":[{"width":150,"height":180,"url":"https:\/\/www.van-beek.nl\/wp-content\/uploads\/2022\/02\/Dino-Cement.png","type":"image\/png"}],"twitter_card":"summary_large_image","twitter_misc":{"Gesch\u00e4tzte Lesezeit":"2\u00a0Minuten"},"schema":{"@context":"https:\/\/schema.org","@graph":[{"@type":"WebPage","@id":"https:\/\/www.van-beek.nl\/de\/silowagenfuellanlagen\/ausfuehrungen-und-zusatzausstattung\/dino-cement\/","url":"https:\/\/www.van-beek.nl\/de\/silowagenfuellanlagen\/ausfuehrungen-und-zusatzausstattung\/dino-cement\/","name":"- Van Beek Schroeftransport","isPartOf":{"@id":"https:\/\/www.van-beek.nl\/de\/#website"},"primaryImageOfPage":{"@id":"https:\/\/www.van-beek.nl\/de\/silowagenfuellanlagen\/ausfuehrungen-und-zusatzausstattung\/dino-cement\/#primaryimage"},"image":{"@id":"https:\/\/www.van-beek.nl\/de\/silowagenfuellanlagen\/ausfuehrungen-und-zusatzausstattung\/dino-cement\/#primaryimage"},"thumbnailUrl":"https:\/\/www.van-beek.nl\/wp-content\/uploads\/2022\/02\/Dino-Cement.png","datePublished":"2021-11-10T14:33:51+00:00","dateModified":"2025-05-28T11:48:58+00:00","breadcrumb":{"@id":"https:\/\/www.van-beek.nl\/de\/silowagenfuellanlagen\/ausfuehrungen-und-zusatzausstattung\/dino-cement\/#breadcrumb"},"inLanguage":"de","potentialAction":[{"@type":"ReadAction","target":["https:\/\/www.van-beek.nl\/de\/silowagenfuellanlagen\/ausfuehrungen-und-zusatzausstattung\/dino-cement\/"]}]},{"@type":"ImageObject","inLanguage":"de","@id":"https:\/\/www.van-beek.nl\/de\/silowagenfuellanlagen\/ausfuehrungen-und-zusatzausstattung\/dino-cement\/#primaryimage","url":"https:\/\/www.van-beek.nl\/wp-content\/uploads\/2022\/02\/Dino-Cement.png","contentUrl":"https:\/\/www.van-beek.nl\/wp-content\/uploads\/2022\/02\/Dino-Cement.png","width":150,"height":180},{"@type":"BreadcrumbList","@id":"https:\/\/www.van-beek.nl\/de\/silowagenfuellanlagen\/ausfuehrungen-und-zusatzausstattung\/dino-cement\/#breadcrumb","itemListElement":[{"@type":"ListItem","position":1,"name":"Home","item":"https:\/\/www.van-beek.nl\/de\/"},{"@type":"ListItem","position":2,"name":"Dino Silowagenf\u00fcllanlagen","item":"https:\/\/www.van-beek.nl\/de\/silowagenfuellanlagen\/"},{"@type":"ListItem","position":3,"name":"Ausf\u00fchrungen und Zusatzausstattung","item":"https:\/\/www.van-beek.nl\/de\/silowagenfuellanlagen\/ausfuehrungen-und-zusatzausstattung\/"},{"@type":"ListItem","position":4,"name":"Zement-Konfiguration"}]},{"@type":"WebSite","@id":"https:\/\/www.van-beek.nl\/de\/#website","url":"https:\/\/www.van-beek.nl\/de\/","name":"Van Beek Schroeftransport","description":"","publisher":{"@id":"https:\/\/www.van-beek.nl\/de\/#organization"},"potentialAction":[{"@type":"SearchAction","target":{"@type":"EntryPoint","urlTemplate":"https:\/\/www.van-beek.nl\/de\/?s={search_term_string}"},"query-input":{"@type":"PropertyValueSpecification","valueRequired":true,"valueName":"search_term_string"}}],"inLanguage":"de"},{"@type":"Organization","@id":"https:\/\/www.van-beek.nl\/de\/#organization","name":"Transportschroeven- en machinefabriek Van Beek B.V.","url":"https:\/\/www.van-beek.nl\/de\/","logo":{"@type":"ImageObject","inLanguage":"de","@id":"https:\/\/www.van-beek.nl\/de\/#\/schema\/logo\/image\/","url":"https:\/\/van-beek.nl\/wp-content\/uploads\/2020\/04\/VanBeek-logo.png","contentUrl":"https:\/\/van-beek.nl\/wp-content\/uploads\/2020\/04\/VanBeek-logo.png","width":116,"height":22,"caption":"Transportschroeven- en machinefabriek Van Beek B.V."},"image":{"@id":"https:\/\/www.van-beek.nl\/de\/#\/schema\/logo\/image\/"}}]}},"_links":{"self":[{"href":"https:\/\/www.van-beek.nl\/de\/wp-json\/wp\/v2\/pages\/9512","targetHints":{"allow":["GET"]}}],"collection":[{"href":"https:\/\/www.van-beek.nl\/de\/wp-json\/wp\/v2\/pages"}],"about":[{"href":"https:\/\/www.van-beek.nl\/de\/wp-json\/wp\/v2\/types\/page"}],"author":[{"embeddable":true,"href":"https:\/\/www.van-beek.nl\/de\/wp-json\/wp\/v2\/users\/5"}],"replies":[{"embeddable":true,"href":"https:\/\/www.van-beek.nl\/de\/wp-json\/wp\/v2\/comments?post=9512"}],"version-history":[{"count":5,"href":"https:\/\/www.van-beek.nl\/de\/wp-json\/wp\/v2\/pages\/9512\/revisions"}],"predecessor-version":[{"id":13280,"href":"https:\/\/www.van-beek.nl\/de\/wp-json\/wp\/v2\/pages\/9512\/revisions\/13280"}],"up":[{"embeddable":true,"href":"https:\/\/www.van-beek.nl\/de\/wp-json\/wp\/v2\/pages\/3832"}],"wp:featuredmedia":[{"embeddable":true,"href":"https:\/\/www.van-beek.nl\/de\/wp-json\/wp\/v2\/media\/10169"}],"wp:attachment":[{"href":"https:\/\/www.van-beek.nl\/de\/wp-json\/wp\/v2\/media?parent=9512"}],"curies":[{"name":"wp","href":"https:\/\/api.w.org\/{rel}","templated":true}]}}